{"id":22134,"date":"2024-10-20T17:46:43","date_gmt":"2024-10-20T15:46:43","guid":{"rendered":"https:\/\/italiansublimefood.com\/?post_type=product&#038;p=22134"},"modified":"2026-02-21T17:26:12","modified_gmt":"2026-02-21T16:26:12","slug":"vino-chianti-rosso-borgunto","status":"publish","type":"product","link":"https:\/\/italiansublimefood.com\/it\/prodotto\/vino-chianti-rosso-borgunto\/","title":{"rendered":"Vino Chianti Rosso &#8211; Borgunto"},"content":{"rendered":"","protected":false},"excerpt":{"rendered":"<p>Vino Chianti Rosso. Categoria: Vino Rosso. Il vino \u00e8 ottenuto dalla vinificazione di uve Sangiovese, arricchite da piccole quantit\u00e0 di altre variet\u00e0 come Canaiolo nero, Trebbiano Toscano e Malvasia. I vigneti sono situati su terreni collinari perfettamente esposti a sud, per garantire la massima qualit\u00e0 delle uve e conferire al vino le caratteristiche uniche proprie del Chianti. <strong>Note di degustazione: <\/strong><strong>Colore:<\/strong> rosso rubino vivo. <strong>Profumo:<\/strong> fruttato (ribes, more di rovo), floreale (violette di campo). <strong>Sapore:<\/strong> fresco, sapido e vellutato. <strong>Abbinamenti gastronomici consigliati: <\/strong>Adatto ad arrosti, carni alla brace, cacciagione e formaggi. <strong>INFORMAZIONI NUTRIZIONALI:<\/strong> Valori medi per porzione (150ml) per porzione% AR*: Energia 124 kcal 6%, 518 kJ 6%, Grassi 0 g 0%, Grassi Saturi 0 g 0%, Grassi Monoinsaturi 0 g 0%, Grassi Polinsaturi 0 g 0%, Carboidrati 4,01 g 2%, Zuccheri 1,17 g 1%, Fibra 0 0%, Proteine 0,1 g 0%, Sale 0,02 g 0%, Colesterolo 0 mg 0%, Potassio 146 mg 7%. <strong>Gradi alcolici:<\/strong> 13% Vol. <strong>Temperatura di servizio:<\/strong> 18-21\u00b0 C.\u00a0 *<\/p>\n","protected":false},"featured_media":22135,"template":"","meta":[],"product_brand":[],"product_cat":[186],"product_tag":[252],"class_list":{"0":"post-22134","1":"product","2":"type-product","3":"status-publish","4":"has-post-thumbnail","6":"product_cat-vini-birre-e-aceti","7":"product_tag-borgunto","9":"first","10":"instock","11":"taxable","12":"shipping-taxable","13":"purchasable","14":"product-type-simple"},"_links":{"self":[{"href":"https:\/\/italiansublimefood.com\/it\/wp-json\/wp\/v2\/product\/22134","targetHints":{"allow":["GET"]}}],"collection":[{"href":"https:\/\/italiansublimefood.com\/it\/wp-json\/wp\/v2\/product"}],"about":[{"href":"https:\/\/italiansublimefood.com\/it\/wp-json\/wp\/v2\/types\/product"}],"wp:featuredmedia":[{"embeddable":true,"href":"https:\/\/italiansublimefood.com\/it\/wp-json\/wp\/v2\/media\/22135"}],"wp:attachment":[{"href":"https:\/\/italiansublimefood.com\/it\/wp-json\/wp\/v2\/media?parent=22134"}],"wp:term":[{"taxonomy":"product_brand","embeddable":true,"href":"https:\/\/italiansublimefood.com\/it\/wp-json\/wp\/v2\/product_brand?post=22134"},{"taxonomy":"product_cat","embeddable":true,"href":"https:\/\/italiansublimefood.com\/it\/wp-json\/wp\/v2\/product_cat?post=22134"},{"taxonomy":"product_tag","embeddable":true,"href":"https:\/\/italiansublimefood.com\/it\/wp-json\/wp\/v2\/product_tag?post=22134"}],"curies":[{"name":"wp","href":"https:\/\/api.w.org\/{rel}","templated":true}]}}