{"id":20949,"date":"2024-09-26T09:39:46","date_gmt":"2024-09-26T07:39:46","guid":{"rendered":"https:\/\/italiansublimefood.com\/?post_type=product&#038;p=20949"},"modified":"2025-12-05T11:11:09","modified_gmt":"2025-12-05T10:11:09","slug":"tonno-salato-150gr-tonno-mare-mio","status":"publish","type":"product","link":"https:\/\/italiansublimefood.com\/it\/prodotto\/tonno-salato-150gr-tonno-mare-mio\/","title":{"rendered":"TONNO SALATO 150g &#8211; TONNOMAREMIO"},"content":{"rendered":"","protected":false},"excerpt":{"rendered":"<p>Prodotti d\u2019eccellenza. Il Tonno Salato \u00e8 un prodotto ricavato dal tonno rosso fresco del Mar Mediterraneo. Dopo essere stato lavorato con il sale \u00e8 soggetto a stagionatura tramite apposite strutture in grado di riprodurre dei microclimi ideali per la trasformazione del prodotto. Modo d\u2019uso: il sapore del tonno salato \u00e8 molto avvolgente e deciso. Si pu\u00f2 utilizzare come antipasto, tagliato a piccoli cubetti (eventualmente si pu\u00f2 dissalare precedentemente in acqua corrente), pu\u00f2 anche essere abbinato a un\u2019insalata di pomodori e cetrioli. INFORMAZIONI AGGIUNTIVE<br \/>\n-Il Tonno salato \u00e8 un prodotto ricavato dal tonno rosso fresco del Mar Mediterraneo. Non contiene conservanti o altre sostanze aggiuntive. Viene lavorato seguendo le antiche tecniche delle maestranze locali. INGREDIENTI: filetto di tonno (Thunnus albacares), sale marino. ALLERGENI: Pesce (tonno). CONFEZIONE: busta sottovuoto. CARATTERISTICHE ORGANOLETTICHE aspetto: gradevole. Colore: rosato tendente ad ambrato. Profumo: tipico. Gusto: salato. MODALITA\u2019 DI CONSERVAZIONE: prima dell\u2019apertura conservare tra 0\u00b0C e 4\u00b0C, dopo l\u2019apertura conservare tra 0\u00b0c e 4\u00b0C. Consumare entro 20 giorni. VALORI NUTRIZIONALI (Valori medi per 100g di prodotto). ENERGIA KJ\/Kcal: 648\/154. GRASSI: 5.9g (di cui acidi grassi saturi: 2.9g). CARBOIDRATI: 0.0g (di cui zuccheri: 0.0g). PROTEINE: 25.3g. -SALE 25.0g. CARATTERISTICHE MICROBIOLOGICHE (Valori di riferimento limite). CMBT: &lt;10ufc\/g. ENTEROBATTERIACEE: &lt;10ufc\/g. STAFILOCOCCHI COAGULASI: &lt;10ufc\/g. -SALMONELLA SPP: Assente\/25g. LISTERIA MONOCYTOGENES: Assente\/25g. CARATTERISTICHE CHIMICHE\/FISICHE (Valori di riferimento limite). ISTAMINA: 0\u00a0 *<\/p>\n","protected":false},"featured_media":20950,"template":"","meta":[],"product_brand":[],"product_cat":[184],"product_tag":[281],"class_list":{"0":"post-20949","1":"product","2":"type-product","3":"status-publish","4":"has-post-thumbnail","6":"product_cat-prodotti-ittici","7":"product_tag-tonno-mare-mio","9":"first","10":"instock","11":"taxable","12":"shipping-taxable","13":"purchasable","14":"product-type-simple"},"_links":{"self":[{"href":"https:\/\/italiansublimefood.com\/it\/wp-json\/wp\/v2\/product\/20949","targetHints":{"allow":["GET"]}}],"collection":[{"href":"https:\/\/italiansublimefood.com\/it\/wp-json\/wp\/v2\/product"}],"about":[{"href":"https:\/\/italiansublimefood.com\/it\/wp-json\/wp\/v2\/types\/product"}],"wp:featuredmedia":[{"embeddable":true,"href":"https:\/\/italiansublimefood.com\/it\/wp-json\/wp\/v2\/media\/20950"}],"wp:attachment":[{"href":"https:\/\/italiansublimefood.com\/it\/wp-json\/wp\/v2\/media?parent=20949"}],"wp:term":[{"taxonomy":"product_brand","embeddable":true,"href":"https:\/\/italiansublimefood.com\/it\/wp-json\/wp\/v2\/product_brand?post=20949"},{"taxonomy":"product_cat","embeddable":true,"href":"https:\/\/italiansublimefood.com\/it\/wp-json\/wp\/v2\/product_cat?post=20949"},{"taxonomy":"product_tag","embeddable":true,"href":"https:\/\/italiansublimefood.com\/it\/wp-json\/wp\/v2\/product_tag?post=20949"}],"curies":[{"name":"wp","href":"https:\/\/api.w.org\/{rel}","templated":true}]}}