{"id":20786,"date":"2024-09-25T11:48:30","date_gmt":"2024-09-25T09:48:30","guid":{"rendered":"https:\/\/italiansublimefood.com\/?post_type=product&#038;p=20786"},"modified":"2025-12-05T11:11:46","modified_gmt":"2025-12-05T10:11:46","slug":"bresaola-di-tonno-aromatizzata-al-pepe-nero-900gr-tonno-mare-mio","status":"publish","type":"product","link":"https:\/\/italiansublimefood.com\/it\/prodotto\/bresaola-di-tonno-aromatizzata-al-pepe-nero-900gr-tonno-mare-mio\/","title":{"rendered":"BRESAOLA DI TONNO AROMATIZZATA AL PEPE NERO 900gr &#8211; TONNOMAREMIO"},"content":{"rendered":"","protected":false},"excerpt":{"rendered":"<p>La Bresaola di Tonno aromatizzata al pepe nero deriva da una delle parti pi\u00f9 tenere del Tonno a Pinne Gialle, in seguito tale parte viene salata a mano e stagionata in apposite strutture. <strong>Modo d\u2019uso<\/strong>: Il sapore della Bresaola di Tonno aromatizzata al pepe nero \u00e8 intenso e deciso, le note leggermente piccanti rendono la sua carne ancora pi\u00f9 piacevole al palato. \u00c8 un prodotto fresco, ideale per essere servito come antipasto con l\u2019aggiunta di un filo d\u2019olio o da gustare come piatto completo con un contorno di rucola e mozzarella. INFORMAZIONI AGGIUNTIVE: Bresaola di Tonno aromatizzata al pepe Nero. Non contiene conservanti o altre sostanze aggiuntive. INGREDIENTI: Filetto di tonno (Thunnus albacares), sale marino, pepe nero. ALLERGENI: Pesce (tonno a pinne gialle). CONFEZIONE: Busta sottovuoto. CARATTERISTICHE ORGANOLETTICHE: Aspetto gradevole, Colore bruno, Profumo tipico, Gusto piacevolmente salato e piccante. MODALITA\u2019 DI CONSERVAZIONE: Prima dell\u2019apertura conservare tra 0\u00b0C e 4\u00b0C. Dopo l\u2019apertura conservare tra 0\u00b0C e 4\u00b0C. Consumare entro 20 giorni. VALORI NUTRIZIONALI (Valori medi per 100g di prodotto): ENERGIA KJ\/Kcal: 1088\/260, GRASSI: 13.05g di cui acidi grassi saturi: 5.2g, CARBOIDRATI: 0.0g di cui zuccheri: 0.0g, PROTEINE: 35.7g, SALE: 3.0g. CARATTERISTICHE MICROBIOLOGICHE (Valori di riferimento limite): CMBT: &lt;10ufc\/g, ENTEROBATTERIACEE: &lt;10ufc\/g, STAFILOCOCCHI COAGULASI: &lt;10ufc\/g, SALMONELLA SPP: Assente\/25g, LISTERIA MONOCYTOGENES: Assente\/25g. &#8211; CARATTERISTICHE CHIMICHE\/FISICHE (Valori di riferimento limite): ISTAMINA: 0<\/p>\n","protected":false},"featured_media":20769,"template":"","meta":[],"product_brand":[],"product_cat":[184],"product_tag":[281],"class_list":{"0":"post-20786","1":"product","2":"type-product","3":"status-publish","4":"has-post-thumbnail","6":"product_cat-prodotti-ittici","7":"product_tag-tonno-mare-mio","9":"first","10":"instock","11":"taxable","12":"shipping-taxable","13":"purchasable","14":"product-type-simple"},"_links":{"self":[{"href":"https:\/\/italiansublimefood.com\/it\/wp-json\/wp\/v2\/product\/20786","targetHints":{"allow":["GET"]}}],"collection":[{"href":"https:\/\/italiansublimefood.com\/it\/wp-json\/wp\/v2\/product"}],"about":[{"href":"https:\/\/italiansublimefood.com\/it\/wp-json\/wp\/v2\/types\/product"}],"wp:featuredmedia":[{"embeddable":true,"href":"https:\/\/italiansublimefood.com\/it\/wp-json\/wp\/v2\/media\/20769"}],"wp:attachment":[{"href":"https:\/\/italiansublimefood.com\/it\/wp-json\/wp\/v2\/media?parent=20786"}],"wp:term":[{"taxonomy":"product_brand","embeddable":true,"href":"https:\/\/italiansublimefood.com\/it\/wp-json\/wp\/v2\/product_brand?post=20786"},{"taxonomy":"product_cat","embeddable":true,"href":"https:\/\/italiansublimefood.com\/it\/wp-json\/wp\/v2\/product_cat?post=20786"},{"taxonomy":"product_tag","embeddable":true,"href":"https:\/\/italiansublimefood.com\/it\/wp-json\/wp\/v2\/product_tag?post=20786"}],"curies":[{"name":"wp","href":"https:\/\/api.w.org\/{rel}","templated":true}]}}