{"id":20754,"date":"2024-09-25T11:23:06","date_gmt":"2024-09-25T09:23:06","guid":{"rendered":"https:\/\/italiansublimefood.com\/?post_type=product&#038;p=20754"},"modified":"2025-12-05T11:14:27","modified_gmt":"2025-12-05T10:14:27","slug":"bresaola-di-tonno-300gr-tonno-mare-mio","status":"publish","type":"product","link":"https:\/\/italiansublimefood.com\/it\/prodotto\/bresaola-di-tonno-300gr-tonno-mare-mio\/","title":{"rendered":"BRESAOLA DI TONNO 300gr &#8211; TONNOMAREMIO"},"content":{"rendered":"","protected":false},"excerpt":{"rendered":"<p>Definito in dialetto Trapanese \u201cTunnina\u201c. La Bresaola di Tonno deriva da una delle parti pi\u00f9 tenere del Tonno a Pinne gialle in seguito tale parte viene salata a mano e stagionata in apposite strutture. <strong>Modo d&#8217;uso<\/strong>: Il sapore della Bresaola di Tonno \u00e8 intenso e fresco, la consistenza della carne per\u00f2 \u00e8 morbida e delicata al palato. La Bresaola di Tonno \u00e8 un prodotto fresco, ideale per essere servito come antipasto con l\u2019aggiunta di un filo d\u2019olio o da gustare come piatto completo con un contorno di rucola e mozzarella. INFORMAZIONI AGGIUNTIVE: Non contiene conservanti o altre sostanze aggiuntive. INGREDIENTI: Filetto di tonno (Thunnus albacares), sale marino. ALLERGENI: Pesce (tonno a pinne gialle). CONFEZIONE: Busta sottovuoto. CARATTERISTICHE ORGANOLETTICHE: Aspetto gradevole, Colore bruno, Profumo tipico, Gusto piacevolmente salato. MODALITA\u2019 DI CONSERVAZIONE: Prima dell\u2019apertura conservare tra 0\u00b0C e 4\u00b0C. Dopo l\u2019apertura conservare tra 0\u00b0C e 4\u00b0C. Consumare entro 20 giorni. VALORI NUTRIZIONALI (Valori medi per 100g di prodotto): ENERGIA KJ\/Kcal: 718\/170, GRASSI: 3.5g di cui acidi grassi saturi: 1.0g, CARBOIDRATI: 0.0g di cui zuccheri: 0.0g, PROTEINE: 34.6g, SALE: 2.0g. CARATTERISTICHE MICROBIOLOGICHE (Valori di riferimento limite): CMBT: &lt;10 ufc\/g, ENTEROBATTERIACEE: &lt;10 ufc\/g, STAFILOCOCCHI COAGULASI: &lt;10 ufc\/g, SALMONELLA SPP: Assente\/25g, LISTERIA MONOCYTOGENES: Assente\/25g. CARATTERISTICHE CHIMICHE\/FISICHE (Valori di riferimento limite): ISTAMINA: 0g.<\/p>\n","protected":false},"featured_media":20749,"template":"","meta":[],"product_brand":[],"product_cat":[184],"product_tag":[281],"class_list":{"0":"post-20754","1":"product","2":"type-product","3":"status-publish","4":"has-post-thumbnail","6":"product_cat-prodotti-ittici","7":"product_tag-tonno-mare-mio","9":"first","10":"instock","11":"taxable","12":"shipping-taxable","13":"purchasable","14":"product-type-simple"},"_links":{"self":[{"href":"https:\/\/italiansublimefood.com\/it\/wp-json\/wp\/v2\/product\/20754","targetHints":{"allow":["GET"]}}],"collection":[{"href":"https:\/\/italiansublimefood.com\/it\/wp-json\/wp\/v2\/product"}],"about":[{"href":"https:\/\/italiansublimefood.com\/it\/wp-json\/wp\/v2\/types\/product"}],"wp:featuredmedia":[{"embeddable":true,"href":"https:\/\/italiansublimefood.com\/it\/wp-json\/wp\/v2\/media\/20749"}],"wp:attachment":[{"href":"https:\/\/italiansublimefood.com\/it\/wp-json\/wp\/v2\/media?parent=20754"}],"wp:term":[{"taxonomy":"product_brand","embeddable":true,"href":"https:\/\/italiansublimefood.com\/it\/wp-json\/wp\/v2\/product_brand?post=20754"},{"taxonomy":"product_cat","embeddable":true,"href":"https:\/\/italiansublimefood.com\/it\/wp-json\/wp\/v2\/product_cat?post=20754"},{"taxonomy":"product_tag","embeddable":true,"href":"https:\/\/italiansublimefood.com\/it\/wp-json\/wp\/v2\/product_tag?post=20754"}],"curies":[{"name":"wp","href":"https:\/\/api.w.org\/{rel}","templated":true}]}}