{"id":20704,"date":"2024-09-25T10:07:43","date_gmt":"2024-09-25T08:07:43","guid":{"rendered":"https:\/\/italiansublimefood.com\/?post_type=product&#038;p=20704"},"modified":"2026-02-21T17:30:11","modified_gmt":"2026-02-21T16:30:11","slug":"pelu-elisir-liquori","status":"publish","type":"product","link":"https:\/\/italiansublimefood.com\/it\/prodotto\/pelu-elisir-liquori\/","title":{"rendered":"Pel\u00f9 &#8211; Elisir Liquori"},"content":{"rendered":"","protected":false},"excerpt":{"rendered":"<p>Il Pel\u00f9 \u00e8 una crema di liquore nata per puro caso, da un incontro fortuito con un noto personaggio durante una rassegna di vini in un paesino della Baronia, dove questo gradito ospite ha degustato i nostri prodotti facendo un mix dal quale ha preso vita il Pel\u00f9. Questa crema di liquore si ottiene da una base di crema di pompia, aggiunta di acquavite pi\u00f9 aroma di anice stellata. Liquore creato interamente da Elisir. Formato: 0,70 cl. Colore: dorato opaco. Ingredienti: Alcool, zucchero, scorza di pompia, acquavite, essenza di vaniglia. Prodotto e imbottigliato da: Elisir Liquori. IDEALE SERVIRE FRESCO. AGITARE PRIMA DI SERVIRE.<\/p>\n","protected":false},"featured_media":20705,"template":"","meta":[],"product_brand":[],"product_cat":[176],"product_tag":[262],"class_list":{"0":"post-20704","1":"product","2":"type-product","3":"status-publish","4":"has-post-thumbnail","6":"product_cat-bevande-varie","7":"product_tag-elisir-liquori","9":"first","10":"instock","11":"taxable","12":"shipping-taxable","13":"purchasable","14":"product-type-simple"},"_links":{"self":[{"href":"https:\/\/italiansublimefood.com\/it\/wp-json\/wp\/v2\/product\/20704","targetHints":{"allow":["GET"]}}],"collection":[{"href":"https:\/\/italiansublimefood.com\/it\/wp-json\/wp\/v2\/product"}],"about":[{"href":"https:\/\/italiansublimefood.com\/it\/wp-json\/wp\/v2\/types\/product"}],"wp:featuredmedia":[{"embeddable":true,"href":"https:\/\/italiansublimefood.com\/it\/wp-json\/wp\/v2\/media\/20705"}],"wp:attachment":[{"href":"https:\/\/italiansublimefood.com\/it\/wp-json\/wp\/v2\/media?parent=20704"}],"wp:term":[{"taxonomy":"product_brand","embeddable":true,"href":"https:\/\/italiansublimefood.com\/it\/wp-json\/wp\/v2\/product_brand?post=20704"},{"taxonomy":"product_cat","embeddable":true,"href":"https:\/\/italiansublimefood.com\/it\/wp-json\/wp\/v2\/product_cat?post=20704"},{"taxonomy":"product_tag","embeddable":true,"href":"https:\/\/italiansublimefood.com\/it\/wp-json\/wp\/v2\/product_tag?post=20704"}],"curies":[{"name":"wp","href":"https:\/\/api.w.org\/{rel}","templated":true}]}}