{"id":20601,"date":"2024-09-24T17:29:42","date_gmt":"2024-09-24T15:29:42","guid":{"rendered":"https:\/\/italiansublimefood.com\/?post_type=product&#038;p=20601"},"modified":"2026-03-13T21:56:56","modified_gmt":"2026-03-13T20:56:56","slug":"farina-di-grano-duro-senatore-capelli-5kg-mulino-val-dorcia","status":"publish","type":"product","link":"https:\/\/italiansublimefood.com\/it\/prodotto\/farina-di-grano-duro-senatore-capelli-5kg-mulino-val-dorcia\/","title":{"rendered":"FARINA DI GRANO DURO SENATORE CAPELLI 5kg &#8211; Mulino Val d&#8217;Orcia"},"content":{"rendered":"","protected":false},"excerpt":{"rendered":"<p>Tutta Farina del nostro Sacco! <strong>MACINATA A PIETRA.\u00a0<\/strong>Farina di grano duro Senatore Cappelli macinata a pietra Biologica. Il grano duro variet\u00e0 Senatore Cappelli \u00e8 una pregata variet\u00e0 antica di grano duro. Il sapore, gli aromi ed i contenuti nutrizionali si sono preservati inalterati nel tempo. E\u2019 ricca di elementi nutritivi come lipidi, aminoacidi, vitamine e minerali e per questo gli esperti attribuiscono a questa farina un\u2019elevata tollerabilit\u00e0. Essendo un grano molto duro \u00e8 particolarmente adatto per la pasta che rimane sempre al dente. <strong>Periodo di conservazione: <\/strong>3 mesi.<\/p>\n","protected":false},"featured_media":22618,"template":"","meta":[],"product_brand":[],"product_cat":[183],"product_tag":[271],"class_list":{"0":"post-20601","1":"product","2":"type-product","3":"status-publish","4":"has-post-thumbnail","6":"product_cat-pasta-pane-e-affini","7":"product_tag-mulino-val-dorcia","9":"first","10":"instock","11":"taxable","12":"shipping-taxable","13":"purchasable","14":"product-type-simple"},"_links":{"self":[{"href":"https:\/\/italiansublimefood.com\/it\/wp-json\/wp\/v2\/product\/20601","targetHints":{"allow":["GET"]}}],"collection":[{"href":"https:\/\/italiansublimefood.com\/it\/wp-json\/wp\/v2\/product"}],"about":[{"href":"https:\/\/italiansublimefood.com\/it\/wp-json\/wp\/v2\/types\/product"}],"wp:featuredmedia":[{"embeddable":true,"href":"https:\/\/italiansublimefood.com\/it\/wp-json\/wp\/v2\/media\/22618"}],"wp:attachment":[{"href":"https:\/\/italiansublimefood.com\/it\/wp-json\/wp\/v2\/media?parent=20601"}],"wp:term":[{"taxonomy":"product_brand","embeddable":true,"href":"https:\/\/italiansublimefood.com\/it\/wp-json\/wp\/v2\/product_brand?post=20601"},{"taxonomy":"product_cat","embeddable":true,"href":"https:\/\/italiansublimefood.com\/it\/wp-json\/wp\/v2\/product_cat?post=20601"},{"taxonomy":"product_tag","embeddable":true,"href":"https:\/\/italiansublimefood.com\/it\/wp-json\/wp\/v2\/product_tag?post=20601"}],"curies":[{"name":"wp","href":"https:\/\/api.w.org\/{rel}","templated":true}]}}