{"id":20575,"date":"2024-09-24T17:20:09","date_gmt":"2024-09-24T15:20:09","guid":{"rendered":"https:\/\/italiansublimefood.com\/?post_type=product&#038;p=20575"},"modified":"2026-03-13T22:12:31","modified_gmt":"2026-03-13T21:12:31","slug":"farina-tipo-1-verna-5kg-mulino-val-dorcia","status":"publish","type":"product","link":"https:\/\/italiansublimefood.com\/it\/prodotto\/farina-tipo-1-verna-5kg-mulino-val-dorcia\/","title":{"rendered":"FARINA TIPO 1 VERNA 5kg &#8211; Mulino Val d&#8217;Orcia"},"content":{"rendered":"","protected":false},"excerpt":{"rendered":"<p>Tutta Farina del nostro Sacco! Farina Tipo 1 di grano tenero Verna biologico macinata a pietra. Prodotto biologico. La \u201ctipo 1\u201d \u00e8 il massimo grado di raffinazione che si ottiene dalla macinazione a pietra ed \u00e8 quindi la pi\u00f9 versatile. Questa farina \u00e8 adatta alla realizzazione di prodotti da forno, dolci, pizza e pasta fatta in casa. <strong>Periodo di conservazione:<\/strong> 6 mesi.<\/p>\n","protected":false},"featured_media":22652,"template":"","meta":[],"product_brand":[],"product_cat":[183],"product_tag":[271],"class_list":{"0":"post-20575","1":"product","2":"type-product","3":"status-publish","4":"has-post-thumbnail","6":"product_cat-pasta-pane-e-affini","7":"product_tag-mulino-val-dorcia","9":"first","10":"instock","11":"taxable","12":"shipping-taxable","13":"purchasable","14":"product-type-simple"},"_links":{"self":[{"href":"https:\/\/italiansublimefood.com\/it\/wp-json\/wp\/v2\/product\/20575","targetHints":{"allow":["GET"]}}],"collection":[{"href":"https:\/\/italiansublimefood.com\/it\/wp-json\/wp\/v2\/product"}],"about":[{"href":"https:\/\/italiansublimefood.com\/it\/wp-json\/wp\/v2\/types\/product"}],"wp:featuredmedia":[{"embeddable":true,"href":"https:\/\/italiansublimefood.com\/it\/wp-json\/wp\/v2\/media\/22652"}],"wp:attachment":[{"href":"https:\/\/italiansublimefood.com\/it\/wp-json\/wp\/v2\/media?parent=20575"}],"wp:term":[{"taxonomy":"product_brand","embeddable":true,"href":"https:\/\/italiansublimefood.com\/it\/wp-json\/wp\/v2\/product_brand?post=20575"},{"taxonomy":"product_cat","embeddable":true,"href":"https:\/\/italiansublimefood.com\/it\/wp-json\/wp\/v2\/product_cat?post=20575"},{"taxonomy":"product_tag","embeddable":true,"href":"https:\/\/italiansublimefood.com\/it\/wp-json\/wp\/v2\/product_tag?post=20575"}],"curies":[{"name":"wp","href":"https:\/\/api.w.org\/{rel}","templated":true}]}}