{"id":20530,"date":"2024-09-24T11:36:25","date_gmt":"2024-09-24T09:36:25","guid":{"rendered":"https:\/\/italiansublimefood.com\/?post_type=product&#038;p=20530"},"modified":"2026-03-13T22:33:10","modified_gmt":"2026-03-13T21:33:10","slug":"farro-monococco-5kg-mulino-val-dorcia","status":"publish","type":"product","link":"https:\/\/italiansublimefood.com\/it\/prodotto\/farro-monococco-5kg-mulino-val-dorcia\/","title":{"rendered":"FARRO MONOCOCCO 5kg &#8211; Mulino Val d&#8217;Orcia"},"content":{"rendered":"","protected":false},"excerpt":{"rendered":"<p>Farro Monococco biologico perlato prodotto e confezionato in Val d\u2019Orcia dall\u2019azienda Mulino Val d\u2019Orcia.\u2028 Il farro \u00e8 il cereale meno calorico e grazie al suo alto contenuto proteico (pari al 15%), combinato con i legumi, \u00e8 adatto per piatti unici deliziosi e non troppo calorici. \u00c8 inoltre ricco di fibre, utili per rallentare la fame e regolarizzare il transito intestinale. Non richiede ammollo, si cucina velocemente.<\/p>\n","protected":false},"featured_media":22609,"template":"","meta":[],"product_brand":[],"product_cat":[183],"product_tag":[271],"class_list":{"0":"post-20530","1":"product","2":"type-product","3":"status-publish","4":"has-post-thumbnail","6":"product_cat-pasta-pane-e-affini","7":"product_tag-mulino-val-dorcia","9":"first","10":"instock","11":"taxable","12":"shipping-taxable","13":"purchasable","14":"product-type-simple"},"_links":{"self":[{"href":"https:\/\/italiansublimefood.com\/it\/wp-json\/wp\/v2\/product\/20530","targetHints":{"allow":["GET"]}}],"collection":[{"href":"https:\/\/italiansublimefood.com\/it\/wp-json\/wp\/v2\/product"}],"about":[{"href":"https:\/\/italiansublimefood.com\/it\/wp-json\/wp\/v2\/types\/product"}],"wp:featuredmedia":[{"embeddable":true,"href":"https:\/\/italiansublimefood.com\/it\/wp-json\/wp\/v2\/media\/22609"}],"wp:attachment":[{"href":"https:\/\/italiansublimefood.com\/it\/wp-json\/wp\/v2\/media?parent=20530"}],"wp:term":[{"taxonomy":"product_brand","embeddable":true,"href":"https:\/\/italiansublimefood.com\/it\/wp-json\/wp\/v2\/product_brand?post=20530"},{"taxonomy":"product_cat","embeddable":true,"href":"https:\/\/italiansublimefood.com\/it\/wp-json\/wp\/v2\/product_cat?post=20530"},{"taxonomy":"product_tag","embeddable":true,"href":"https:\/\/italiansublimefood.com\/it\/wp-json\/wp\/v2\/product_tag?post=20530"}],"curies":[{"name":"wp","href":"https:\/\/api.w.org\/{rel}","templated":true}]}}