{"id":20373,"date":"2024-09-23T10:46:10","date_gmt":"2024-09-23T08:46:10","guid":{"rendered":"https:\/\/italiansublimefood.com\/?post_type=product&#038;p=20373"},"modified":"2025-12-05T09:11:13","modified_gmt":"2025-12-05T08:11:13","slug":"crema-al-pistacchio-200g-augusto-79","status":"publish","type":"product","link":"https:\/\/italiansublimefood.com\/it\/prodotto\/crema-al-pistacchio-200g-augusto-79\/","title":{"rendered":"Crema al pistacchio 200g &#8211; Augusto 79"},"content":{"rendered":"","protected":false},"excerpt":{"rendered":"<p>&#8211; Benvenuti nel mondo irresistibile della nostra crema di pistacchio! Questa golosa prelibatezza \u00e8 molto pi\u00f9 di una semplice crema spalmabile; \u00e8 un\u2019esplosione di sapore che conquista i palati di grandi e piccini.\u00a0Con il 40% di pistacchi nella sua composizione, la nostra crema \u00e8 una scelta\u00a0<strong>deliziosa e nutriente<\/strong> per tutti i momenti di dolcezza. Acquistando un barattolo scoprirete perch\u00e9 la nostra crema al pistacchio \u00e8 cos\u00ec speciale e versatile, perfetta da gustare al cucchiaio o per arricchire una vasta gamma di ricette. Inoltre, \u00e8 una soluzione ideale per le persone celiache, poich\u00e9 \u00e8 completamente priva di glutine. Perch\u00e8 scegliere la nostra crma al pistacchio?<\/p>\n<p>\ud83d\udc9a\u00a040 % di Pistacchio<br \/>\n<span class=\"a-list-item\">\ud83d\udc4dProdotto artigianale<\/span><br \/>\n\ud83c\udf6a\u00a0Senza glutine<br \/>\n\ud83c\udf3fCon Inulina, la fibra super benefica<br \/>\n<span class=\"a-list-item\">\ud83d\udc68\u200d\ud83c\udf73\u00a0Ottima per le ricette<\/span><br \/>\n\u2615Ideale per la colazione<\/p>\n","protected":false},"featured_media":20374,"template":"","meta":[],"product_brand":[],"product_cat":[178],"product_tag":[249],"class_list":{"0":"post-20373","1":"product","2":"type-product","3":"status-publish","4":"has-post-thumbnail","6":"product_cat-dolci-confetture-e-mieli","7":"product_tag-augusto-79","9":"first","10":"instock","11":"taxable","12":"shipping-taxable","13":"purchasable","14":"product-type-simple"},"_links":{"self":[{"href":"https:\/\/italiansublimefood.com\/it\/wp-json\/wp\/v2\/product\/20373","targetHints":{"allow":["GET"]}}],"collection":[{"href":"https:\/\/italiansublimefood.com\/it\/wp-json\/wp\/v2\/product"}],"about":[{"href":"https:\/\/italiansublimefood.com\/it\/wp-json\/wp\/v2\/types\/product"}],"wp:featuredmedia":[{"embeddable":true,"href":"https:\/\/italiansublimefood.com\/it\/wp-json\/wp\/v2\/media\/20374"}],"wp:attachment":[{"href":"https:\/\/italiansublimefood.com\/it\/wp-json\/wp\/v2\/media?parent=20373"}],"wp:term":[{"taxonomy":"product_brand","embeddable":true,"href":"https:\/\/italiansublimefood.com\/it\/wp-json\/wp\/v2\/product_brand?post=20373"},{"taxonomy":"product_cat","embeddable":true,"href":"https:\/\/italiansublimefood.com\/it\/wp-json\/wp\/v2\/product_cat?post=20373"},{"taxonomy":"product_tag","embeddable":true,"href":"https:\/\/italiansublimefood.com\/it\/wp-json\/wp\/v2\/product_tag?post=20373"}],"curies":[{"name":"wp","href":"https:\/\/api.w.org\/{rel}","templated":true}]}}