{"id":20313,"date":"2024-09-20T09:26:08","date_gmt":"2024-09-20T07:26:08","guid":{"rendered":"https:\/\/italiansublimefood.com\/?post_type=product&#038;p=20313"},"modified":"2025-12-04T10:08:55","modified_gmt":"2025-12-04T09:08:55","slug":"taralli-gusto-classico-170g-nonna-marida","status":"publish","type":"product","link":"https:\/\/italiansublimefood.com\/it\/prodotto\/taralli-gusto-classico-170g-nonna-marida\/","title":{"rendered":"TARALLI GUSTO CLASSICO 170G &#8211; Nonna Marida"},"content":{"rendered":"","protected":false},"excerpt":{"rendered":"<p>&#8211; Esplora il Gusto Autentico con i Nostri Taralli al Gusto Classico! I nostri Taralli al Gusto Classico sono un inno al sapore tradizionale, avvolto in una consistenza croccante che conquister\u00e0 ogni morso. Soddisfa i tuoi desideri di uno snack audace e piccante con questa delizia unica. Caratteristiche dei Nostri Taralli al Gusto Classico: Gusto Autentico: Riscopri il sapore genuino della tradizione culinaria con ogni tarallo. Consistenza Croccante: La croccantezza irresistibile \u00e8 la firma di ogni tarallo, rendendoli la scelta perfetta per uno snack soddisfacente. Come Gustare i Nostri Taralli al Gusto Classico: Aperitivo Perfetto: Servili durante l&#8217;aperitivo per aggiungere un tocco di autenticit\u00e0 a ogni incontro. Spuntino Sano: Soddisfa la tua voglia di croccantezza con un&#8217;opzione sana e gustosa. Accompagnamento Ideale: Accompagna i tuoi piatti preferiti con questi taralli per un tocco di originalit\u00e0. Perch\u00e9 Scegliere i Nostri Taralli al Gusto Classico: Ingredienti di Alta Qualit\u00e0: Utilizziamo solo ingredienti di prima qualit\u00e0 per garantire un sapore autentico e genuino. Versatilit\u00e0 Unica: Dai alle tue pause gourmet un tocco distintivo con i nostri taralli al gusto classico.<\/p>\n<p><strong>-Ingredienti: <\/strong>Farina di grano tenero tipo 00, vino bianco , olio di girasole alto oleico, olio extravergine di oliva, sale. <strong>Metodo di produzione: <\/strong>Confezionamento. <strong>Allergeni: <\/strong>Glutine- Solfiti. <strong>OGM: <\/strong>Assenti. <strong>Valori nutrizionali ( valori medi su 100 g di prodotto):<\/strong> Valore energetico 1824 Kj \/ 434 Kcal Grassi 15.01g( di cui acidi grassi saturi 7.4 g), Carboidrati 64.5g( di cui zuccheri 1.5g), Proteine 10.1g, Sale 1.3g. <strong>Analisi microbiologica: <\/strong>Conta di microrganismi a 30\u00b0 C &lt; 10000 UFC\/g, Muffe &lt; 10 UFC\/g, Lieviti &lt; 10 UFC\/g. <strong>Listeria monocytogenes: <\/strong>Assente in 25 g.<strong> ETICHETTATURA<\/strong> ( Rif. Reg UE 1169\/11 e s.m.i): Le etichette riportate sul prodotto all&#8217;atto del confezionamento sono conformi alle normative in vigore. Ogni prodotto riporta in etichetta un numero di lotto. Tutto il sistema di tracciabilit\u00e0 si relaziona alle modalit\u00e0 di produzione fino a risalire alle materie prime ed agli imballaggi. (Reg CE 178\/2002 e normative collegate). Bustina (Plastica) PP5 Raccolta PLASTICA. Etichetta (Carta) PAP 22 Carta. Prodotto per tutti. Idoneo all\u2019alimentazione vegana e vegetariana. Prodotto pronto all\u2019uso. Modalit\u00e0 di stoccaggio: In luogo fresco e asciutto lontano da fonti di luce e calore. <strong>Shelf life<\/strong> 6 mesi. Confezione da 170 g. Imballaggio<strong>:<\/strong> Bustine trasparenti per alimenti. Modalit\u00e0 di trasporto: In regime non refrigerato.<\/p>\n","protected":false},"featured_media":21775,"template":"","meta":[],"product_brand":[],"product_cat":[183],"product_tag":[272],"class_list":{"0":"post-20313","1":"product","2":"type-product","3":"status-publish","4":"has-post-thumbnail","6":"product_cat-pasta-pane-e-affini","7":"product_tag-nonna-marida","9":"first","10":"instock","11":"taxable","12":"shipping-taxable","13":"purchasable","14":"product-type-simple"},"_links":{"self":[{"href":"https:\/\/italiansublimefood.com\/it\/wp-json\/wp\/v2\/product\/20313","targetHints":{"allow":["GET"]}}],"collection":[{"href":"https:\/\/italiansublimefood.com\/it\/wp-json\/wp\/v2\/product"}],"about":[{"href":"https:\/\/italiansublimefood.com\/it\/wp-json\/wp\/v2\/types\/product"}],"wp:featuredmedia":[{"embeddable":true,"href":"https:\/\/italiansublimefood.com\/it\/wp-json\/wp\/v2\/media\/21775"}],"wp:attachment":[{"href":"https:\/\/italiansublimefood.com\/it\/wp-json\/wp\/v2\/media?parent=20313"}],"wp:term":[{"taxonomy":"product_brand","embeddable":true,"href":"https:\/\/italiansublimefood.com\/it\/wp-json\/wp\/v2\/product_brand?post=20313"},{"taxonomy":"product_cat","embeddable":true,"href":"https:\/\/italiansublimefood.com\/it\/wp-json\/wp\/v2\/product_cat?post=20313"},{"taxonomy":"product_tag","embeddable":true,"href":"https:\/\/italiansublimefood.com\/it\/wp-json\/wp\/v2\/product_tag?post=20313"}],"curies":[{"name":"wp","href":"https:\/\/api.w.org\/{rel}","templated":true}]}}