{"id":20304,"date":"2024-09-20T09:21:32","date_gmt":"2024-09-20T07:21:32","guid":{"rendered":"https:\/\/italiansublimefood.com\/?post_type=product&#038;p=20304"},"modified":"2025-10-06T11:13:42","modified_gmt":"2025-10-06T09:13:42","slug":"taralli-gusto-arrabbiata-170g-nonna-marida","status":"publish","type":"product","link":"https:\/\/italiansublimefood.com\/it\/prodotto\/taralli-gusto-arrabbiata-170g-nonna-marida\/","title":{"rendered":"TARALLI GUSTO ARRABBIATA 170G &#8211; Nonna Marida"},"content":{"rendered":"","protected":false},"excerpt":{"rendered":"<p>&#8211; Esperienza Piccante con i Taralli Gusto Arrabbiata! I nostri Taralli Gusto Arrabbiata sono un invito a un&#8217;esplosione di sapori piccanti che conquisteranno il tuo palato con ogni morso. Croccanti e irresistibili, sono la scelta perfetta per gli amanti del gusto audace. Caratteristiche dei Nostri Taralli Gusto Arrabbiata: Piccantezza Eccitante: Sperimenta la giusta quantit\u00e0 di piccantezza che aggiunge un tocco emozionante al tuo snack. Consistenza Croccante: La croccantezza unica dei taralli si fonde armoniosamente con la nota piccante, creando un&#8217;esperienza indimenticabile. Come Gustare i Nostri Taralli Gusto Arrabbiata: Aperitivo con Amici: Condividi questi taralli durante l&#8217;aperitivo per sorprendere gli amici con una nuova dimensione di sapore. Accompagnamento al Vino Rosso: Abbinati a un bicchiere di vino rosso per esaltare l&#8217;aroma e la complessit\u00e0 del tuo drink. Spuntino dal Carattere Unico: Soddisfa la tua voglia di piccantezza con uno snack che va al di l\u00e0 del normale. Perch\u00e9 Scegliere i Nostri Taralli Gusto Arrabbiata: Equilibrio Perfetto: La combinazione bilanciata di piccantezza e croccantezza ti regala un&#8217;esperienza gustativa completa. Ingredienti di Qualit\u00e0: Utilizziamo solo ingredienti di alta qualit\u00e0 per garantire il massimo sapore e la freschezza.<\/p>\n<p><strong>-Ingredienti:<\/strong> Farina di grano tenero tipo 00, vino bianco, olio di\u00a0 semi di girasole alto oleico, olio extravergine di oliva, pomodori secchi 5%, sale, peperoncino piccante 1%.<strong> Metodo di produzione<\/strong> Confezionamento Allergene Glutine \u2013 Solfiti Pu\u00f2 contenere tracce di Soia, Sesamo, Senape. <strong>OGM: <\/strong>Assenti <strong>Valori nutrizionali\u00a0 ( valori medi su 100 g di prodotto): <\/strong>Valore energetico 1824 Kj \/ 434 Kcal Grassi 15.01 g (di cui acidi grassi saturi\u00a0 7.4 g), Carboidrati 64.5 g( di cui zuccheri 1.5 g), Proteine 10.1g, Sale 5.1 g. <strong>Analisi microbiologica:<\/strong>Conta di microrganismi a 30\u00b0 C &lt; 10000 UFC\/g, Muffe &lt; 10 UFC\/g, Lieviti &lt; 10 UFC\/g. <strong>Listeria monocytogenes:<\/strong> Assente\u00a0 in 25 g.<strong> ETICHETTATURA<\/strong> ( Rif. Reg UE\u00a0 1169\/11 e s.m.i): Le etichette riportate sul prodotto all&#8217;atto del confezionamento sono conformi alle normative in vigore. Ogni prodotto riporta in etichetta un numero di lotto. Tutto il sistema di tracciabilit\u00e0 si relaziona\u00a0 alle modalit\u00e0 di produzione f ino a risalire alle materie prime ed agli imballaggi. (Reg CE 178\/2002 e normative collegate). Bustina (Plastica) PP5 Raccolta PLASTICA. Etichetta (Carta) PAP 22 Carta. Prodotto per tutti. Idoneo all\u2019alimentazione vegana e vegetariana. Prodotto pronto all\u2019uso. Conservare in luogo fresco e asciutto lontano da fonti di luce e calore.<strong> Shelf life<\/strong> 6 mesi. Confezione da 170 g. Descrizione imballaggio: Bustine trasparenti per alimenti. Modalit\u00e0 di trasporto: In regime non refrigerato.<\/p>\n","protected":false},"featured_media":20305,"template":"","meta":[],"product_brand":[],"product_cat":[183],"product_tag":[272],"class_list":{"0":"post-20304","1":"product","2":"type-product","3":"status-publish","4":"has-post-thumbnail","6":"product_cat-pasta-pane-e-affini","7":"product_tag-nonna-marida","9":"first","10":"instock","11":"taxable","12":"shipping-taxable","13":"purchasable","14":"product-type-simple"},"_links":{"self":[{"href":"https:\/\/italiansublimefood.com\/it\/wp-json\/wp\/v2\/product\/20304","targetHints":{"allow":["GET"]}}],"collection":[{"href":"https:\/\/italiansublimefood.com\/it\/wp-json\/wp\/v2\/product"}],"about":[{"href":"https:\/\/italiansublimefood.com\/it\/wp-json\/wp\/v2\/types\/product"}],"wp:featuredmedia":[{"embeddable":true,"href":"https:\/\/italiansublimefood.com\/it\/wp-json\/wp\/v2\/media\/20305"}],"wp:attachment":[{"href":"https:\/\/italiansublimefood.com\/it\/wp-json\/wp\/v2\/media?parent=20304"}],"wp:term":[{"taxonomy":"product_brand","embeddable":true,"href":"https:\/\/italiansublimefood.com\/it\/wp-json\/wp\/v2\/product_brand?post=20304"},{"taxonomy":"product_cat","embeddable":true,"href":"https:\/\/italiansublimefood.com\/it\/wp-json\/wp\/v2\/product_cat?post=20304"},{"taxonomy":"product_tag","embeddable":true,"href":"https:\/\/italiansublimefood.com\/it\/wp-json\/wp\/v2\/product_tag?post=20304"}],"curies":[{"name":"wp","href":"https:\/\/api.w.org\/{rel}","templated":true}]}}