{"id":20292,"date":"2024-09-20T09:11:27","date_gmt":"2024-09-20T07:11:27","guid":{"rendered":"https:\/\/italiansublimefood.com\/?post_type=product&#038;p=20292"},"modified":"2026-04-30T04:18:21","modified_gmt":"2026-04-30T02:18:21","slug":"salvia-100-g-bustina-nonna-marida","status":"publish","type":"product","link":"https:\/\/italiansublimefood.com\/it\/prodotto\/salvia-100-g-bustina-nonna-marida\/","title":{"rendered":"SALVIA 100 G BUSTINA &#8211; Nonna Marida"},"content":{"rendered":"","protected":false},"excerpt":{"rendered":"<p>&#8211; Esplora Nuovi Orizzonti di Gusto con la Salvia in Busta &#8211; L&#8217;Eccellenza dell&#8217;Aroma Intenso! La nostra Salvia in Busta \u00e8 la risposta perfetta per chi cerca di arricchire i propri piatti con un tocco di freschezza e intensit\u00e0. Con un aroma inconfondibile, la salvia \u00e8 pronta a trasformare ogni tua creazione culinaria in un&#8217;esperienza memorabile. Caratteristiche della nostra Salvia in Busta: Purezza del Sapore: Foglie di salvia selezionate con cura e disidratate per preservare il loro aroma autentico. Versatilit\u00e0 in Cucina: Si presta perfettamente per condire diversi alimenti, aggiungendo un tocco di sapore distintivo. Come Utilizzare la Nostra Salvia<strong>:<\/strong> Patate Aromatizzate: Aggiungi qualche foglia di salvia alle patate cotte al vapore, condite con olio e sale, per un tocco di sapore in pi\u00f9. Piatti di Carne: Utilizza la salvia per aromatizzare carne alla griglia o arrosti, regalando profondit\u00e0 al gusto. Piatti Vegetariani: Dona un tocco aromatico a piatti vegetariani come zuppe o risotti. Perch\u00e9 Scegliere la Nostra Salvia: Aroma Intenso: La nostra salvia offre un aroma ricco che si diffonde delicatamente in ogni piatto. Confezionamento Sicuro: La busta garantisce la freschezza della salvia, pronta per esaltare i tuoi piatti.<\/p>\n<p><strong>-Ingredienti<\/strong> Salvia. <strong>Metodo di produzione:<\/strong> Essiccazione Imbustamento. <strong>Allergene: <\/strong>Assenti. <strong>OGM: <\/strong>Assenti. <strong>Valori nutrizionali ( valori medi su 100 g di prodotto): <\/strong>Valore energetico 1323Kj \/ 320 Kcal,\u00a0 Grassi 13g( di cui acidi grassi saturi 7.0g),\u00a0 Carboidrati 20g( di cui zuccheri 2g), Fibre 40g, Proteine 11g, Sale 0.03 g. <strong>Analisi microbiologica: <\/strong>Conta di microrganismi a 30\u00b0 C &lt; 1000 UFC\/g. Muffe &lt; 10 UFC\/g. Lieviti &lt; 10 UFC\/g. <strong>Listeria monocytogenes:<\/strong> Assente in 25 g. <strong>ETICHETTATURA<\/strong> ( Rif. Reg UE 1169\/11 e s.m.i): Le etichette apposte sul prodotto all&#8217;atto del confezionamento sono conformi alle normative in vigore. Ogni prodotto riporta in etichetta un numero di lotto. Tutto il sistema di tracciabilit\u00e0 si relaziona alle modalit\u00e0 di produzione fino a risalire alle materie prime ed agli imballaggi. (Reg CE 178\/2002 e normative collegate). Bustina PP5 Raccolta PLASTICA. Etichetta PAP 22 Raccolta Carta. Idoneo all\u2019alimentazione vegana e vegetariana. Prodotto pronto all\u2019uso. Modalit\u00e0 di stoccaggio: In luogo fresco e asciutto lontano da fonti di luce e calore. <strong>Shelf life: <\/strong>12 mesi. Confezione da 100 g. Descrizione imballaggio: Bustine per alimenti. Modalit\u00e0 di trasporto: In regime non refrigerato.<\/p>\n","protected":false},"featured_media":20293,"template":"","meta":[],"product_brand":[],"product_cat":[177],"product_tag":[272],"class_list":{"0":"post-20292","1":"product","2":"type-product","3":"status-publish","4":"has-post-thumbnail","6":"product_cat-conserve-e-sughi","7":"product_tag-nonna-marida","9":"first","10":"instock","11":"taxable","12":"shipping-taxable","13":"purchasable","14":"product-type-simple"},"_links":{"self":[{"href":"https:\/\/italiansublimefood.com\/it\/wp-json\/wp\/v2\/product\/20292","targetHints":{"allow":["GET"]}}],"collection":[{"href":"https:\/\/italiansublimefood.com\/it\/wp-json\/wp\/v2\/product"}],"about":[{"href":"https:\/\/italiansublimefood.com\/it\/wp-json\/wp\/v2\/types\/product"}],"wp:featuredmedia":[{"embeddable":true,"href":"https:\/\/italiansublimefood.com\/it\/wp-json\/wp\/v2\/media\/20293"}],"wp:attachment":[{"href":"https:\/\/italiansublimefood.com\/it\/wp-json\/wp\/v2\/media?parent=20292"}],"wp:term":[{"taxonomy":"product_brand","embeddable":true,"href":"https:\/\/italiansublimefood.com\/it\/wp-json\/wp\/v2\/product_brand?post=20292"},{"taxonomy":"product_cat","embeddable":true,"href":"https:\/\/italiansublimefood.com\/it\/wp-json\/wp\/v2\/product_cat?post=20292"},{"taxonomy":"product_tag","embeddable":true,"href":"https:\/\/italiansublimefood.com\/it\/wp-json\/wp\/v2\/product_tag?post=20292"}],"curies":[{"name":"wp","href":"https:\/\/api.w.org\/{rel}","templated":true}]}}