{"id":20271,"date":"2024-09-20T08:56:57","date_gmt":"2024-09-20T06:56:57","guid":{"rendered":"https:\/\/italiansublimefood.com\/?post_type=product&#038;p=20271"},"modified":"2026-04-30T04:19:11","modified_gmt":"2026-04-30T02:19:11","slug":"prezzemolo-100-g-bustina-nonna-marida","status":"publish","type":"product","link":"https:\/\/italiansublimefood.com\/it\/prodotto\/prezzemolo-100-g-bustina-nonna-marida\/","title":{"rendered":"PREZZEMOLO 100 G BUSTINA &#8211; Nonna Marida"},"content":{"rendered":"","protected":false},"excerpt":{"rendered":"<p>&#8211; Dai Vita alla Tua Cucina con il Prezzemolo Macinato in Busta &#8211; Sapore e Aroma Pronti all&#8217;Uso! Il nostro Prezzemolo Macinato, confezionato in una pratica busta, \u00e8 il segreto per aggiungere una nota di freschezza e vivacit\u00e0 a ogni tuo piatto. Macinato finemente per la massima praticit\u00e0, \u00e8 l&#8217;alleato perfetto per le tue avventure culinarie. Caratteristiche del Prezzemolo Macinato:\u00a0Sapore Concentrato: Il prezzemolo macinato offre un sapore concentrato e fresco, pronto a esaltare il gusto dei tuoi piatti.\u00a0Facile da Usare: La macinatura fine lo rende ideale per essere utilizzato direttamente senza la necessit\u00e0 di ulteriori preparazioni.\u00a0Come Utilizzare il Prezzemolo Macinato:\u00a0Salse e Condimenti: Aggiungi il prezzemolo macinato direttamente alle tue salse per un tocco di freschezza istantanea.\u00a0Soffritti Perfetti: Spruzza il prezzemolo su soffritti e preparazioni di carne per arricchire il sapore del tuo piatto.\u00a0Decorazioni Rapide: Decora i tuoi piatti in modo veloce e creativo con una spolverata di prezzemolo macinato.\u00a0Perch\u00e9 Scegliere il Nostro Prezzemolo Macinato:\u00a0Praticit\u00e0 Pronta all&#8217;Uso: La macinatura fine lo rende immediatamente pronto per arricchire i tuoi piatti senza sforzo.\u00a0Fresco e Gustoso: Il prezzemolo macinato conserva tutta la freschezza e l&#8217;aroma del prezzemolo appena raccolto.<\/p>\n<p><strong>-Ingredienti: <\/strong>Prezzemolo. <strong>Metodo di produzione: <\/strong>Essiccazione, Imbustamento. <strong>Allergene: <\/strong>Assenti. <strong>OGM:<\/strong> Assenti.<strong> Valori nutrizionali ( valori medi su 100 g di prodotto): <\/strong>Valore energetico 1275 Kj \/ 305 Kcal, Grassi 6 g (di cui acidi grassi saturi 0.8 g), Carboidrati 24 g (di cui zuccheri 7 g), Proteine 27 g, Sale 1.1 g. <strong>Analisi microbiologica:<\/strong> Conta di microrganismi a 30\u00b0 C : &lt; 1000 UFC\/g,\u00a0 Muffe &lt; 10 UFC\/g,\u00a0 Lieviti &lt; 10 UFC\/g. <strong>Listeria monocytogenes:<\/strong> Assente in 25 g.<strong> ETICHETTATURA<\/strong> ( Rif. Reg UE 1169\/11 e s.m.i): Le etichette riportate sul prodotto all&#8217;atto del confezionamento sono conformi alle normative in vigore. Ogni prodotto riporta in etichetta un numero di lotto. Tutto il sistema di tracciabilit\u00e0 si relaziona alle modalit\u00e0 di produzione fino a risalire alle materie prime ed agli imballaggi. (Reg CE 178\/2002 e normative collegate) Bustina PP5 Raccolta PLASTICA. Etichetta PAP 22 Raccolta Carta. Destinazione d\u2019uso: Prodotto per tutti. Idoneo all\u2019alimentazione vegana e vegetariana. Prodotto pronto all\u2019uso. Conservare in luogo fresco e asciutto lontano da fonti di luce e calore.<strong> Shelf life<\/strong> 12 mesi. Confezione da 100 g. Descrizione imballaggio: Bustine trasparenti per alimenti. Modalit\u00e0 di trasporto: In regime non refrigerato.<\/p>\n","protected":false},"featured_media":21830,"template":"","meta":[],"product_brand":[],"product_cat":[177],"product_tag":[272],"class_list":{"0":"post-20271","1":"product","2":"type-product","3":"status-publish","4":"has-post-thumbnail","6":"product_cat-conserve-e-sughi","7":"product_tag-nonna-marida","9":"first","10":"instock","11":"taxable","12":"shipping-taxable","13":"purchasable","14":"product-type-simple"},"_links":{"self":[{"href":"https:\/\/italiansublimefood.com\/it\/wp-json\/wp\/v2\/product\/20271","targetHints":{"allow":["GET"]}}],"collection":[{"href":"https:\/\/italiansublimefood.com\/it\/wp-json\/wp\/v2\/product"}],"about":[{"href":"https:\/\/italiansublimefood.com\/it\/wp-json\/wp\/v2\/types\/product"}],"wp:featuredmedia":[{"embeddable":true,"href":"https:\/\/italiansublimefood.com\/it\/wp-json\/wp\/v2\/media\/21830"}],"wp:attachment":[{"href":"https:\/\/italiansublimefood.com\/it\/wp-json\/wp\/v2\/media?parent=20271"}],"wp:term":[{"taxonomy":"product_brand","embeddable":true,"href":"https:\/\/italiansublimefood.com\/it\/wp-json\/wp\/v2\/product_brand?post=20271"},{"taxonomy":"product_cat","embeddable":true,"href":"https:\/\/italiansublimefood.com\/it\/wp-json\/wp\/v2\/product_cat?post=20271"},{"taxonomy":"product_tag","embeddable":true,"href":"https:\/\/italiansublimefood.com\/it\/wp-json\/wp\/v2\/product_tag?post=20271"}],"curies":[{"name":"wp","href":"https:\/\/api.w.org\/{rel}","templated":true}]}}