{"id":20245,"date":"2024-09-20T08:37:46","date_gmt":"2024-09-20T06:37:46","guid":{"rendered":"https:\/\/italiansublimefood.com\/?post_type=product&#038;p=20245"},"modified":"2025-10-06T11:13:26","modified_gmt":"2025-10-06T09:13:26","slug":"funghi-porcini-212ml-nonna-marida","status":"publish","type":"product","link":"https:\/\/italiansublimefood.com\/it\/prodotto\/funghi-porcini-212ml-nonna-marida\/","title":{"rendered":"FUNGHI PORCINI 212ml &#8211; Nonna Marida"},"content":{"rendered":"","protected":false},"excerpt":{"rendered":"<p>-Scopri l&#8217;autenticit\u00e0 dei funghi porcini italiani con il nostro prodotto di punta, i &#8220;Fungo Porcino&#8221;, un&#8217;eccellenza artigianale creata con passione dall&#8217;azienda di famiglia Nonna Marida. Ogni vasetto da 212ml offre la purezza e il sapore dei migliori funghi porcini, raccolti a mano nelle foreste italiane e lavorati con cura per preservarne l&#8217;aroma e la qualit\u00e0. Caratteristiche distintive dei Funghi Porcini di Nonna Marida: Selezione Meticolosa degli Ingredienti: utilizziamo solo i funghi porcini pi\u00f9 pregiati, selezionati con cura dai nostri esperti, garantendo una qualit\u00e0 superiore e un gusto autentico. Lavorazione Artigianale: ogni fungo porcino \u00e8 lavorato manualmente, con grande attenzione per mantenere intatta la loro consistenza e il loro aroma naturali, offrendo cos\u00ec un prodotto di alta qualit\u00e0. Aromi Naturali e Genuini: grazie alla loro origine naturale e alla lavorazione artigianale, i Funghi Porcini di Nonna Marida conservano tutto il sapore e l&#8217;aroma tipici dei funghi appena raccolti. Versatilit\u00e0 in Cucina: I Funghi Porcini sono un ingrediente versatile, perfetto per arricchire piatti di pasta, risotti, carni, e molto altro, aggiungendo un tocco di gusto autentico e raffinato. Esperienza Gastronomica Unica: con i Funghi Porcini di Nonna Marida, potrai gustare l&#8217;autenticit\u00e0 della cucina italiana direttamente a casa tua, creando piatti prelibati che delizieranno il palato di famiglia e amici. Scopri il piacere dei Funghi Porcini di Nonna Marida e immergiti nell&#8217;aroma e nella bont\u00e0 della tradizione italiana. Buon appetito!<\/p>\n<p>&nbsp;<\/p>\n","protected":false},"featured_media":21878,"template":"","meta":[],"product_brand":[],"product_cat":[177],"product_tag":[272],"class_list":{"0":"post-20245","1":"product","2":"type-product","3":"status-publish","4":"has-post-thumbnail","6":"product_cat-conserve-e-sughi","7":"product_tag-nonna-marida","9":"first","10":"instock","11":"taxable","12":"shipping-taxable","13":"purchasable","14":"product-type-simple"},"_links":{"self":[{"href":"https:\/\/italiansublimefood.com\/it\/wp-json\/wp\/v2\/product\/20245","targetHints":{"allow":["GET"]}}],"collection":[{"href":"https:\/\/italiansublimefood.com\/it\/wp-json\/wp\/v2\/product"}],"about":[{"href":"https:\/\/italiansublimefood.com\/it\/wp-json\/wp\/v2\/types\/product"}],"wp:featuredmedia":[{"embeddable":true,"href":"https:\/\/italiansublimefood.com\/it\/wp-json\/wp\/v2\/media\/21878"}],"wp:attachment":[{"href":"https:\/\/italiansublimefood.com\/it\/wp-json\/wp\/v2\/media?parent=20245"}],"wp:term":[{"taxonomy":"product_brand","embeddable":true,"href":"https:\/\/italiansublimefood.com\/it\/wp-json\/wp\/v2\/product_brand?post=20245"},{"taxonomy":"product_cat","embeddable":true,"href":"https:\/\/italiansublimefood.com\/it\/wp-json\/wp\/v2\/product_cat?post=20245"},{"taxonomy":"product_tag","embeddable":true,"href":"https:\/\/italiansublimefood.com\/it\/wp-json\/wp\/v2\/product_tag?post=20245"}],"curies":[{"name":"wp","href":"https:\/\/api.w.org\/{rel}","templated":true}]}}