{"id":20236,"date":"2024-09-20T08:32:01","date_gmt":"2024-09-20T06:32:01","guid":{"rendered":"https:\/\/italiansublimefood.com\/?post_type=product&#038;p=20236"},"modified":"2026-04-30T04:57:54","modified_gmt":"2026-04-30T02:57:54","slug":"misto-funghi-vaso-3100-ml-nonna-marida","status":"publish","type":"product","link":"https:\/\/italiansublimefood.com\/it\/prodotto\/misto-funghi-vaso-3100-ml-nonna-marida\/","title":{"rendered":"MISTO FUNGHI VASO 3100 ML &#8211; Nonna Marida"},"content":{"rendered":"","protected":false},"excerpt":{"rendered":"<p>-Funghi Sottolio. Una Sinfonia di Gusti in Tre Varianti Distinte. Esplora la nostra selezione di Funghi Sottolio, un trio di delizie culinarie che si fondono armoniosamente per offrirti un&#8217;esperienza gustativa unica. Senza compromessi, il nostro mix di funghi \u00e8 progettato per regalarti un sapore deciso e particolare, creando una fusione del gusto che invita il palato a distinguere e apprezzare ogni variet\u00e0 individualmente. Caratteristiche Principali: Trio di Varianti Distinte: tre tipologie di funghi attentamente selezionati si combinano in un mix avvolgente. Ogni variet\u00e0 offre un carattere unico, contribuendo alla ricchezza e alla complessit\u00e0 del gusto complessivo. Fusione Armoniosa: la miscela di funghi sottolio \u00e8 stata creata con l&#8217;obiettivo di offrire una fusione armoniosa di sapori, consentendo a ciascuna variet\u00e0 di contribuire in modo equilibrato alla composizione del mix. Sapore Deciso e Particolare: grazie alla natura sottolio, il gusto deciso e particolare dei funghi viene preservato e arricchito, pronti a deliziare il tuo palato con ogni morso. Perch\u00e9 Scegliere i Funghi Sottolio: Versatilit\u00e0 in cucina: perfetti come antipasto, condimento per la pasta o guarnizione per piatti principali, i Funghi Sottolio aggiungono un tocco di raffinatezza a qualsiasi preparazione culinaria. Esperienza sensoriale unica: la combinazione equilibrata delle tre variet\u00e0 offre un&#8217;esperienza sensoriale unica, invitando gli intenditori a scoprire e apprezzare ogni sfumatura di gusto.<\/p>\n<p><strong>-Ingredienti:<\/strong> Funghi Rositi (Lactarius Deliciosus) 30%, Funghi Shiitake 30%, Funghi Stropharia 30%, Olio di semi di girasole, Olio Extra Vergine di Oliva, Aceto agro di vino, Peperoncino macinato piccante, Origano, Aglio, Sale. Sottoposto a controllo micologico Dott. Eugenio Mari (Reg. Nazionale n. 791- Reg. Cal. 21). <strong>Metodo di produzione: <\/strong>Acidificazione a pH &lt; 4,5, Pastorizzazione. <strong>Allergene:<\/strong> Contiene Solfiti. <strong>OGM: <\/strong>Assenti.<strong> Valori nutrizionali ( valori medi su 100 g di prodotto):<\/strong> Valore energetico 1137.3 Kj \/ 271.8 Kcal, Grassi 28.4 g (di cui acidi grassi saturi 4 g), Carboidrati 2 g (di cui zuccheri 2 g), Proteine 2.2 g, Fibre 1.2 g, Sale 1.1 g. <strong>Analisi microbiologica:<\/strong> Conta di microrganismi a 30\u00b0 C &lt;10 UFC\/g, Muffe &lt; 10 UFC\/g, Lieviti &lt; 10 UFC\/g. <strong>Listeria monocytogenes:<\/strong> Assente in 25 g. pH &lt; 4.4 unit\u00e0 di pH. Determinazione attivit\u00e0 acqua (aw) &lt; 0,92. <strong>ETICHETTATURA<\/strong> ( Rif. Reg UE 1169\/11 e s.m.i): Le etichette apposte sul prodotto all&#8217;atto del confezionamento sono conformi alle normative in vigore. Ogni prodotto riporta in etichetta un numero di lotto. Tutto il sistema di tracciabilit\u00e0 si relaziona alle modalit\u00e0 di produzione fino a risalire alle materie prime ed agli imballaggi. (Reg CE 178\/2002 e normative collegate). Vasetto GL 70 Raccolta VETRO. Capsula ALU 41 Raccolta Alluminio. Etichetta PAP 22 Raccolta Carta. Prodotto per tutti. Idoneo all\u2019alimentazione vegana e vegetariana. Prodotto pronto all\u2019uso. Una volta aperta la confezione, aver cura di mantenere il prodotto ricoperto di olio, conservare in frigo (+2 \u00b0C \/+5 \u00b0C) e consumare entro 3\/4 gg. Modalit\u00e0 di stoccaggio In luogo fresco e asciutto lontano da fonti di luce e calore. <strong>Shelf life<\/strong> 24 mesi. Confezione da 314 ml. Peso netto 270 g. Imballaggio: Vasetti in vetro con capsula a vite. Modalit\u00e0 di trasporto In regime non refrigerato.<\/p>\n","protected":false},"featured_media":21893,"template":"","meta":[],"product_brand":[],"product_cat":[177],"product_tag":[272],"class_list":{"0":"post-20236","1":"product","2":"type-product","3":"status-publish","4":"has-post-thumbnail","6":"product_cat-conserve-e-sughi","7":"product_tag-nonna-marida","9":"first","10":"instock","11":"taxable","12":"shipping-taxable","13":"purchasable","14":"product-type-simple"},"_links":{"self":[{"href":"https:\/\/italiansublimefood.com\/it\/wp-json\/wp\/v2\/product\/20236","targetHints":{"allow":["GET"]}}],"collection":[{"href":"https:\/\/italiansublimefood.com\/it\/wp-json\/wp\/v2\/product"}],"about":[{"href":"https:\/\/italiansublimefood.com\/it\/wp-json\/wp\/v2\/types\/product"}],"wp:featuredmedia":[{"embeddable":true,"href":"https:\/\/italiansublimefood.com\/it\/wp-json\/wp\/v2\/media\/21893"}],"wp:attachment":[{"href":"https:\/\/italiansublimefood.com\/it\/wp-json\/wp\/v2\/media?parent=20236"}],"wp:term":[{"taxonomy":"product_brand","embeddable":true,"href":"https:\/\/italiansublimefood.com\/it\/wp-json\/wp\/v2\/product_brand?post=20236"},{"taxonomy":"product_cat","embeddable":true,"href":"https:\/\/italiansublimefood.com\/it\/wp-json\/wp\/v2\/product_cat?post=20236"},{"taxonomy":"product_tag","embeddable":true,"href":"https:\/\/italiansublimefood.com\/it\/wp-json\/wp\/v2\/product_tag?post=20236"}],"curies":[{"name":"wp","href":"https:\/\/api.w.org\/{rel}","templated":true}]}}