{"id":20231,"date":"2024-09-20T08:29:22","date_gmt":"2024-09-20T06:29:22","guid":{"rendered":"https:\/\/italiansublimefood.com\/?post_type=product&#038;p=20231"},"modified":"2026-04-30T04:56:25","modified_gmt":"2026-04-30T02:56:25","slug":"melanzane-a-filetto-3100-ml-nonna-marida","status":"publish","type":"product","link":"https:\/\/italiansublimefood.com\/it\/prodotto\/melanzane-a-filetto-3100-ml-nonna-marida\/","title":{"rendered":"MELANZANE A FILETTO 3100 ML &#8211; Nonna Marida"},"content":{"rendered":"","protected":false},"excerpt":{"rendered":"<p>-Filetti di Melanzane Sottolio. Gusto Delicato con una Toccata Agrodolce, Sublimato dall&#8217;Olio Extra Vergine di Oliva. Benvenuti nel nostro e-commerce, dove vi presentiamo i nostri Filetti di Melanzane Sottolio, un&#8217;esperienza culinaria raffinata e versatile. Dal sapore delicato tendenzialmente agrodolce, ogni filetto \u00e8 esaltato dall&#8217;olio extra vergine di oliva, creando un connubio irresistibile. Caratteristiche Principali: Sapore Delicato e Agrodolce: i nostri filetti di melanzane offrono un gusto equilibrato, con una nota agrodolce che si fonde armoniosamente con la delicatezza della melanzana, creando un&#8217;esperienza gustativa unica. Olio Extra Vergine di Oliva di Alta Qualit\u00e0: L&#8217;uso di olio extra vergine di oliva di alta qualit\u00e0 arricchisce il sapore complessivo, garantendo una bont\u00e0 superiore che rispecchia l&#8217;autenticit\u00e0 e la freschezza degli ingredienti. Versatilit\u00e0 in Cucina: ideali come contorno, si abbinano perfettamente sia con piatti di carne che di pesce, aggiungendo un tocco sofisticato a ogni portata. Perfetti anche negli antipasti per iniziare ogni pasto con un tocco di raffinatezza. Perch\u00e9 Scegliere i Filetti di Melanzane: Adattabilit\u00e0 ai Gusti: la loro versatilit\u00e0 li rende adatti a qualsiasi occasione, garantendo un&#8217;esperienza di gusto eccellente sia per chi ama sapori delicati che per gli amanti dei gusti pi\u00f9 decisi. Esperienza alla Brace: per coloro che cercano una nota pi\u00f9 intensa, i Filetti di Melanzane Sottolio sono disponibili anche alla brace, pronti a conquistare i palati pi\u00f9 audaci.<\/p>\n<p><strong>-Ingredienti: <\/strong>Melanzane 72% , Olio di Semi di Girasole 20 %, Olio Extra Vergine di Oliva 8%, Aceto agro di vino, menta, origano, aglio, peperoncino piccante, sale. <strong>Metodo di produzione:<\/strong> Acidificazione a pH &lt; 4,5 Pastorizzazione. <strong>Allergene: <\/strong>Contiene solfiti. <strong>OGM: <\/strong>Assenti. <strong>Valori nutrizionali ( valori medi su 100 g di prodotto):<\/strong> Valore energetico 1189.3 Kj \/ 284.3 Kcal, Grassi 29.1 g (di cui acidi grassi saturi 4.0 g), Carboidrati 2.7 g (di cui zuccheri 2.6 g), Fibre 2.7 g, Proteine 3.0 g, Sale 1.0 g. <strong>Analisi microbiologica: <\/strong>Conta di microrganismi a 30\u00b0 C &lt;10 UFC\/g, Muffe &lt; 10 UFC\/g, Lieviti &lt; 10 UFC\/g. <strong>Listeria monocytogenes: <\/strong>Assente in 25 g. pH &lt; 4.5 unit\u00e0 di pH. Determinazione attivit\u00e0 acqua (aw) &lt; 0.92 Etichettatura e confezionamento ETICHETTATURA ( Rif. Reg UE 1169\/11 e s.m.i): Le etichette apposte sul prodotto all&#8217;atto del confezionamento sono conformi alle normative in vigore. Ogni prodotto riporta in etichetta un numero di lotto. Tutto il sistema di tracciabilit\u00e0 si relaziona alle modalit\u00e0 di produzione fino a risalire alle materie prime ed agli imballaggi. (Reg CE 178\/2002 e normative collegate) Vasetto GL 70 Raccolta VETRO. Capsula ALU 41 Raccolta Alluminio. Etichetta PAP 22 Raccolta Carta. Prodotto per tutti. Idoneo all\u2019alimentazione vegana e vegetariana. Prodotto pronto all\u2019uso. Una volta aperta la confezione, aver cura di mantenere il prodotto ricoperto di olio, conservare in frigo (+2 \u00b0C \/+5 \u00b0C) e consumare entro 3\/4 gg. Modalit\u00e0 di stoccaggio: In luogo fresco e asciutto lontano da fonti di luce e calore. <strong>Shelf life<\/strong> 24 mesi. Descrizione imballaggio: Vasetti in vetro con capsula a vite. Modalit\u00e0 di trasporto In regime non refrigerato.<\/p>\n<p>&nbsp;<\/p>\n<p>&nbsp;<\/p>\n","protected":false},"featured_media":22097,"template":"","meta":[],"product_brand":[],"product_cat":[177],"product_tag":[272],"class_list":{"0":"post-20231","1":"product","2":"type-product","3":"status-publish","4":"has-post-thumbnail","6":"product_cat-conserve-e-sughi","7":"product_tag-nonna-marida","9":"first","10":"instock","11":"taxable","12":"shipping-taxable","13":"purchasable","14":"product-type-simple"},"_links":{"self":[{"href":"https:\/\/italiansublimefood.com\/it\/wp-json\/wp\/v2\/product\/20231","targetHints":{"allow":["GET"]}}],"collection":[{"href":"https:\/\/italiansublimefood.com\/it\/wp-json\/wp\/v2\/product"}],"about":[{"href":"https:\/\/italiansublimefood.com\/it\/wp-json\/wp\/v2\/types\/product"}],"wp:featuredmedia":[{"embeddable":true,"href":"https:\/\/italiansublimefood.com\/it\/wp-json\/wp\/v2\/media\/22097"}],"wp:attachment":[{"href":"https:\/\/italiansublimefood.com\/it\/wp-json\/wp\/v2\/media?parent=20231"}],"wp:term":[{"taxonomy":"product_brand","embeddable":true,"href":"https:\/\/italiansublimefood.com\/it\/wp-json\/wp\/v2\/product_brand?post=20231"},{"taxonomy":"product_cat","embeddable":true,"href":"https:\/\/italiansublimefood.com\/it\/wp-json\/wp\/v2\/product_cat?post=20231"},{"taxonomy":"product_tag","embeddable":true,"href":"https:\/\/italiansublimefood.com\/it\/wp-json\/wp\/v2\/product_tag?post=20231"}],"curies":[{"name":"wp","href":"https:\/\/api.w.org\/{rel}","templated":true}]}}