{"id":20213,"date":"2024-09-19T17:50:55","date_gmt":"2024-09-19T15:50:55","guid":{"rendered":"https:\/\/italiansublimefood.com\/?post_type=product&#038;p=20213"},"modified":"2026-04-30T04:14:40","modified_gmt":"2026-04-30T02:14:40","slug":"origano-100-g-bustina-nonna-marida","status":"publish","type":"product","link":"https:\/\/italiansublimefood.com\/it\/prodotto\/origano-100-g-bustina-nonna-marida\/","title":{"rendered":"ORIGANO 100 G BUSTINA &#8211; Nonna Marida"},"content":{"rendered":"","protected":false},"excerpt":{"rendered":"<p>&#8211; Esalta il Gusto con il Nostro Origano in Busta &#8211; Il Dettaglio Segreto per una Cucina Eccellente! Il nostro Origano in Busta \u00e8 la chiave per trasformare i tuoi piatti in autentiche opere culinarie. Questo prodotto secco \u00e8 la risposta perfetta per aggiungere un tocco di freschezza e aromaticit\u00e0 a ogni boccone, offrendoti un&#8217;esperienza gastronomica senza paragoni. Caratteristiche del nostro Origano in Busta:\u00a0Fragranza Pura: L&#8217;origano viene raccolto e disidratato con cura per preservare la sua fragranza pura e inconfondibile.\u00a0Aromi Versatili: Aggiungi complessit\u00e0 e profondit\u00e0 ai tuoi piatti preferiti, dall&#8217;hamburger alla griglia ai sughi e molto altro.\u00a0Come Utilizzare il Nostro Origano:\u00a0Piatti di Carne: Spruzza l&#8217;origano su hamburger di carne per una nota aromatica che conquister\u00e0 il palato.\u00a0Pesce: Esalta il sapore di alcuni tipi di pesce con l&#8217;aggiunta sottile di origano.\u00a0Contorni Colorati: Accompagna zucchine, patate, pomodori e funghi con l&#8217;aroma distintivo dell&#8217;origano.\u00a0Perch\u00e9 Scegliere il Nostro Origano:\u00a0Confezionamento Sicuro: La busta garantisce la freschezza e la conservazione sicura dell&#8217;origano.\u00a0Versatilit\u00e0 in Cucina: Dai una svolta ai tuoi piatti quotidiani con un pizzico di origano per una cucina piena di gusto.<\/p>\n<p><strong>-Ingredienti:<\/strong> Origano. <strong>Metodo di produzione:<\/strong> Essiccazione, Imbustamento. <strong>Allergene:<\/strong> Assenti. <strong>OGM:<\/strong> Assenti. <strong>Valori nutrizionali ( valori medi su 100 g di prodotto):<\/strong> Valore energetico 1100 Kj \/ 265 Kcal Grassi 4 g (di cui acidi grassi saturi 1.6 g), Carboidrati 26 g (di cui zuccheri 4 g), Fibre 43 g, Proteine 9 g, Sale 0.06 g. <strong>Analisi microbiologica: <\/strong>Conta di microrganismi a 30\u00b0 C &lt; 1000 UFC\/g, Muffe &lt; 10 UFC\/g, Lieviti &lt; 10 UFC\/g. <strong>Listeria monocytogenes<\/strong> Assente in 25 g. <strong>ETICHETTATURA<\/strong> ( Rif. Reg UE 1169\/11 e s.m.i): Le etichette apposte sul prodotto all&#8217;atto del confezionamento sono conformi alle normative in vigore. Ogni prodotto riporta in etichetta un numero di lotto. Tutto il sistema di tracciabilit\u00e0 si relaziona alle modalit\u00e0 di produzione fino a risalire alle materie prime ed agli imballaggi. (Reg CE 178\/2002 e normative collegate) Bustina PP5 Raccolta PLASTICA. Etichetta PAP 22 Raccolta Carta. Prodotto per tutti. Idoneo all\u2019alimentazione vegana e vegetariana. Modalit\u00e0 d\u2019uso Prodotto pronto all\u2019uso. Modalit\u00e0 di stoccaggio: In luogo fresco e asciutto lontano da fonti di luce e calore. <strong>Shelf life<\/strong> 12 mesi. Descrizione imballaggio: Bustine per alimenti da 100 g. Modalit\u00e0 di trasporto: In regime non refrigerato.<\/p>\n","protected":false},"featured_media":21908,"template":"","meta":[],"product_brand":[],"product_cat":[177],"product_tag":[272],"class_list":{"0":"post-20213","1":"product","2":"type-product","3":"status-publish","4":"has-post-thumbnail","6":"product_cat-conserve-e-sughi","7":"product_tag-nonna-marida","9":"first","10":"instock","11":"taxable","12":"shipping-taxable","13":"purchasable","14":"product-type-simple"},"_links":{"self":[{"href":"https:\/\/italiansublimefood.com\/it\/wp-json\/wp\/v2\/product\/20213","targetHints":{"allow":["GET"]}}],"collection":[{"href":"https:\/\/italiansublimefood.com\/it\/wp-json\/wp\/v2\/product"}],"about":[{"href":"https:\/\/italiansublimefood.com\/it\/wp-json\/wp\/v2\/types\/product"}],"wp:featuredmedia":[{"embeddable":true,"href":"https:\/\/italiansublimefood.com\/it\/wp-json\/wp\/v2\/media\/21908"}],"wp:attachment":[{"href":"https:\/\/italiansublimefood.com\/it\/wp-json\/wp\/v2\/media?parent=20213"}],"wp:term":[{"taxonomy":"product_brand","embeddable":true,"href":"https:\/\/italiansublimefood.com\/it\/wp-json\/wp\/v2\/product_brand?post=20213"},{"taxonomy":"product_cat","embeddable":true,"href":"https:\/\/italiansublimefood.com\/it\/wp-json\/wp\/v2\/product_cat?post=20213"},{"taxonomy":"product_tag","embeddable":true,"href":"https:\/\/italiansublimefood.com\/it\/wp-json\/wp\/v2\/product_tag?post=20213"}],"curies":[{"name":"wp","href":"https:\/\/api.w.org\/{rel}","templated":true}]}}