{"id":20075,"date":"2024-09-19T15:49:08","date_gmt":"2024-09-19T13:49:08","guid":{"rendered":"https:\/\/italiansublimefood.com\/?post_type=product&#038;p=20075"},"modified":"2026-04-30T04:09:47","modified_gmt":"2026-04-30T02:09:47","slug":"la-spaghettata-100-g-bustina-nonna-marida","status":"publish","type":"product","link":"https:\/\/italiansublimefood.com\/it\/prodotto\/la-spaghettata-100-g-bustina-nonna-marida\/","title":{"rendered":"LA SPAGHETTATA 100 G BUSTINA &#8211; Nonna Marida"},"content":{"rendered":"","protected":false},"excerpt":{"rendered":"<p>&#8211; Esplora l&#8217;Arte della Personalizzazione con il Nostro Mix di Spezie per Pasta &#8211; Crea la Tua Esperienza Gastronomica Unica! Il nostro Mix di Spezie per Pasta \u00e8 la chiave per trasformare ogni piatto di pasta in un&#8217;esperienza culinaria personalizzata. Progettato per offrirti il massimo controllo sui sapori, questo mix secco \u00e8 la soluzione perfetta per chi ama sperimentare in cucina. Caratteristiche Distintive del Mix di Spezie:\u00a0Versatilit\u00e0 Senza Limiti: Personalizza la tua pasta secondo i tuoi gusti aggiungendo il mix per un tocco unico ad ogni piatto.\u00a0Sapori Bilanciati: Una combinazione equilibrata di erbe aromatiche, spezie e ingredienti selezionati per una gamma completa di sapori.\u00a0Come Utilizzare il Mix di Spezie per Personalizzare la Tua Pasta:\u00a0Regola l&#8217;Intensit\u00e0: Aggiungi pi\u00f9 o meno mix a seconda di quanto desideri un sapore pi\u00f9 delicato o audace.\u00a0Sperimenta con gli Ingredienti: Aggiungi ingredienti freschi come pomodori, formaggi o verdure per creare una pasta unica ogni volta.\u00a0Perch\u00e9 Scegliere il Nostro Mix di Spezie per Pasta:\u00a0Controllo Totale: Crea la tua esperienza gastronomica personalizzata regolando gli ingredienti e le quantit\u00e0.\u00a0Infinite Possibilit\u00e0: Sperimenta con diverse combinazioni e scopri nuovi modi per deliziare il tuo palato.<\/p>\n<p><strong>-Ingredienti:<\/strong>\u00a0Prezzemolo, erba cipollina , aglio, paprika dolce, sale. <strong>Metodo di produzione:<\/strong> Essiccazione, Imbustamento. <strong>Allergene: <\/strong>Assenti.<strong> OGM:<\/strong> Assenti. <strong>Valori nutrizionali ( valori medi su 100 g di prodotto):<\/strong> Valore energetico 1059 Kj \/ 252 Kcal, Grassi 4 g (di cui acidi grassi saturi 0.5 g), Carboidrati 31 g (di cui zuccheri 9 g), Fibre 16 g, Proteine 15 g, Sale 0.4 g.<strong> Analisi microbiologica<\/strong> Conta di microrganismi a 30\u00b0 C &lt; 1000 UFC\/g, Muffe &lt; 100 UFC\/g, Lieviti &lt; 100 UFC\/g. <strong>Listeria monocytogenes:<\/strong> Assente in 25 g. <strong>ETICHETTATURA<\/strong> ( Rif. Reg UE 1169\/11 e s.m.i): Le etichette apposte sul prodotto all&#8217;atto del confezionamento sono conformi alle normative in vigore. Ogni prodotto riporta in etichetta un numero di lotto. Tutto il sistema di tracciabilit\u00e0 si relaziona alle modalit\u00e0 di produzione fino a risalire alle materie prime ed agli imballaggi. (Reg CE 178\/2002 e normative collegate) Bustina PP5 Raccolta PLASTICA. Etichetta PAP 22 Raccolta Carta. Prodotto per tutti. Idoneo all\u2019alimentazione vegana e vegetariana. Prodotto pronto all\u2019uso. Modalit\u00e0 di stoccaggio In luogo fresco e asciutto lontano da fonti di luce e calore. <strong>Shelf life<\/strong> 12 mesi. Confezione da 100 g. Descrizione imballaggio: Bustine trasparenti per alimenti. Modalit\u00e0 di trasporto: In regime non refrigerato.<\/p>\n","protected":false},"featured_media":22079,"template":"","meta":[],"product_brand":[],"product_cat":[177],"product_tag":[272],"class_list":{"0":"post-20075","1":"product","2":"type-product","3":"status-publish","4":"has-post-thumbnail","6":"product_cat-conserve-e-sughi","7":"product_tag-nonna-marida","9":"first","10":"instock","11":"taxable","12":"shipping-taxable","13":"purchasable","14":"product-type-simple"},"_links":{"self":[{"href":"https:\/\/italiansublimefood.com\/it\/wp-json\/wp\/v2\/product\/20075","targetHints":{"allow":["GET"]}}],"collection":[{"href":"https:\/\/italiansublimefood.com\/it\/wp-json\/wp\/v2\/product"}],"about":[{"href":"https:\/\/italiansublimefood.com\/it\/wp-json\/wp\/v2\/types\/product"}],"wp:featuredmedia":[{"embeddable":true,"href":"https:\/\/italiansublimefood.com\/it\/wp-json\/wp\/v2\/media\/22079"}],"wp:attachment":[{"href":"https:\/\/italiansublimefood.com\/it\/wp-json\/wp\/v2\/media?parent=20075"}],"wp:term":[{"taxonomy":"product_brand","embeddable":true,"href":"https:\/\/italiansublimefood.com\/it\/wp-json\/wp\/v2\/product_brand?post=20075"},{"taxonomy":"product_cat","embeddable":true,"href":"https:\/\/italiansublimefood.com\/it\/wp-json\/wp\/v2\/product_cat?post=20075"},{"taxonomy":"product_tag","embeddable":true,"href":"https:\/\/italiansublimefood.com\/it\/wp-json\/wp\/v2\/product_tag?post=20075"}],"curies":[{"name":"wp","href":"https:\/\/api.w.org\/{rel}","templated":true}]}}