{"id":20067,"date":"2024-09-19T15:25:03","date_gmt":"2024-09-19T13:25:03","guid":{"rendered":"https:\/\/italiansublimefood.com\/?post_type=product&#038;p=20067"},"modified":"2025-12-04T11:00:36","modified_gmt":"2025-12-04T10:00:36","slug":"sugo-caponata-314-ml-nonna-marida","status":"publish","type":"product","link":"https:\/\/italiansublimefood.com\/it\/prodotto\/sugo-caponata-314-ml-nonna-marida\/","title":{"rendered":"SUGO CAPONATA 314 ML &#8211; Nonna Marida"},"content":{"rendered":"","protected":false},"excerpt":{"rendered":"<p>&#8211; Sugo Pronto di Pomodoro, Melanzane e Cipolla &#8211; Il Gusto Autentico della Cucina Tradizionale. Esplora l&#8217;autenticit\u00e0 della cucina tradizionale con il nostro Sugo Pronto di Pomodoro, Melanzane e Cipolla. Un tripudio di sapori che racchiude il gusto ricco e avvolgente di pomodori maturi, melanzane e cipolle, lentamente stufati per creare un sugo pronto irresistibile. Caratteristiche Distintive del Sugo Pronto:\u00a0Selezione Attenta degli Ingredienti: Utilizziamo solo pomodori maturi al punto giusto, melanzane fresche e cipolle di alta qualit\u00e0, garantendo un prodotto che esprime al massimo la bont\u00e0 degli ingredienti scelti.\u00a0Lenta Cottura e Tripudio di Aromi: La lenta cottura permette agli ingredienti di amalgamarsi e sviluppare un tripudio di aromi che caratterizza il nostro sugo pronto, rendendolo unico e inconfondibile.\u00a0Versatilit\u00e0 in Cucina: Il sugo pronto \u00e8 ideale da servire con la pasta, creando un piatto ricco e appagante. Ma le sue virt\u00f9 non si fermano qui: \u00e8 perfetto anche come condimento per carni e pesci, dando vita a preparazioni culinarie che conquisteranno il tuo palato.\u00a0Come Sfruttare il Sugo Pronto di Pomodoro, Melanzane e Cipolla:\u00a0Pasta Perfetta: Versa il sugo pronto sulla tua pasta preferita per un pasto veloce e delizioso. Aggiungi formaggio grattugiato per un tocco gourmet.\u00a0Condimento Poliedrico: Utilizza il sugo pronto come condimento per carni e pesci, creando piatti principali che stupiranno i tuoi commensali.\u00a0Creazioni Culinari Uniche: Sperimenta e lasciati ispirare dalle infinite possibilit\u00e0 che il nostro sugo pronto offre in cucina. Dalla pizza alle bruschette, le opzioni sono limitate solo dalla tua creativit\u00e0.\u00a0Perch\u00e9 Scegliere il Sugo Pronto:\u00a0Gusto Autentico: Riporta in tavola il gusto autentico della cucina tradizionale, senza dover passare ore ai fornelli.\u00a0Facilit\u00e0 e Velocit\u00e0: Con il nostro sugo pronto, preparare un pasto delizioso \u00e8 veloce e senza stress.<\/p>\n<p>&#8211;<strong>Ingredienti:<\/strong> Pomodori pelati 53%(origine Italia), cipolla rossa 15%, peperoni 15%, olio di oliva, acciughe, capperi, olive nere, peperoncino macinato, aceto di mele, origano, sale. Metodo di produzione Acidificazione ph&lt;4.5, Pastorizzazione. <strong>Allergeni:<\/strong> Solfiti e prodotti ittici. <strong>OGM: <\/strong>Assenti. <strong>Valori nutrizionali (valori medi su 100 g di prodotto): <\/strong>Valore energetico 2116 Kj \/ 505 Kcal, Grassi 34.3 g, di cui acidi grassi saturi 5.3 g, Carboidrati 30.1 g, di cui zuccheri 24.3 g, Fibre 14.2 g, Proteine 11.8 g, Sale 2.0 g. <strong>Analisi microbiologica: <\/strong>Conta di microrganismi a 30\u00b0 C &lt; 1000 UFC\/g, Muffe &lt; 10 UFC\/g, Lieviti &lt; 10 UFC\/g, Listeria monocytogenes Assente in 25 g<br \/>\npH&lt;4.4 unit\u00e0 di pH. <strong>ETICHETTATURA <\/strong>( Rif. Reg UE 1169\/11 e s.m.i): Le etichette apposte sul prodotto all&#8217;atto del confezionamento sono conformi alle normative in vigore. Ogni prodotto riporta in etichetta un numero di lotto. Tutto il sistema di tracciabilit\u00e0 si relaziona alle modalit\u00e0 di produzione fino a risalire alle materie prime ed agli imballaggi. (Reg CE 178\/2002 e normative collegate). <strong>Vasetto:<\/strong> GL 70 Raccolta VETRO. Capsula: ALU 41 Raccolta Alluminio. Etichetta: APP22 Raccolta Carta. Destinazione d\u2019uso: Prodotto per tutti. Modalit\u00e0 d\u2019uso: Prodotto pronto all\u2019uso. Una volta aperta la confezione, conservare in frigo (+2 \u00b0C \/+5 \u00b0C) e consumare entro 3\/4 gg. Modalit\u00e0 di stoccaggio: In luogo fresco e asciutto lontano da fonti di luce e calore. <strong>Shelf life: <\/strong>24 mesi. Confezione da 314 ml. Peso netto 270 g. Descrizione imballaggio: Vasetti in vetro con capsula a vite. Modalit\u00e0 di trasporto: In regime non refrigerato.<\/p>\n","protected":false},"featured_media":21794,"template":"","meta":[],"product_brand":[],"product_cat":[177],"product_tag":[272],"class_list":{"0":"post-20067","1":"product","2":"type-product","3":"status-publish","4":"has-post-thumbnail","6":"product_cat-conserve-e-sughi","7":"product_tag-nonna-marida","9":"first","10":"instock","11":"taxable","12":"shipping-taxable","13":"purchasable","14":"product-type-simple"},"_links":{"self":[{"href":"https:\/\/italiansublimefood.com\/it\/wp-json\/wp\/v2\/product\/20067","targetHints":{"allow":["GET"]}}],"collection":[{"href":"https:\/\/italiansublimefood.com\/it\/wp-json\/wp\/v2\/product"}],"about":[{"href":"https:\/\/italiansublimefood.com\/it\/wp-json\/wp\/v2\/types\/product"}],"wp:featuredmedia":[{"embeddable":true,"href":"https:\/\/italiansublimefood.com\/it\/wp-json\/wp\/v2\/media\/21794"}],"wp:attachment":[{"href":"https:\/\/italiansublimefood.com\/it\/wp-json\/wp\/v2\/media?parent=20067"}],"wp:term":[{"taxonomy":"product_brand","embeddable":true,"href":"https:\/\/italiansublimefood.com\/it\/wp-json\/wp\/v2\/product_brand?post=20067"},{"taxonomy":"product_cat","embeddable":true,"href":"https:\/\/italiansublimefood.com\/it\/wp-json\/wp\/v2\/product_cat?post=20067"},{"taxonomy":"product_tag","embeddable":true,"href":"https:\/\/italiansublimefood.com\/it\/wp-json\/wp\/v2\/product_tag?post=20067"}],"curies":[{"name":"wp","href":"https:\/\/api.w.org\/{rel}","templated":true}]}}