{"id":20062,"date":"2024-09-19T15:22:12","date_gmt":"2024-09-19T13:22:12","guid":{"rendered":"https:\/\/italiansublimefood.com\/?post_type=product&#038;p=20062"},"modified":"2025-12-04T11:00:37","modified_gmt":"2025-12-04T10:00:37","slug":"sugo-al-ragu-314-ml-nonna-marida","status":"publish","type":"product","link":"https:\/\/italiansublimefood.com\/it\/prodotto\/sugo-al-ragu-314-ml-nonna-marida\/","title":{"rendered":"SUGO AL RAGU&#8217; 314 ML &#8211; Nonna Marida"},"content":{"rendered":"","protected":false},"excerpt":{"rendered":"<p>&#8211; Rag\u00f9 di Carne Pronto &#8211; L&#8217;Arte del Gusto Tradizionale. Esplora la tradizione culinaria con il nostro Rag\u00f9 di Carne Pronto, un sugo denso e saporito ottenuto dalla lenta cottura di carne macinata e passata di pomodoro. Perfetto per condire le classiche tagliatelle all&#8217;uovo o per le lasagne al forno. Caratteristiche Distintive del Rag\u00f9 di Carne Pronto:\u00a0Carne di Qualit\u00e0 Superiore: Solo carne di alta qualit\u00e0 entra nella preparazione del nostro rag\u00f9 pronto. La lenta cottura permette alla carne di sviluppare sapori intensi e succulenti.\u00a0Passata di Pomodoro Fresco: Utilizziamo solo pomodori freschi per ottenere una passata di pomodoro che contribuisce alla consistenza densa e al gusto ricco del rag\u00f9.\u00a0Sugo Denso e Saporito: Il risultato \u00e8 un sugo denso e saporito, pronto a rendere ogni piatto un&#8217;esperienza gustativa indimenticabile.\u00a0Come Sfruttare il Rag\u00f9 di Carne Pronto:\u00a0Tagliatelle all&#8217;Uovo Tradizionali: Cuoci le classiche tagliatelle all&#8217;uovo e condiscile con il rag\u00f9 di carne per un piatto che riporta in tavola il gusto autentico della cucina italiana.\u00a0Lasagne al Forno: Creare lasagne al forno sar\u00e0 un gioco da ragazzi. Alterna strati di pasta, rag\u00f9 di carne e besciamella per una preparazione che conquister\u00e0 tutti.\u00a0Polenta e Gnocchi: Il rag\u00f9 di carne \u00e8 un compagno perfetto anche per la polenta o per condire degli gnocchi fatti in casa.\u00a0Perch\u00e9 Scegliere il Rag\u00f9 di Carne Pronto:\u00a0Qualit\u00e0 Senza Compromessi: La selezione accurata degli ingredienti garantisce un prodotto di alta qualit\u00e0, pronto a soddisfare i palati pi\u00f9 esigenti.\u00a0Facilit\u00e0 in Cucina: Godi del gusto tradizionale senza dover passare ore ai fornelli. Il rag\u00f9 di carne pronto \u00e8 la soluzione ideale per chi ama la buona cucina ma ha poco tempo da dedicare alla preparazione.<\/p>\n<p>&#8211;<strong>Ingredienti:<\/strong> Salsa di pomodoro 60%(origine Italia), carne suina 18% (origine Italia), carne bovina 9%(origine Italia), olio di oliva, vino rosso, cipolla, basilico, sale. Correttore di acidit\u00e0 naturale E575. Metodo di produzione Acidificazione ph&lt;4.5, Pastorizzazione. <strong>Allergene:<\/strong> Solfiti. <strong>OGM:<\/strong> Assenti. <strong>Valori nutrizionali (valori medi su 100 g di prodotto): <\/strong>Valore energetico 469 Kj \/ 112 Kcal, Grassi 8.3 g, di cui acidi grassi saturi 1.6 g, Carboidrati 2.3 g, di cui zuccheri 2.2 g, Fibre 1.1 g, Proteine 6.5 g, Sale 1.3 g. <strong>Analisi microbiologica: <\/strong>Conta di microrganismi a 30\u00b0 C &lt; 1000 UFC\/g, Muffe &lt; 10 UFC\/g, Lieviti &lt; 10 UFC\/g, Listeria monocytogenes Assente in 25 g, pH&lt;4.4 unit\u00e0 di pH.<br \/>\n<strong>ETICHETTATURA <\/strong>( Rif. Reg UE 1169\/11 e s.m.i): Le etichette apposte sul prodotto all&#8217;atto del confezionamento sono conformi alle normative in vigore. Ogni prodotto riporta in etichetta un numero di lotto. Tutto il sistema di tracciabilit\u00e0 si relaziona alle modalit\u00e0 di produzione fino a risalire alle materie prime ed agli imballaggi. (Reg CE 178\/2002 e normative collegate). Vasetto: GL 70 Raccolta Vetro. Capsula: ALU 41 Raccolta Alluminio. Etichetta: PAP 22 Raccolta Carta. Destinazione d\u2019uso: Prodotto per tutti. Modalit\u00e0 d\u2019uso Prodotto pronto all\u2019uso. Una volta aperta la confezione, conservare in frigo (+2 \u00b0C \/+5 \u00b0C) e consumare entro 3\/4 gg. Modalit\u00e0 di stoccaggio: In luogo fresco e asciutto lontano da fonti di luce e calore.<strong> Shelf life:<\/strong> 24 mesi. Confezione da 314 ml. Peso netto: 270 g. Descrizione imballaggio: Vasetti in vetro con capsula a vite. Modalit\u00e0 di trasporto: In regime non refrigerato.<\/p>\n","protected":false},"featured_media":21800,"template":"","meta":[],"product_brand":[],"product_cat":[177],"product_tag":[272],"class_list":{"0":"post-20062","1":"product","2":"type-product","3":"status-publish","4":"has-post-thumbnail","6":"product_cat-conserve-e-sughi","7":"product_tag-nonna-marida","9":"first","10":"instock","11":"taxable","12":"shipping-taxable","13":"purchasable","14":"product-type-simple"},"_links":{"self":[{"href":"https:\/\/italiansublimefood.com\/it\/wp-json\/wp\/v2\/product\/20062","targetHints":{"allow":["GET"]}}],"collection":[{"href":"https:\/\/italiansublimefood.com\/it\/wp-json\/wp\/v2\/product"}],"about":[{"href":"https:\/\/italiansublimefood.com\/it\/wp-json\/wp\/v2\/types\/product"}],"wp:featuredmedia":[{"embeddable":true,"href":"https:\/\/italiansublimefood.com\/it\/wp-json\/wp\/v2\/media\/21800"}],"wp:attachment":[{"href":"https:\/\/italiansublimefood.com\/it\/wp-json\/wp\/v2\/media?parent=20062"}],"wp:term":[{"taxonomy":"product_brand","embeddable":true,"href":"https:\/\/italiansublimefood.com\/it\/wp-json\/wp\/v2\/product_brand?post=20062"},{"taxonomy":"product_cat","embeddable":true,"href":"https:\/\/italiansublimefood.com\/it\/wp-json\/wp\/v2\/product_cat?post=20062"},{"taxonomy":"product_tag","embeddable":true,"href":"https:\/\/italiansublimefood.com\/it\/wp-json\/wp\/v2\/product_tag?post=20062"}],"curies":[{"name":"wp","href":"https:\/\/api.w.org\/{rel}","templated":true}]}}