{"id":20050,"date":"2024-09-19T15:14:09","date_gmt":"2024-09-19T13:14:09","guid":{"rendered":"https:\/\/italiansublimefood.com\/?post_type=product&#038;p=20050"},"modified":"2025-12-04T11:00:40","modified_gmt":"2025-12-04T10:00:40","slug":"sugo-alla-nduia-314-ml-nonna-marida","status":"publish","type":"product","link":"https:\/\/italiansublimefood.com\/it\/prodotto\/sugo-alla-nduia-314-ml-nonna-marida\/","title":{"rendered":"SUGO ALLA NDUIA 314 ML &#8211; Nonna Marida"},"content":{"rendered":"","protected":false},"excerpt":{"rendered":"<p>&#8211; Sugo Pronto con &#8216;Nduja &#8211; Un&#8217;Esplosione di Gusto Calabrese. Immergiti nell&#8217;irresistibile sapore calabrese con il nostro Sugo Pronto con &#8216;Nduja. Questa specialit\u00e0, che ci qualifica in tutto il mondo, unisce l&#8217;intenso e gustoso sapore della &#8216;Nduja con la polpa di pomodoro per creare uno dei sughi pi\u00f9 particolari e deliziosi della nostra gamma. Caratteristiche Distintive del Sugo Pronto con &#8216;Nduja:\u00a0&#8216;Nduja Autentica: La &#8216;Nduja, prodotto tipico calabrese, dona al sugo una nota piccante e saporita che rende ogni morso un&#8217;esperienza unica.\u00a0Polpa di Pomodoro di Alta Qualit\u00e0: Utilizziamo solo polpa di pomodoro di alta qualit\u00e0 per garantire un sugo dalla consistenza perfetta e dal gusto fresco.\u00a0Intensit\u00e0 e Complessit\u00e0: L&#8217;unione di questi ingredienti crea un sugo pronto che si distingue per la sua intensit\u00e0 e complessit\u00e0 di sapori, ideale per arricchire qualsiasi piatto.\u00a0Come Sfruttare il Sugo Pronto con &#8216;Nduja:\u00a0Pasta Esplosiva: Cuoci la tua pasta preferita e condiscila con il Sugo Pronto con &#8216;Nduja per una versione esplosiva di un classico italiano.\u00a0Pizza Gustosa: Utilizza il sugo come base per la tua pizza, aggiungendo formaggi, verdure e altri ingredienti a piacere.\u00a0Carne e Pesce: Prova il sugo come condimento per carne o pesce alla griglia per un tocco piccante e delizioso.\u00a0Perch\u00e9 Scegliere il Sugo Pronto con &#8216;Nduja:\u00a0Eccellenza Calabrese: La nostra &#8216;Nduja \u00e8 sinonimo di eccellenza calabrese, garantendo un prodotto di altissima qualit\u00e0.\u00a0Versatilit\u00e0 in Cucina: Dalla pasta alla pizza, dal pesce alla carne, il Sugo Pronto con &#8216;Nduja si presta a molteplici utilizzi, permettendoti di esplorare la cucina calabrese in modo creativo.<\/p>\n<p>&#8211;<strong>Ingredienti:<\/strong> Polpa di pomodoro 85%(origine Italia), \u2018nduja 8% (origine Italia), olio extra vergine di oliva, cipolla, sale. <strong>Metodo di produzione:<\/strong> Precottura, Pastorizzazione. <strong>Allergene: <\/strong>Assenti. <strong>OGM:<\/strong> Assenti. <strong>Valori nutrizionali (valori medi su 100 g di prodotto): <\/strong>Valore energetico 352.9 Kj \/ 84.3 Kcal, Grassi 6.2 g, di cui acidi grassi saturi 1.8 g, Carboidrati 5 g, di cui zuccheri 3.9 g, Fibre 1.4 g, Proteine 2.2 g, Sale 2.2 g. <strong>Analisi microbiologica: <\/strong>Conta di microrganismi a 30\u00b0 C &lt; 1000 UFC\/g, Muffe &lt; 10 UFC\/g, Lieviti &lt; 10 UFC\/g, Listeria monocytogenes Assente in 25 g, pH &lt; 4.4 unit\u00e0 di pH. <strong>ETICHETTATURA <\/strong>(Rif. Reg UE 1169\/11 e s.m.i): Le etichette apposte sul prodotto all&#8217;atto del confezionamento sono conformi alle normative in vigore. Ogni prodotto riporta in etichetta un numero di lotto. Tutto il sistema di tracciabilit\u00e0 si relaziona alle modalit\u00e0 di produzione<br \/>\nfino a risalire alle materie prime ed agli imballaggi\u00a0 (Reg CE 178\/2002 e normative collegate). Vasetto: GL 70 Raccolta VETRO. Capsula: ALU 41 Raccolta ALLUMINIO. Etichetta: PAP 22 Raccolta Carta. Destinazione d\u2019uso: Prodotto per tutti. Modalit\u00e0 d\u2019uso: Prodotto pronto all\u2019uso. Una volta aperta la confezione, conservare in frigo (+2 \u00b0C \/+5 \u00b0C) e consumare entro 3\/4 gg. Modalit\u00e0 di stoccaggio: In luogo fresco e asciutto lontano da fonti di luce e calore. <strong>Shelf life:<\/strong> 24 mesi. Confezione da 314 ml. Peso netto: 270 g. Descrizione imballaggio: Vasetti in vetro con capsula a vite. Modalit\u00e0 di trasporto: In regime non refrigerato.<\/p>\n","protected":false},"featured_media":21845,"template":"","meta":[],"product_brand":[],"product_cat":[177],"product_tag":[272],"class_list":{"0":"post-20050","1":"product","2":"type-product","3":"status-publish","4":"has-post-thumbnail","6":"product_cat-conserve-e-sughi","7":"product_tag-nonna-marida","9":"first","10":"instock","11":"taxable","12":"shipping-taxable","13":"purchasable","14":"product-type-simple"},"_links":{"self":[{"href":"https:\/\/italiansublimefood.com\/it\/wp-json\/wp\/v2\/product\/20050","targetHints":{"allow":["GET"]}}],"collection":[{"href":"https:\/\/italiansublimefood.com\/it\/wp-json\/wp\/v2\/product"}],"about":[{"href":"https:\/\/italiansublimefood.com\/it\/wp-json\/wp\/v2\/types\/product"}],"wp:featuredmedia":[{"embeddable":true,"href":"https:\/\/italiansublimefood.com\/it\/wp-json\/wp\/v2\/media\/21845"}],"wp:attachment":[{"href":"https:\/\/italiansublimefood.com\/it\/wp-json\/wp\/v2\/media?parent=20050"}],"wp:term":[{"taxonomy":"product_brand","embeddable":true,"href":"https:\/\/italiansublimefood.com\/it\/wp-json\/wp\/v2\/product_brand?post=20050"},{"taxonomy":"product_cat","embeddable":true,"href":"https:\/\/italiansublimefood.com\/it\/wp-json\/wp\/v2\/product_cat?post=20050"},{"taxonomy":"product_tag","embeddable":true,"href":"https:\/\/italiansublimefood.com\/it\/wp-json\/wp\/v2\/product_tag?post=20050"}],"curies":[{"name":"wp","href":"https:\/\/api.w.org\/{rel}","templated":true}]}}