{"id":20042,"date":"2024-09-19T15:08:56","date_gmt":"2024-09-19T13:08:56","guid":{"rendered":"https:\/\/italiansublimefood.com\/?post_type=product&#038;p=20042"},"modified":"2025-12-04T11:00:43","modified_gmt":"2025-12-04T10:00:43","slug":"sugo-alle-cipolle-314-ml-nonna-marida","status":"publish","type":"product","link":"https:\/\/italiansublimefood.com\/it\/prodotto\/sugo-alle-cipolle-314-ml-nonna-marida\/","title":{"rendered":"SUGO ALLE CIPOLLE 314 ML &#8211; Nonna Marida"},"content":{"rendered":"","protected":false},"excerpt":{"rendered":"<p>&#8211; Sugo Pronto alle Cipolle &#8211; Il Gusto Avvolgente della Tradizione. Il nostro Sugo Pronto alle Cipolle \u00e8 un viaggio culinario attraverso la tradizione, dove il dolce e avvolgente aroma delle cipolle si fonde con una base ricca e saporita. Preparato con cura utilizzando solo ingredienti freschi e selezionati, questo sugo pronto \u00e8 pronto a trasformare ogni tuo pasto in un&#8217;esperienza gastronomica memorabile. Caratteristiche Distintive del Sugo Pronto alle Cipolle: Dolcezza delle Cipolle: Le cipolle dolci e aromatiche sono l&#8217;ingrediente principale, conferendo al sugo un sapore deliziosamente equilibrato. Base Ricca: Le cipolle sono lentamente stufate per creare una base ricca e avvolgente, perfetta per accompagnare una variet\u00e0 di piatti. Ingredienti Freschi:\u00a0 Utilizziamo solo cipolle fresche e ingredienti di alta qualit\u00e0, garantendo la massima bont\u00e0 e autenticit\u00e0.\u00a0Come Sfruttare il Sugo Pronto alle Cipolle:\u00a0Pasta Saporita: Cuoci la tua pasta preferita e amalgama il sugo alle cipolle per un piatto ricco di sapore e tradizione.\u00a0Contorno Gustoso: Utilizza il sugo come contorno per carni alla griglia o arrosti, aggiungendo una nota aromaticamente dolce.\u00a0Base Creativa: Usa il Sugo Pronto alle Cipolle come base per ricette creative, come lasagne o piatti a base di verdure.\u00a0Perch\u00e9 Scegliere il Sugo Pronto alle Cipolle:\u00a0Tradizione in Ogni Morso: Il nostro sugo \u00e8 un omaggio alla tradizione culinaria, portando sulla tua tavola il gusto autentico delle cipolle slow-cooked.\u00a0Versatilit\u00e0: Adattabile a una variet\u00e0 di piatti, questo sugo pronto \u00e8 l&#8217;alleato perfetto per rendere ogni pasto speciale.<\/p>\n<p>&#8211;<strong>Ingredienti:<\/strong> Polpa di pomodoro 90%(origine Italia), cipolla 8% , olio extra vergine di oliva, sale.<br \/>\n<strong>Metodo di produzione:<\/strong> Acidificazione ph&lt;4.5, Pastorizzazione. <strong>Allergeni:<\/strong> Assenti. <strong>OGM: <\/strong>Assenti. <strong>Valori nutrizionali (valori medi su 100 g di prodotto): <\/strong>Valore energetico 220 Kj \/ 52.6 Kcal, Grassi 2.2 g, di cui acidi grassi saturi 0.3 g, Carboidrati 6.7 g, di cui zuccheri 5.7 g, Fibre 1.5 g, Proteine 1.5 g, Sale 2.2 g. <strong>Analisi microbiologica: <\/strong>Conta di microrganismi a 30\u00b0 C &lt; 1000 UFC\/g, Muffe &lt; 10 UFC\/g, Lieviti &lt; 10 UFC\/g, Listeria monocytogenes Assente in 25 g, pH &lt; 4.4 unit\u00e0 di pH. <strong>ETICHETTATURA <\/strong>(Rif. Reg UE 1169\/11 e s.m.i): Le etichette apposte sul prodotto all&#8217;atto del confezionamento sono\u00a0conformi alle normative in vigore. Ogni prodotto riporta in etichetta un numero di lotto. Tutto il sistema di tracciabilit\u00e0 si relaziona alle modalit\u00e0 di produzione<br \/>\nfino a risalire alle materie prime ed agli imballaggi (Reg CE 178\/2002 e normative collegate). Vasetto: GL 70 Raccolta VETRO. Capsula: ALU 41 Raccolta Alluminio. Etichetta: PAP 22 Raccolta Carta. Destinazione d\u2019uso: Prodotto per tutti. Idoneo all\u2019alimentazione vegana e vegetariana. Modalit\u00e0 d\u2019uso Prodotto pronto all\u2019uso. Una volta aperta la confezione, conservare in frigo (+2 \u00b0C \/+5 \u00b0C) e consumare entro 3\/4 gg. Modalit\u00e0 di stoccaggio: In luogo fresco e asciutto lontano da fonti di luce e calore. <strong>Shelf life:<\/strong> 24 mesi. Confezione da 314 ml. Peso netto: 270 g. Descrizione imballaggio: Vasetti in vetro con capsula a vite. Modalit\u00e0 di trasporto: In regime non refrigerato.<\/p>\n","protected":false},"featured_media":21863,"template":"","meta":[],"product_brand":[],"product_cat":[177],"product_tag":[272],"class_list":{"0":"post-20042","1":"product","2":"type-product","3":"status-publish","4":"has-post-thumbnail","6":"product_cat-conserve-e-sughi","7":"product_tag-nonna-marida","9":"first","10":"instock","11":"taxable","12":"shipping-taxable","13":"purchasable","14":"product-type-simple"},"_links":{"self":[{"href":"https:\/\/italiansublimefood.com\/it\/wp-json\/wp\/v2\/product\/20042","targetHints":{"allow":["GET"]}}],"collection":[{"href":"https:\/\/italiansublimefood.com\/it\/wp-json\/wp\/v2\/product"}],"about":[{"href":"https:\/\/italiansublimefood.com\/it\/wp-json\/wp\/v2\/types\/product"}],"wp:featuredmedia":[{"embeddable":true,"href":"https:\/\/italiansublimefood.com\/it\/wp-json\/wp\/v2\/media\/21863"}],"wp:attachment":[{"href":"https:\/\/italiansublimefood.com\/it\/wp-json\/wp\/v2\/media?parent=20042"}],"wp:term":[{"taxonomy":"product_brand","embeddable":true,"href":"https:\/\/italiansublimefood.com\/it\/wp-json\/wp\/v2\/product_brand?post=20042"},{"taxonomy":"product_cat","embeddable":true,"href":"https:\/\/italiansublimefood.com\/it\/wp-json\/wp\/v2\/product_cat?post=20042"},{"taxonomy":"product_tag","embeddable":true,"href":"https:\/\/italiansublimefood.com\/it\/wp-json\/wp\/v2\/product_tag?post=20042"}],"curies":[{"name":"wp","href":"https:\/\/api.w.org\/{rel}","templated":true}]}}