{"id":19970,"date":"2024-09-19T14:08:02","date_gmt":"2024-09-19T12:08:02","guid":{"rendered":"https:\/\/italiansublimefood.com\/?post_type=product&#038;p=19970"},"modified":"2025-12-04T11:00:51","modified_gmt":"2025-12-04T10:00:51","slug":"nduia-212-ml-nonna-marida","status":"publish","type":"product","link":"https:\/\/italiansublimefood.com\/it\/prodotto\/nduia-212-ml-nonna-marida\/","title":{"rendered":"NDUIA 212 ML &#8211; Nonna Marida"},"content":{"rendered":"","protected":false},"excerpt":{"rendered":"<p>&#8211; Nduja Calabrese Spalmabile &#8211; Gusto Audace in Ogni Cucchiaino. Benvenuti nel nostro ecommerce, dove vi presentiamo la &#8216;Nduja Calabrese Spalmabile, un autentico capolavoro culinario direttamente dalla Calabria. Questo salume tipico \u00e8 una delizia amata in tutto il mondo per il suo sapore unico e audace. La &#8216;Nduja \u00e8 una pasta morbida e spalmabile, realizzata con peperoncini rossi locali e carne di maiale di alta qualit\u00e0, trasformando ogni cucchiaino in un&#8217;esperienza gastronomica indimenticabile. Come Gustare la &#8216;Nduja Calabrese Spalmabile:\u00a0Pane Croccante e Bruschette: Spalmate generosamente la &#8216;Nduja su fette di pane croccante o bruschette per creare antipasti irresistibili e ricchi di sapore.\u00a0Condimento per la Pasta: Mescolate la &#8216;Nduja con la vostra pasta preferita per un piatto di pasta che sprigiona gusto e intensit\u00e0.\u00a0Base per la Pizza: Utilizzate la &#8216;Nduja come base per la vostra pizza, trasformandola in una creazione culinaria unica.\u00a0Insaporitore per Risotti: Aggiungete una dolce spalmata di &#8216;Nduja durante la preparazione dei risotti per un tocco di calore e profondit\u00e0.\u00a0Accompagnamento a Formaggi: Accompagnate i vostri formaggi preferiti con la &#8216;Nduja per una combinazione di sapori che delizier\u00e0 il palato.\u00a0Perch\u00e9 Scegliere la &#8216;Nduja Calabrese Spalmabile:\u00a0Sapore Unico e Audace: La &#8216;Nduja offre un sapore audace e unico, un equilibrio perfetto tra il piccante del peperoncino e la morbidezza della carne di maiale.\u00a0Versatilit\u00e0 in Cucina: La consistenza spalmabile rende la &#8216;Nduja ideale per una variet\u00e0 di piatti, dalla pasta alle bruschette, conferendo un tocco speciale a ogni creazione.<\/p>\n<p>&#8211;<strong>Ingredienti:<\/strong> Grasso e carne suina 92 %(origine Italia), olio extra vergine di oliva , olio di semi di girasole, peperoncino, sale. <strong>Metodo di produzione<\/strong> Invasettamento, Pastorizzazione. <strong>Allergeni:<\/strong> Nessuno. <strong>OGM:<\/strong> Assenti. <strong>Valori nutrizionali (valori medi su 100 g di prodotto): <\/strong>Valore energetico 2238 Kj \/ 535 Kcal, Grassi 54 g, di cui acidi grassi saturi 10 g, Carboidrati 1.13 g, di cui zuccheri 0.4 g, Fibra 0 g, Proteine 11 g, Sale 3 g. <strong>Analisi microbiologica: <\/strong>Conta di microrganismi a 30\u00b0 C &lt; 100.000 UFC\/g, Muffe &lt; 10 UFC\/g, Lieviti &lt; 10 UFC\/g, Listeria monocytogenes Assente in 25 g, pH &lt; 4.4 unit\u00e0 di pH, Determinazione attivit\u00e0 acqua (aw) &lt; 0,92. <strong>ETICHETTATURA <\/strong>(Rif. Reg UE 1169\/11 e s.m.i): Le etichette apposte sul prodotto all&#8217;atto del confezionamento sono\u00a0conformi alle normative in vigore. Ogni prodotto riporta in etichetta un numero di lotto. Tutto il sistema di tracciabilit\u00e0 si relaziona alle modalit\u00e0 di produzione fino a risalire alle materie prime ed agli imballaggi (Reg CE 178\/2002 e normative collegate). Vasetto: GL 70 Raccolta Vetro. Capsula: ALU 41 Raccolta Alluminio. Etichetta: PAP 22 Raccolta Carta. Destinazione d\u2019uso: Prodotto per tutti. Idoneo all\u2019alimentazione vegana e vegetariana. Modalit\u00e0 d\u2019uso: Prodotto pronto all\u2019uso. Una volta aperta la confezione, aver cura di<br \/>\nmantenere il prodotto ricoperto di olio, conservare in frigo (+2 \u00b0C \/+5 \u00b0C) e consumare entro 3\/4 gg. Modalit\u00e0 di stoccaggio: In luogo fresco e asciutto lontano da fonti di luce e calore.<strong> Shelf life:<\/strong> 24 mesi. Confezione da 212 ml. Peso netto 190 g. Descrizione imballaggio: Vasetti in vetro con capsula a vite. Modalit\u00e0 di trasporto: In regime non refrigerato.<\/p>\n","protected":false},"featured_media":22025,"template":"","meta":[],"product_brand":[],"product_cat":[177],"product_tag":[272],"class_list":{"0":"post-19970","1":"product","2":"type-product","3":"status-publish","4":"has-post-thumbnail","6":"product_cat-conserve-e-sughi","7":"product_tag-nonna-marida","9":"first","10":"instock","11":"taxable","12":"shipping-taxable","13":"purchasable","14":"product-type-simple"},"_links":{"self":[{"href":"https:\/\/italiansublimefood.com\/it\/wp-json\/wp\/v2\/product\/19970","targetHints":{"allow":["GET"]}}],"collection":[{"href":"https:\/\/italiansublimefood.com\/it\/wp-json\/wp\/v2\/product"}],"about":[{"href":"https:\/\/italiansublimefood.com\/it\/wp-json\/wp\/v2\/types\/product"}],"wp:featuredmedia":[{"embeddable":true,"href":"https:\/\/italiansublimefood.com\/it\/wp-json\/wp\/v2\/media\/22025"}],"wp:attachment":[{"href":"https:\/\/italiansublimefood.com\/it\/wp-json\/wp\/v2\/media?parent=19970"}],"wp:term":[{"taxonomy":"product_brand","embeddable":true,"href":"https:\/\/italiansublimefood.com\/it\/wp-json\/wp\/v2\/product_brand?post=19970"},{"taxonomy":"product_cat","embeddable":true,"href":"https:\/\/italiansublimefood.com\/it\/wp-json\/wp\/v2\/product_cat?post=19970"},{"taxonomy":"product_tag","embeddable":true,"href":"https:\/\/italiansublimefood.com\/it\/wp-json\/wp\/v2\/product_tag?post=19970"}],"curies":[{"name":"wp","href":"https:\/\/api.w.org\/{rel}","templated":true}]}}