{"id":19931,"date":"2024-09-19T12:59:16","date_gmt":"2024-09-19T10:59:16","guid":{"rendered":"https:\/\/italiansublimefood.com\/?post_type=product&#038;p=19931"},"modified":"2025-12-04T11:00:59","modified_gmt":"2025-12-04T10:00:59","slug":"peperoncini-piaccanti-macinati-212-ml-nonna-marida","status":"publish","type":"product","link":"https:\/\/italiansublimefood.com\/it\/prodotto\/peperoncini-piaccanti-macinati-212-ml-nonna-marida\/","title":{"rendered":"PEPERONCINI PICCANTI MACINATI 212 ML &#8211; Nonna Marida"},"content":{"rendered":"","protected":false},"excerpt":{"rendered":"<p>&#8211; Peperoncino Sottolio &#8211; L&#8217;Eccellenza Piccante della Cucina Calabrese. Benvenuti nel nostro ecommerce, dove vi presentiamo il nostro Peperoncino Sottolio, il principe indiscusso della cucina calabrese e il nostro prodotto di eccellenza. Questo ingrediente di carattere \u00e8 protagonista in molti dei nostri sottoli, tritato grossolanamente a scaglie per donare non solo il classico gusto piccante, ma anche un tocco di bellezza con il suo colore rosso intenso. Caratteristiche Principali:\u00a0Principe della Cucina Calabrese: Il peperoncino \u00e8 da sempre il protagonista indiscusso della cucina calabrese, e la nostra versione sottolio \u00e8 un omaggio alla sua centralit\u00e0 nella gastronomia locale.\u00a0Tritato Grossolanamente a Scaglie: Le scaglie di peperoncino, tritate con cura, offrono una texture grossolana che si sposa perfettamente con molti piatti, donando loro una nota piccante e un caratteristico colore rosso intenso.\u00a0Versatilit\u00e0 in Cucina: L&#8217;uso del peperoncino sottolio non \u00e8 solo per il gusto piccante, ma anche per impreziosire visivamente ogni piatto, trasformandolo in un&#8217;opera d&#8217;arte culinaria.\u00a0Perch\u00e9 Scegliere il Peperoncino Sottolio:\u00a0Gusto Tradizionale Calabrese: Il nostro peperoncino sottolio \u00e8 un tributo alla tradizione culinaria calabrese, portando in tavola il gusto autentico della regione.\u00a0Vivacit\u00e0 e Colore Intenso: Oltre al suo caratteristico sapore piccante, il peperoncino contribuisce a vivacizzare ogni pietanza con il suo colore rosso intenso, creando un&#8217;esperienza multisensoriale.<\/p>\n<p><strong>-Ingredienti:<\/strong> Peperoncini piccanti 72 %, Olio di Semi di Girasole 20 %, Olio Extra Vergine di Oliva 8%, sale. <strong>Metodo di produzione:<\/strong> Pastorizzazione. <strong>Allergeni: <\/strong>Assenti. <strong>OGM:<\/strong> Assenti.<strong> Valori nutrizionali ( valori medi su 100 g di prodotto): <\/strong>Valore energetico 1380 Kj \/ 332 Kcal, Grassi 16 g (di cui acidi grassi saturi 2.0 g), Carboidrati 26 g (di cui zuccheri 0.5 g),\u00a0 Fibre 20 g, Proteine 11 g, Sale 1.5 g. <strong>Analisi microbiologica:<\/strong> Conta di microrganismi a 30\u00b0 C &lt; 10 UFC\/g, Muffe &lt; 10 UFC\/g, Lieviti &lt; 10 UFC\/g. <strong>Listeria monocytogenes: <\/strong>Assente in 25\u00a0 pH &lt; 4.3 unit\u00e0 di pH. <strong>ETICHETTATURA<\/strong> ( Rif. Reg UE 1169\/11 e s.m.i): Le etichette apposte sul prodotto all&#8217;atto del confezionamento sono conformi alle normative in vigore. Ogni prodotto riporta in etichetta un numero di lotto. Tutto il sistema di tracciabilit\u00e0 si relaziona alle modalit\u00e0 di produzione fino a risalire alle materie prime ed agli imballaggi. (Reg CE 178\/2002 e normative collegate) Vasetto GL 70 Raccolta Vetro. Capsula ALU 41 Raccolta Alluminio. Etichetta PAP 22 Raccolta Carta. Prodotto per tutti. Idoneo all\u2019alimentazione vegana e vegetariana. Prodotto pronto all\u2019uso. Una volta aperta la confezione, aver cura di mantenere il prodotto ricoperto di olio, conservare in frigo (+2 \u00b0C \/+5 \u00b0C) e consumare entro 3\/4 gg. Modalit\u00e0 di stoccaggio: In luogo fresco e asciutto lontano da fonti di luce e calore. <strong>Shelf life<\/strong> 24 mesi. Confezione da 212 ml. Peso netto 190 g. Descrizione imballaggio: Vasetti in vetro con capsula a vite. Modalit\u00e0 di trasporto: In regime non refrigerato.<\/p>\n","protected":false},"featured_media":22123,"template":"","meta":[],"product_brand":[],"product_cat":[177],"product_tag":[272],"class_list":{"0":"post-19931","1":"product","2":"type-product","3":"status-publish","4":"has-post-thumbnail","6":"product_cat-conserve-e-sughi","7":"product_tag-nonna-marida","9":"first","10":"instock","11":"taxable","12":"shipping-taxable","13":"purchasable","14":"product-type-simple"},"_links":{"self":[{"href":"https:\/\/italiansublimefood.com\/it\/wp-json\/wp\/v2\/product\/19931","targetHints":{"allow":["GET"]}}],"collection":[{"href":"https:\/\/italiansublimefood.com\/it\/wp-json\/wp\/v2\/product"}],"about":[{"href":"https:\/\/italiansublimefood.com\/it\/wp-json\/wp\/v2\/types\/product"}],"wp:featuredmedia":[{"embeddable":true,"href":"https:\/\/italiansublimefood.com\/it\/wp-json\/wp\/v2\/media\/22123"}],"wp:attachment":[{"href":"https:\/\/italiansublimefood.com\/it\/wp-json\/wp\/v2\/media?parent=19931"}],"wp:term":[{"taxonomy":"product_brand","embeddable":true,"href":"https:\/\/italiansublimefood.com\/it\/wp-json\/wp\/v2\/product_brand?post=19931"},{"taxonomy":"product_cat","embeddable":true,"href":"https:\/\/italiansublimefood.com\/it\/wp-json\/wp\/v2\/product_cat?post=19931"},{"taxonomy":"product_tag","embeddable":true,"href":"https:\/\/italiansublimefood.com\/it\/wp-json\/wp\/v2\/product_tag?post=19931"}],"curies":[{"name":"wp","href":"https:\/\/api.w.org\/{rel}","templated":true}]}}