{"id":19258,"date":"2024-09-18T00:40:32","date_gmt":"2024-09-17T22:40:32","guid":{"rendered":"https:\/\/italiansublimefood.com\/product\/buzzonaglia-di-tonnetto-del-mediterraneo-in-olio-di-oliva-190-grammi\/"},"modified":"2026-02-22T11:40:09","modified_gmt":"2026-02-22T10:40:09","slug":"buzzonaglia-di-tonnetto-del-mediterraneo-in-olio-di-oliva-190-grammi","status":"publish","type":"product","link":"https:\/\/italiansublimefood.com\/it\/prodotto\/buzzonaglia-di-tonnetto-del-mediterraneo-in-olio-di-oliva-190-grammi\/","title":{"rendered":"Buzzonaglia Di Tonnetto Del Mediterraneo In Olio Di Oliva 190gr &#8211; TONNOMAREMIO"},"content":{"rendered":"","protected":false},"excerpt":{"rendered":"<p>-Prodotto in vaso. -La buzzonaglia \u00e8 costituita dalla parte del filetto di tonno a contatto con la lisca centrale infatti si presenta con tratti di colore scuro ed \u00e8 caratterizzata da un sapore intenso. -E\u2019 costituita dalle parti di filetto pi\u00f9 vicine alla lisca centrale e quindi pi\u00f9 irrorate di sangue, ragione questa per cui i pezzetti di tonno risultano pi\u00f9 scure e dal sapore deciso ed intenso. -La buzzonaglia di tonno \u00e8 perfetta per realizzare dei primi piatti gustosi o sfiziosissimi antipasti di mare. -Da provare l\u2019abbinamento con capperi, olive e ciliegino.<\/p>\n<p>-INFORMAZIONI AGGIUNTIVE: Buzzonaglia di Tonnetto del Mediterraneo in olio d\u2019oliva lavorata a mano. -INGREDIENTI: TONNETTO (Euthynnus alletteratus-PESCE), olio d\u2019oliva, sale marino. -ALLERGENI: Pesce (tonno). -CONFEZIONE: Vaso di vetro svuota facile, capsula twist \u2013 off salvafreschezza con flip. -CARATTERISTICHE ORGANOLETTICHE: Aspetto: pezzetti di tonno. Colore: marrone scuro e chiaro. Profumo: Tipico, intenso di pesce. Gusto: Tipico, deciso intenso di pesce. -MODALITA\u2019 DI CONSERVAZIONE: Conservare in un luogo fresco e asciutto. Dopo l\u2019apertura conservare in frigo coperto con olio e consumare entro 2 giorni. -VALORI NUTRIZIONALI (Valori medi per 100g di prodotto): -ENERGIA KJ\/Kcal: 1215\/291. -GRASSI: 17.3g( di cui acidi grassi saturi: 1.14g). -CARBOIDRATI: 0.0g( di cui zuccheri: 0.0g). -PROTEINE: 33g. -SALE: 2.13g.<\/p>\n","protected":false},"featured_media":0,"template":"","meta":[],"product_brand":[],"product_cat":[184],"product_tag":[281],"class_list":{"0":"post-19258","1":"product","2":"type-product","3":"status-publish","5":"product_cat-prodotti-ittici","6":"product_tag-tonno-mare-mio","8":"first","9":"outofstock","10":"taxable","11":"shipping-taxable","12":"purchasable","13":"product-type-simple"},"_links":{"self":[{"href":"https:\/\/italiansublimefood.com\/it\/wp-json\/wp\/v2\/product\/19258","targetHints":{"allow":["GET"]}}],"collection":[{"href":"https:\/\/italiansublimefood.com\/it\/wp-json\/wp\/v2\/product"}],"about":[{"href":"https:\/\/italiansublimefood.com\/it\/wp-json\/wp\/v2\/types\/product"}],"wp:attachment":[{"href":"https:\/\/italiansublimefood.com\/it\/wp-json\/wp\/v2\/media?parent=19258"}],"wp:term":[{"taxonomy":"product_brand","embeddable":true,"href":"https:\/\/italiansublimefood.com\/it\/wp-json\/wp\/v2\/product_brand?post=19258"},{"taxonomy":"product_cat","embeddable":true,"href":"https:\/\/italiansublimefood.com\/it\/wp-json\/wp\/v2\/product_cat?post=19258"},{"taxonomy":"product_tag","embeddable":true,"href":"https:\/\/italiansublimefood.com\/it\/wp-json\/wp\/v2\/product_tag?post=19258"}],"curies":[{"name":"wp","href":"https:\/\/api.w.org\/{rel}","templated":true}]}}