{"id":18983,"date":"2024-09-04T11:49:45","date_gmt":"2024-09-04T09:49:45","guid":{"rendered":"https:\/\/italiansublimefood.com\/product\/ciambelline-della-nonna\/"},"modified":"2026-03-14T17:28:39","modified_gmt":"2026-03-14T16:28:39","slug":"ciambelline-della-nonna","status":"publish","type":"product","link":"https:\/\/italiansublimefood.com\/it\/prodotto\/ciambelline-della-nonna\/","title":{"rendered":"Ciambelline della nonna 250g &#8211; Retr\u00f2 Gusto srls"},"content":{"rendered":"","protected":false},"excerpt":{"rendered":"<p>-Le ciambelline della nonna sono dei biscotti che fanno parte della tradizione di famiglia, con ingredienti semplici e genuini nonna Elena riuniva tutti davanti alla tavola della cucina e preparava questa delizia che oggi vi riproponiamo con la stessa semplicit\u00e0 e artigianalit\u00e0 di un tempo, un biscotto che vola direttamente dalla bocca al cuore. La classica ciambellina della nonna nella sua forma pi\u00f9 pura, un biscotto che ti colpir\u00e0 per la sua semplicit\u00e0. <strong>PESO:<\/strong> 250gr.<\/p>\n<p><strong>-INGREDIENTI:<\/strong> farina\u201d00\u201d, zucchero, margarina, uova, latte, miele, agente lievitante E450. <strong>ALLERGENI:<\/strong> contiene farina, uova, latte, potrebbe contenere tracce di frutta a guscio e\/o arachidi. <strong>SHELF LIFE:<\/strong> 9 mesi.<\/p>\n","protected":false},"featured_media":20885,"template":"","meta":[],"product_brand":[],"product_cat":[178],"product_tag":[277],"class_list":{"0":"post-18983","1":"product","2":"type-product","3":"status-publish","4":"has-post-thumbnail","6":"product_cat-dolci-confetture-e-mieli","7":"product_tag-retro-gusto","9":"first","10":"instock","11":"taxable","12":"shipping-taxable","13":"purchasable","14":"product-type-simple"},"_links":{"self":[{"href":"https:\/\/italiansublimefood.com\/it\/wp-json\/wp\/v2\/product\/18983","targetHints":{"allow":["GET"]}}],"collection":[{"href":"https:\/\/italiansublimefood.com\/it\/wp-json\/wp\/v2\/product"}],"about":[{"href":"https:\/\/italiansublimefood.com\/it\/wp-json\/wp\/v2\/types\/product"}],"wp:featuredmedia":[{"embeddable":true,"href":"https:\/\/italiansublimefood.com\/it\/wp-json\/wp\/v2\/media\/20885"}],"wp:attachment":[{"href":"https:\/\/italiansublimefood.com\/it\/wp-json\/wp\/v2\/media?parent=18983"}],"wp:term":[{"taxonomy":"product_brand","embeddable":true,"href":"https:\/\/italiansublimefood.com\/it\/wp-json\/wp\/v2\/product_brand?post=18983"},{"taxonomy":"product_cat","embeddable":true,"href":"https:\/\/italiansublimefood.com\/it\/wp-json\/wp\/v2\/product_cat?post=18983"},{"taxonomy":"product_tag","embeddable":true,"href":"https:\/\/italiansublimefood.com\/it\/wp-json\/wp\/v2\/product_tag?post=18983"}],"curies":[{"name":"wp","href":"https:\/\/api.w.org\/{rel}","templated":true}]}}