{"id":18905,"date":"2024-08-02T15:58:45","date_gmt":"2024-08-02T13:58:45","guid":{"rendered":"https:\/\/italiansublimefood.com\/product\/lamone-doc-orcia\/"},"modified":"2026-03-14T18:28:51","modified_gmt":"2026-03-14T17:28:51","slug":"lamone-doc-orcia","status":"publish","type":"product","link":"https:\/\/italiansublimefood.com\/it\/prodotto\/lamone-doc-orcia\/","title":{"rendered":"LAMONE DOC ORCIA &#8211; Mulino Val d&#8217;Orcia"},"content":{"rendered":"<p>&nbsp;<\/p>\n<p>&nbsp;<\/p>\n<p>&nbsp;<\/p>\n<p>&nbsp;<\/p>\n","protected":false},"excerpt":{"rendered":"<p>-Vino Rosso Biologico DOC Orcia. La nostra produce biologico dal 1992. Questo vino non \u00e8 stato filtrato per garantire le propriet\u00e0 organolettiche del prodotto. Eventuali residui sono sinonimo di genuinit\u00e0. Bottiglia 0.75 lt<\/p>\n<p>-Uvaggio: 85% uve sangiovese, 15% uve cabernet sauvignon.<\/p>\n","protected":false},"featured_media":24679,"template":"","meta":[],"product_brand":[],"product_cat":[186],"product_tag":[271],"class_list":{"0":"post-18905","1":"product","2":"type-product","3":"status-publish","4":"has-post-thumbnail","6":"product_cat-vini-birre-e-aceti","7":"product_tag-mulino-val-dorcia","9":"first","10":"instock","11":"taxable","12":"shipping-taxable","13":"purchasable","14":"product-type-simple"},"_links":{"self":[{"href":"https:\/\/italiansublimefood.com\/it\/wp-json\/wp\/v2\/product\/18905","targetHints":{"allow":["GET"]}}],"collection":[{"href":"https:\/\/italiansublimefood.com\/it\/wp-json\/wp\/v2\/product"}],"about":[{"href":"https:\/\/italiansublimefood.com\/it\/wp-json\/wp\/v2\/types\/product"}],"wp:featuredmedia":[{"embeddable":true,"href":"https:\/\/italiansublimefood.com\/it\/wp-json\/wp\/v2\/media\/24679"}],"wp:attachment":[{"href":"https:\/\/italiansublimefood.com\/it\/wp-json\/wp\/v2\/media?parent=18905"}],"wp:term":[{"taxonomy":"product_brand","embeddable":true,"href":"https:\/\/italiansublimefood.com\/it\/wp-json\/wp\/v2\/product_brand?post=18905"},{"taxonomy":"product_cat","embeddable":true,"href":"https:\/\/italiansublimefood.com\/it\/wp-json\/wp\/v2\/product_cat?post=18905"},{"taxonomy":"product_tag","embeddable":true,"href":"https:\/\/italiansublimefood.com\/it\/wp-json\/wp\/v2\/product_tag?post=18905"}],"curies":[{"name":"wp","href":"https:\/\/api.w.org\/{rel}","templated":true}]}}