{"id":18896,"date":"2024-08-02T15:49:32","date_gmt":"2024-08-02T13:49:32","guid":{"rendered":"https:\/\/italiansublimefood.com\/product\/orzo-perlato\/"},"modified":"2026-03-14T18:37:55","modified_gmt":"2026-03-14T17:37:55","slug":"orzo-perlato","status":"publish","type":"product","link":"https:\/\/italiansublimefood.com\/it\/prodotto\/orzo-perlato\/","title":{"rendered":"ORZO PERLATO 0,5kg &#8211; Mulino Val d&#8217;Orcia"},"content":{"rendered":"","protected":false},"excerpt":{"rendered":"<p>-Orzo biologico perlato prodotto e confezionato in Val d\u2019Orcia dall\u2019azienda Mulino Val d\u2019Orcia. L\u2019orzo \u00e8 un cereale ricco di sali minerali, in particolare \u00e8 ricco di fosforo. Questo aspetto lo rende particolarmente indicato per chi svolge attivit\u00e0 intellettuali. Inoltre grazie alle sue propriet\u00e0 \u00e8 un eccellente emolliente, diuretico e rinfrescante. Con la perlatura, vengono eliminati gli strati esterni della corteccia e di conseguenza i tempi di cottura diminuiscono, ma nessun principio nutritivo fondamentale viene eliminato.<\/p>\n","protected":false},"featured_media":22709,"template":"","meta":[],"product_brand":[],"product_cat":[183],"product_tag":[271],"class_list":{"0":"post-18896","1":"product","2":"type-product","3":"status-publish","4":"has-post-thumbnail","6":"product_cat-pasta-pane-e-affini","7":"product_tag-mulino-val-dorcia","9":"first","10":"instock","11":"taxable","12":"shipping-taxable","13":"purchasable","14":"product-type-simple"},"_links":{"self":[{"href":"https:\/\/italiansublimefood.com\/it\/wp-json\/wp\/v2\/product\/18896","targetHints":{"allow":["GET"]}}],"collection":[{"href":"https:\/\/italiansublimefood.com\/it\/wp-json\/wp\/v2\/product"}],"about":[{"href":"https:\/\/italiansublimefood.com\/it\/wp-json\/wp\/v2\/types\/product"}],"wp:featuredmedia":[{"embeddable":true,"href":"https:\/\/italiansublimefood.com\/it\/wp-json\/wp\/v2\/media\/22709"}],"wp:attachment":[{"href":"https:\/\/italiansublimefood.com\/it\/wp-json\/wp\/v2\/media?parent=18896"}],"wp:term":[{"taxonomy":"product_brand","embeddable":true,"href":"https:\/\/italiansublimefood.com\/it\/wp-json\/wp\/v2\/product_brand?post=18896"},{"taxonomy":"product_cat","embeddable":true,"href":"https:\/\/italiansublimefood.com\/it\/wp-json\/wp\/v2\/product_cat?post=18896"},{"taxonomy":"product_tag","embeddable":true,"href":"https:\/\/italiansublimefood.com\/it\/wp-json\/wp\/v2\/product_tag?post=18896"}],"curies":[{"name":"wp","href":"https:\/\/api.w.org\/{rel}","templated":true}]}}