{"id":18805,"date":"2024-08-02T15:42:48","date_gmt":"2024-08-02T13:42:48","guid":{"rendered":"https:\/\/italiansublimefood.com\/product\/casarecce-di-farro\/"},"modified":"2026-03-15T18:07:23","modified_gmt":"2026-03-15T17:07:23","slug":"casarecce-di-farro","status":"publish","type":"product","link":"https:\/\/italiansublimefood.com\/it\/prodotto\/casarecce-di-farro\/","title":{"rendered":"CASARECCE DI FARRO &#8211; Mulino Val d&#8217;Orcia"},"content":{"rendered":"","protected":false},"excerpt":{"rendered":"<p>-Pasta di farro bio, farina macinata a pietra, trafile in bronzo. Prodotta con farine biologiche macinate a pietra nel mulino aziendale, trafilata in bronzo ed essiccata lentamente e a bassa temperatura, la pasta del Mulino Val d\u2019Orcia \u00e8 un prodotto artigianale, estremamente porosa, dal caratteristico colore ambrato e dal sapore inconfondibile! La nostra pasta prodotta con farina di farro macinata a pietra, ha un contenuto di fibre e minerali maggiori rispetto alla pasta industriale e mantiene inalterate le propriet\u00e0 lipido vitaminiche, \u00e8 una pasta pi\u00f9 equilibrata ed ha un minor indice glicemico. Circa 18 ore di essiccazione media ad una temperatura di circa 38\u00b0\/42\u00b0<\/p>\n<p><strong>-INGREDIENTI: <\/strong>Farina integrale di Farro Biologico. <b>VALORI NUTRIZIONALI (medi per 100 g): <\/b>Energia 1496kJ\/354 Kcal, Acidi Grassi 3.58 g di cui saturi\u00a0 0.5 g, Carboidrati\u00a0 63.67 g di cui zuccheri\u00a0 3.86 g, Fibre\u00a0 8.26 g, Proteine 12,66 g, Sale\u00a0 0,004 g.<br \/>\n<strong>Tempo di cottura 6\/ 8 min.<\/strong><\/p>\n<p>&nbsp;<\/p>\n","protected":false},"featured_media":24712,"template":"","meta":[],"product_brand":[],"product_cat":[183],"product_tag":[271],"class_list":{"0":"post-18805","1":"product","2":"type-product","3":"status-publish","4":"has-post-thumbnail","6":"product_cat-pasta-pane-e-affini","7":"product_tag-mulino-val-dorcia","9":"first","10":"instock","11":"taxable","12":"shipping-taxable","13":"purchasable","14":"product-type-simple"},"_links":{"self":[{"href":"https:\/\/italiansublimefood.com\/it\/wp-json\/wp\/v2\/product\/18805","targetHints":{"allow":["GET"]}}],"collection":[{"href":"https:\/\/italiansublimefood.com\/it\/wp-json\/wp\/v2\/product"}],"about":[{"href":"https:\/\/italiansublimefood.com\/it\/wp-json\/wp\/v2\/types\/product"}],"wp:featuredmedia":[{"embeddable":true,"href":"https:\/\/italiansublimefood.com\/it\/wp-json\/wp\/v2\/media\/24712"}],"wp:attachment":[{"href":"https:\/\/italiansublimefood.com\/it\/wp-json\/wp\/v2\/media?parent=18805"}],"wp:term":[{"taxonomy":"product_brand","embeddable":true,"href":"https:\/\/italiansublimefood.com\/it\/wp-json\/wp\/v2\/product_brand?post=18805"},{"taxonomy":"product_cat","embeddable":true,"href":"https:\/\/italiansublimefood.com\/it\/wp-json\/wp\/v2\/product_cat?post=18805"},{"taxonomy":"product_tag","embeddable":true,"href":"https:\/\/italiansublimefood.com\/it\/wp-json\/wp\/v2\/product_tag?post=18805"}],"curies":[{"name":"wp","href":"https:\/\/api.w.org\/{rel}","templated":true}]}}