{"id":15819,"date":"2024-04-19T15:39:22","date_gmt":"2024-04-19T13:39:22","guid":{"rendered":"https:\/\/useful-things.shop\/wordpress\/?post_type=product&#038;p=15819"},"modified":"2025-12-04T10:28:56","modified_gmt":"2025-12-04T09:28:56","slug":"pasta-strascinati-azienda-agricola-saluzzi","status":"publish","type":"product","link":"https:\/\/italiansublimefood.com\/it\/prodotto\/pasta-strascinati-azienda-agricola-saluzzi\/","title":{"rendered":"Pasta &#8211; Strascinati &#8211; Azienda agricola Saluzzi"},"content":{"rendered":"","protected":false},"excerpt":{"rendered":"<p>-Pasta di semola di grano duro 100% italiano. Trafilata al bronzo ed essiccata lentamente a bassa temperatura. Confezione da 500 g. Per capire il lavoro che c\u2019\u00e8 dietro alla pasta dell\u2019Azienda Agricola Saluzzi, \u00e8 necessario seguirne tutta la produzione. Una produzione davvero avvincente, che ogni anno \u00e8 diversa dal precedente e la cui filiera \u00e8 garantita per una pasta 100% lucana, prodotta e trasformata nel raggio di 10 km dall\u2019azienda. Si parte dall\u2019aratura ad agosto per arrivare alla raccolta a Luglio. Una volta pronto, il grano viene trebbiato e trasportato presso il silos di stoccaggio per poi essere accuratamente trasformato nel mulino. A questo punto la semola \u00e8 pronta per la trasformazione all\u2019interno del Pastificio, il ciclo prevede l\u2019impasto e il passaggio attraverso la trafila di bronzo che, oltre a conferire alla pasta le caratteristiche di ruvidezza ideali, ne esalta il sapore e lo rende omogeneo. Segue l\u2019essiccazione a 40 \u00b0C, la cui durata va dalle 14 alle 34 ore, in base ai diversi formati. L\u2019essiccazione lenta a bassa temperatura lascia inalterate le caratteristiche organolettiche del semolato ed esalta le peculiari caratteristiche del prodotto finito.<\/p>\n<p><strong>-Formato:<\/strong> Confezione da 500 g. <strong>Tempo di preparazione:<\/strong> Due giorni. <strong>Ingredienti in etichetta:<\/strong> Semola di GRANO duro, acqua. <strong>Allergeni:<\/strong> Grano. <strong>Valori nutrizionali medi per 100 g:<\/strong>Energia 1440 kJ\/340 kcal, Grassi 0,73g(di cui acidi grassi saturi 0,10g), Carboidrati 71,70g( di cui zuccheri 2,4g), Fibre 1,9g, Proteine 12,92g, Sale &lt; 0,1g. <strong>Cottura:<\/strong>14-16 minuti. <strong>Modalit\u00e0 di conservazione:<\/strong> Conservare in luogo fresco e asciutto al riparo dai raggi solari. <strong>Abbinamenti consigliati:<\/strong> Tipica pasta della tradizione culinaria lucana, ottima con un ricco sugo di carne, salsiccia e pecorino; da provare nella ricetta che si rif\u00e0 alla tradizione, con cime di rapa saltate, peperoncino e aglio, semplici e gustosi. Con una marcia in pi\u00f9 con un sugo salsiccia, ricotta e pecorino e un pizzico di peperoncino. <strong>Regione: <\/strong>Basilicata.<\/p>\n","protected":false},"featured_media":21718,"template":"","meta":[],"product_brand":[],"product_cat":[183],"product_tag":[250],"class_list":{"0":"post-15819","1":"product","2":"type-product","3":"status-publish","4":"has-post-thumbnail","6":"product_cat-pasta-pane-e-affini","7":"product_tag-azienda-agricola-saluzzi","9":"first","10":"instock","11":"taxable","12":"shipping-taxable","13":"purchasable","14":"product-type-simple"},"_links":{"self":[{"href":"https:\/\/italiansublimefood.com\/it\/wp-json\/wp\/v2\/product\/15819","targetHints":{"allow":["GET"]}}],"collection":[{"href":"https:\/\/italiansublimefood.com\/it\/wp-json\/wp\/v2\/product"}],"about":[{"href":"https:\/\/italiansublimefood.com\/it\/wp-json\/wp\/v2\/types\/product"}],"wp:featuredmedia":[{"embeddable":true,"href":"https:\/\/italiansublimefood.com\/it\/wp-json\/wp\/v2\/media\/21718"}],"wp:attachment":[{"href":"https:\/\/italiansublimefood.com\/it\/wp-json\/wp\/v2\/media?parent=15819"}],"wp:term":[{"taxonomy":"product_brand","embeddable":true,"href":"https:\/\/italiansublimefood.com\/it\/wp-json\/wp\/v2\/product_brand?post=15819"},{"taxonomy":"product_cat","embeddable":true,"href":"https:\/\/italiansublimefood.com\/it\/wp-json\/wp\/v2\/product_cat?post=15819"},{"taxonomy":"product_tag","embeddable":true,"href":"https:\/\/italiansublimefood.com\/it\/wp-json\/wp\/v2\/product_tag?post=15819"}],"curies":[{"name":"wp","href":"https:\/\/api.w.org\/{rel}","templated":true}]}}