{"id":15813,"date":"2024-04-19T15:28:31","date_gmt":"2024-04-19T13:28:31","guid":{"rendered":"https:\/\/useful-things.shop\/wordpress\/?post_type=product&#038;p=15813"},"modified":"2025-12-03T11:28:16","modified_gmt":"2025-12-03T10:28:16","slug":"olio-aglio-azienda-agricola-saluzzi","status":"publish","type":"product","link":"https:\/\/italiansublimefood.com\/it\/prodotto\/olio-aglio-azienda-agricola-saluzzi\/","title":{"rendered":"Olio Aglio &#8211; Azienda agricola Saluzzi"},"content":{"rendered":"","protected":false},"excerpt":{"rendered":"<p><strong>-Olio EVO all\u2019aglio. <\/strong>Condimento a base di\u00a0<strong>olio extravergine di oliva (99%)<\/strong>\u00a0aromatizzato all\u2019<strong>aglio,\u00a0<\/strong>provalo sul\u00a0<strong>rombo al sale<\/strong>! <strong>Olio lucano<\/strong>\u00a0<strong>I.G.P. <\/strong>Bottiglia da 250 ml. Gli oli aromatizzati dell\u2019Azienda Agricola Saluzzi sono prodotti con olio extravergine di oliva di eccezionale qualit\u00e0, un\u2019azienda di famiglia tramandata di padre in figlio, ecco come nasce l\u2019Olio EVO all\u2019aglio. Olivicoltori di tradizione che portano avanti metodi tradizionali e naturali di lavorazione per ottenere prodotti con un alto profilo organolettico, le olive vengono infatti frante con macine in pietra. Per preservarne tutte le caratteristiche organolettiche e le sostanze preziose dalle indiscusse propriet\u00e0 benefiche per la nostra salute, quali polifenoli, acidi grassi monoinsaturi e vitamina E. L\u2019olio extra vergine di Oliva all\u2019aglio ha come caratteristica un olio gi\u00e0 di per s\u00e9 aromatico al quale si \u00e8 pensato di aggiungere vari aromi naturali selezionati dal proprio territorio, siamo nelle colline incontaminate della Basilicata ricche di essenze e di erbe, il tutto contribuisce a renderlo un condimento ancor pi\u00f9 speciale e versatile perfetto per dare quel tocco inconfondibile alle tue ricette. Un Olio extra vergine di oliva aromatizzato all\u2019aglio \u00e8 una piccola delizia da buongustai. Si pu\u00f2 servire con le bruschette, la pasta, la salsa di pomodoro. Ottimo con le patate al forno, il pesce e l\u2019insalata ed \u00e8 ottimo sulle frittate. La gamma degli aromi disponibili \u00e8 vasta e soddisfa tutti i gusti: olio al tartufo, olio al finocchio, olio al limone, olio all\u2019origano, olio al peperoncino, olio al rosmarino. Ogni olio ti regaler\u00e0 profumi e aromi intensi e non rimane che scegliere quello preferito o anche provarli tutti, perch\u00e9 no!<\/p>\n<p><strong>-Formato:<\/strong> Bottiglia da 250 ml. <strong>Tempo di preparazione:<\/strong> Due giorni. <strong>Cultivar: <\/strong>Cultivar locali (Ogliarola del Bradano e Cima di Melfi) in consociazione con cultivar di pregio a livello nazionale quali Leccino toscano, Frantoio, Coratina e Peranzana. <strong>Valori nutrizionali medi per 100 ml:<\/strong> Energia 3389 kJ\/824 kcal, Grassi 92g(di cui acidi grassi saturi 14g), Fibre 0g, Carboidrati 0g( di cui zuccheri 0g), Proteine 0g, Sale 0g. <strong>Modalit\u00e0 di conservazione:<\/strong> Conservare in luogo fresco e asciutto, lontano da fonti di calore e dalla luce <strong>Abbinamenti consigliati:<\/strong> Ottimo sia per cucinare, per donare un tocco in pi\u00f9 ad ogni ricetta, sia a crudo, per esaltare il gusto di ogni piatto; per esaltare la creativit\u00e0 di ogni cuoco, esperto o alle prime armi. <strong>Certificazioni:<\/strong> Olio lucano I.G.P. <strong>Regione:<\/strong> Basilicata.<\/p>\n<p>&nbsp;<\/p>\n","protected":false},"featured_media":21744,"template":"","meta":[],"product_brand":[],"product_cat":[182],"product_tag":[250],"class_list":{"0":"post-15813","1":"product","2":"type-product","3":"status-publish","4":"has-post-thumbnail","6":"product_cat-oli","7":"product_tag-azienda-agricola-saluzzi","9":"first","10":"instock","11":"taxable","12":"shipping-taxable","13":"purchasable","14":"product-type-simple"},"_links":{"self":[{"href":"https:\/\/italiansublimefood.com\/it\/wp-json\/wp\/v2\/product\/15813","targetHints":{"allow":["GET"]}}],"collection":[{"href":"https:\/\/italiansublimefood.com\/it\/wp-json\/wp\/v2\/product"}],"about":[{"href":"https:\/\/italiansublimefood.com\/it\/wp-json\/wp\/v2\/types\/product"}],"wp:featuredmedia":[{"embeddable":true,"href":"https:\/\/italiansublimefood.com\/it\/wp-json\/wp\/v2\/media\/21744"}],"wp:attachment":[{"href":"https:\/\/italiansublimefood.com\/it\/wp-json\/wp\/v2\/media?parent=15813"}],"wp:term":[{"taxonomy":"product_brand","embeddable":true,"href":"https:\/\/italiansublimefood.com\/it\/wp-json\/wp\/v2\/product_brand?post=15813"},{"taxonomy":"product_cat","embeddable":true,"href":"https:\/\/italiansublimefood.com\/it\/wp-json\/wp\/v2\/product_cat?post=15813"},{"taxonomy":"product_tag","embeddable":true,"href":"https:\/\/italiansublimefood.com\/it\/wp-json\/wp\/v2\/product_tag?post=15813"}],"curies":[{"name":"wp","href":"https:\/\/api.w.org\/{rel}","templated":true}]}}