{"id":15801,"date":"2024-04-19T15:15:11","date_gmt":"2024-04-19T13:15:11","guid":{"rendered":"https:\/\/useful-things.shop\/wordpress\/?post_type=product&#038;p=15801"},"modified":"2025-12-03T11:28:18","modified_gmt":"2025-12-03T10:28:18","slug":"olio-origano-azienda-agricola-saluzzi","status":"publish","type":"product","link":"https:\/\/italiansublimefood.com\/it\/prodotto\/olio-origano-azienda-agricola-saluzzi\/","title":{"rendered":"Olio Origano &#8211; Azienda agricola Saluzzi"},"content":{"rendered":"","protected":false},"excerpt":{"rendered":"<p><strong>-Olio EVO all\u2019origano. <\/strong>Condimento a base di\u00a0<strong>olio extravergine di oliva (99%)<\/strong>\u00a0aromatizzato all\u2019origano, provalo per preparare un gustoso\u00a0<strong>spaghetto alla marinara\u00a0<\/strong>con l<strong>\u2018olio aromatizzato,\u00a0<\/strong>aglio, sugo di pomodoro, sale e pepe! <strong>Olio lucano<\/strong> I.G.P. Bottiglia da 250 ml. Gli\u00a0<strong>oli aromatizzati<\/strong> dell\u2019Azienda Agricola Saluzzi\u00a0sono prodotti con olio extravergine di oliva di eccezionale qualit\u00e0, un\u2019azienda di famiglia tramandata di padre in figlio, ecco come nasce l\u2019<strong>Olio EVO all\u2019origano. <\/strong><strong>Olivicoltori di tradizio<\/strong>ne\u00a0 che portano avanti metodi tradizionali e naturali di lavorazione per ottenere prodotti con un\u00a0<strong>alto profilo organolettico<\/strong>, le olive vengono infatti frante con macine in pietra. Per preservarne tutte le caratteristiche organolettiche e le sostanze preziose dalle indiscusse propriet\u00e0 benefiche per la nostra salute, quali\u00a0<strong>polifenoli<\/strong>,\u00a0<strong>acidi grassi monoinsaturi e vitamina E. <\/strong>L\u2019olio extra vergine di Oliva all\u2019<strong>origano<\/strong>\u00a0 ha come caratteristica un olio gi\u00e0 di per s\u00e9 aromatico al quale si \u00e8 pensato di aggiungere vari\u00a0<strong>aromi naturali<\/strong>\u00a0selezionati dal proprio territorio, siamo nelle colline incontaminate della Basilicata ricche di essenze e di erbe, il tutto contribuisce a renderlo un condimento ancor pi\u00f9 speciale e versatile perfetto per dare quel tocco inconfondibile alle tue\u00a0<strong>ricette. <\/strong>L\u2019Olio extra vergine di oliva aromatizzato all\u2019origano \u00e8 perfetto come condimento per il pesce, per le verdure, le patate e le carni, per preparare una vinaigrette o una\u00a0<strong>salsa tzatziki<\/strong> speciale.<\/p>\n<p><strong>-Formato:<\/strong> Bottiglia da 250 ml. <strong>Tempo di preparazione:<\/strong> Due giorni. <strong>Cultivar:<\/strong> Cultivar locali (Ogliarola del Bradano e Cima di Melfi) in consociazione con cultivar di pregio a livello nazionale quali Leccino toscano, Frantoio, Coratina e Peranzana. <strong>Valori nutrizionali medi per 100 ml:<\/strong> Energia 3389 kJ\/824 kcal, Grassi 92g( di cui acidi grassi saturi 14g), Fibre 0g, Carboidrati 0g( di cui zuccheri 0g), Proteine 0g, Sale 0g. <strong>Modalit\u00e0 di conservazione:<\/strong> Conservare in luogo fresco e asciutto, lontano da fonti di calore e dalla luce <strong>Abbinamenti consigliati:<\/strong> Ottimo sia per cucinare, per donare un tocco in pi\u00f9 ad ogni ricetta, sia a crudo, per esaltare il gusto di ogni piatto; per esaltare la creativit\u00e0 di ogni cuoco, esperto o alle prime armi. <strong>Certificazioni:<\/strong> Olio lucano I.G.P. <strong>Regione:<\/strong> Basilicata.<\/p>\n","protected":false},"featured_media":21753,"template":"","meta":[],"product_brand":[],"product_cat":[182],"product_tag":[250],"class_list":{"0":"post-15801","1":"product","2":"type-product","3":"status-publish","4":"has-post-thumbnail","6":"product_cat-oli","7":"product_tag-azienda-agricola-saluzzi","9":"first","10":"instock","11":"taxable","12":"shipping-taxable","13":"purchasable","14":"product-type-simple"},"_links":{"self":[{"href":"https:\/\/italiansublimefood.com\/it\/wp-json\/wp\/v2\/product\/15801","targetHints":{"allow":["GET"]}}],"collection":[{"href":"https:\/\/italiansublimefood.com\/it\/wp-json\/wp\/v2\/product"}],"about":[{"href":"https:\/\/italiansublimefood.com\/it\/wp-json\/wp\/v2\/types\/product"}],"wp:featuredmedia":[{"embeddable":true,"href":"https:\/\/italiansublimefood.com\/it\/wp-json\/wp\/v2\/media\/21753"}],"wp:attachment":[{"href":"https:\/\/italiansublimefood.com\/it\/wp-json\/wp\/v2\/media?parent=15801"}],"wp:term":[{"taxonomy":"product_brand","embeddable":true,"href":"https:\/\/italiansublimefood.com\/it\/wp-json\/wp\/v2\/product_brand?post=15801"},{"taxonomy":"product_cat","embeddable":true,"href":"https:\/\/italiansublimefood.com\/it\/wp-json\/wp\/v2\/product_cat?post=15801"},{"taxonomy":"product_tag","embeddable":true,"href":"https:\/\/italiansublimefood.com\/it\/wp-json\/wp\/v2\/product_tag?post=15801"}],"curies":[{"name":"wp","href":"https:\/\/api.w.org\/{rel}","templated":true}]}}