{"id":23481,"date":"2024-09-16T12:03:27","date_gmt":"2024-09-16T10:03:27","guid":{"rendered":"https:\/\/italiansublimefood.com\/product\/green-olive-pate-280g-mancuso-1976\/"},"modified":"2025-11-26T08:00:08","modified_gmt":"2025-11-26T07:00:08","slug":"green-olive-pate-280g-mancuso-1976","status":"publish","type":"product","link":"https:\/\/italiansublimefood.com\/en\/product\/green-olive-pate-280g-mancuso-1976\/","title":{"rendered":"Green Olive Pate 280g &#8211; Mancuso 1976"},"content":{"rendered":"","protected":false},"excerpt":{"rendered":"<p class=\"m-size-14 size-18\"><span class=\"m-font-size-14 font-size-18\">-Green Olive Pate.<br \/>\n<\/span><span class=\"m-font-size-14 font-size-18\">-Obtained by grinding selected olives with the addition of extra virgin olive oil, the p\u00e2t\u00e9s are ideal for sandwiches, canap\u00e9s, bruschettas, cold dishes and to accompany delicious dishes. The olives are selected and processed in an artisanal and careful manner, recalling the flavor of ancient traditions thanks to the strong and intense taste. <\/span><\/p>\n<ul class=\"defaultList bullet\">\n<li class=\"size-18 m-size-14\"><span class=\"font-size-18 m-font-size-14\">EVO oil<\/span><\/li>\n<li class=\"size-18 m-size-14\"><span class=\"font-size-18 m-font-size-14\">Ready to serve<\/span><\/li>\n<\/ul>\n","protected":false},"featured_media":23875,"template":"","meta":[],"product_brand":[],"product_cat":[223],"product_tag":[326],"class_list":{"0":"post-23481","1":"product","2":"type-product","3":"status-publish","4":"has-post-thumbnail","6":"product_cat-preserves-and-sauces","7":"product_tag-mancuso-constantino-en","9":"first","10":"instock","11":"taxable","12":"shipping-taxable","13":"purchasable","14":"product-type-simple"},"_links":{"self":[{"href":"https:\/\/italiansublimefood.com\/en\/wp-json\/wp\/v2\/product\/23481","targetHints":{"allow":["GET"]}}],"collection":[{"href":"https:\/\/italiansublimefood.com\/en\/wp-json\/wp\/v2\/product"}],"about":[{"href":"https:\/\/italiansublimefood.com\/en\/wp-json\/wp\/v2\/types\/product"}],"wp:featuredmedia":[{"embeddable":true,"href":"https:\/\/italiansublimefood.com\/en\/wp-json\/wp\/v2\/media\/23875"}],"wp:attachment":[{"href":"https:\/\/italiansublimefood.com\/en\/wp-json\/wp\/v2\/media?parent=23481"}],"wp:term":[{"taxonomy":"product_brand","embeddable":true,"href":"https:\/\/italiansublimefood.com\/en\/wp-json\/wp\/v2\/product_brand?post=23481"},{"taxonomy":"product_cat","embeddable":true,"href":"https:\/\/italiansublimefood.com\/en\/wp-json\/wp\/v2\/product_cat?post=23481"},{"taxonomy":"product_tag","embeddable":true,"href":"https:\/\/italiansublimefood.com\/en\/wp-json\/wp\/v2\/product_tag?post=23481"}],"curies":[{"name":"wp","href":"https:\/\/api.w.org\/{rel}","templated":true}]}}