{"id":25980,"date":"2025-02-14T18:28:46","date_gmt":"2025-02-14T17:28:46","guid":{"rendered":"https:\/\/italiansublimefood.com\/product\/pikante-salamella-du-cose-da-berna\/"},"modified":"2025-05-05T10:04:05","modified_gmt":"2025-05-05T08:04:05","slug":"pikante-salamella-du-cose-da-berna","status":"publish","type":"product","link":"https:\/\/italiansublimefood.com\/de\/produkt\/pikante-salamella-du-cose-da-berna\/","title":{"rendered":"Pikante Salamella &#8211; Du Cose Da Berna"},"content":{"rendered":"","protected":false},"excerpt":{"rendered":"<div id=\"post\">\n<p>Fein geschnittenes gep\u00f6keltes Fleisch, das mit Kr\u00e4utern aus unserer Landschaft gew\u00fcrzt ist, bleibt weich und schmackhaft am Gaumen. Die Zugabe von sowohl s\u00fc\u00dfem als auch scharfem Chili verleiht ihm seine rote Farbe und einen sehr pikanten und w\u00fcrzigen Geschmack. <\/p>\n<\/div>\n<div class=\"clear\"><\/div>\n<div id=\"socialsharing\"><\/div>\n","protected":false},"featured_media":25455,"template":"","meta":[],"product_brand":[],"product_cat":[15],"product_tag":[],"class_list":{"0":"post-25980","1":"product","2":"type-product","3":"status-publish","4":"has-post-thumbnail","6":"product_cat-salumi-e-carni","8":"first","9":"instock","10":"taxable","11":"shipping-taxable","12":"purchasable","13":"product-type-variable"},"_links":{"self":[{"href":"https:\/\/italiansublimefood.com\/de\/wp-json\/wp\/v2\/product\/25980","targetHints":{"allow":["GET"]}}],"collection":[{"href":"https:\/\/italiansublimefood.com\/de\/wp-json\/wp\/v2\/product"}],"about":[{"href":"https:\/\/italiansublimefood.com\/de\/wp-json\/wp\/v2\/types\/product"}],"wp:featuredmedia":[{"embeddable":true,"href":"https:\/\/italiansublimefood.com\/de\/wp-json\/wp\/v2\/media\/25455"}],"wp:attachment":[{"href":"https:\/\/italiansublimefood.com\/de\/wp-json\/wp\/v2\/media?parent=25980"}],"wp:term":[{"taxonomy":"product_brand","embeddable":true,"href":"https:\/\/italiansublimefood.com\/de\/wp-json\/wp\/v2\/product_brand?post=25980"},{"taxonomy":"product_cat","embeddable":true,"href":"https:\/\/italiansublimefood.com\/de\/wp-json\/wp\/v2\/product_cat?post=25980"},{"taxonomy":"product_tag","embeddable":true,"href":"https:\/\/italiansublimefood.com\/de\/wp-json\/wp\/v2\/product_tag?post=25980"}],"curies":[{"name":"wp","href":"https:\/\/api.w.org\/{rel}","templated":true}]}}