{"id":25978,"date":"2025-02-14T18:14:11","date_gmt":"2025-02-14T17:14:11","guid":{"rendered":"https:\/\/italiansublimefood.com\/product\/il-boccone-del-barone-gewuerzter-toskanischer-schweineschinken-1kg-du-cose-da-berna\/"},"modified":"2025-05-05T10:04:05","modified_gmt":"2025-05-05T08:04:05","slug":"il-boccone-del-barone-gewuerzter-toskanischer-schweineschinken-1kg-du-cose-da-berna","status":"publish","type":"product","link":"https:\/\/italiansublimefood.com\/de\/produkt\/il-boccone-del-barone-gewuerzter-toskanischer-schweineschinken-1kg-du-cose-da-berna\/","title":{"rendered":"&#8220;Il Boccone del Barone&#8221; Gew\u00fcrzter toskanischer Schweineschinken 1kg &#8211; Du Cose Da Berna"},"content":{"rendered":"","protected":false},"excerpt":{"rendered":"<p>Schinken, der aus den Schenkeln toskanischer Schweine gewonnen wird, nicht sehr salzig, aber mit einem herzhaften Geschmack. Die langsame Reifung von mindestens 16 Monaten garantiert den hervorragenden Geschmack und das Aroma des Produkts. Die Verfeinerung mit Chilipfeffer geht auf die b\u00e4uerliche Tradition von Amiata zur\u00fcck. Auf Wunsch auch mit schwarzem Pfeffer verfeinert. Kann auch ohne Knochen und s.v. geliefert werden. <strong>Zutaten: <\/strong>Toskanische Schweinekeule, Salz, Pfeffer, zersto\u00dfene Chilischote, Knoblauch. Der Belag enth\u00e4lt: Schweinespeck, Reismehl, Salz und Pfeffer. Mindestreifezeit: 16 Monate. Enth\u00e4lt keine Allergene &#8211; Enth\u00e4lt kein Gluten &#8211; Enth\u00e4lt keine Milchderivate.       <\/p>\n","protected":false},"featured_media":25449,"template":"","meta":[],"product_brand":[],"product_cat":[15],"product_tag":[],"class_list":{"0":"post-25978","1":"product","2":"type-product","3":"status-publish","4":"has-post-thumbnail","6":"product_cat-salumi-e-carni","8":"first","9":"instock","10":"taxable","11":"shipping-taxable","12":"purchasable","13":"product-type-simple"},"_links":{"self":[{"href":"https:\/\/italiansublimefood.com\/de\/wp-json\/wp\/v2\/product\/25978","targetHints":{"allow":["GET"]}}],"collection":[{"href":"https:\/\/italiansublimefood.com\/de\/wp-json\/wp\/v2\/product"}],"about":[{"href":"https:\/\/italiansublimefood.com\/de\/wp-json\/wp\/v2\/types\/product"}],"wp:featuredmedia":[{"embeddable":true,"href":"https:\/\/italiansublimefood.com\/de\/wp-json\/wp\/v2\/media\/25449"}],"wp:attachment":[{"href":"https:\/\/italiansublimefood.com\/de\/wp-json\/wp\/v2\/media?parent=25978"}],"wp:term":[{"taxonomy":"product_brand","embeddable":true,"href":"https:\/\/italiansublimefood.com\/de\/wp-json\/wp\/v2\/product_brand?post=25978"},{"taxonomy":"product_cat","embeddable":true,"href":"https:\/\/italiansublimefood.com\/de\/wp-json\/wp\/v2\/product_cat?post=25978"},{"taxonomy":"product_tag","embeddable":true,"href":"https:\/\/italiansublimefood.com\/de\/wp-json\/wp\/v2\/product_tag?post=25978"}],"curies":[{"name":"wp","href":"https:\/\/api.w.org\/{rel}","templated":true}]}}