{"id":25967,"date":"2025-02-14T17:53:04","date_gmt":"2025-02-14T16:53:04","guid":{"rendered":"https:\/\/italiansublimefood.com\/product\/soppressata-1kg-du-cose-da-berna\/"},"modified":"2025-05-05T10:04:04","modified_gmt":"2025-05-05T08:04:04","slug":"soppressata-1kg-du-cose-da-berna","status":"publish","type":"product","link":"https:\/\/italiansublimefood.com\/de\/produkt\/soppressata-1kg-du-cose-da-berna\/","title":{"rendered":"Soppressata 1kg &#8211; Du Cose Da Berna"},"content":{"rendered":"","protected":false},"excerpt":{"rendered":"<p>Der Schweinekopf, der auf toskanische Art gekocht und gespalten wurde, wird in einen Baumwollbeutel gestopft, damit das \u00fcbersch\u00fcssige Fett beim Abk\u00fchlen entweichen kann.<\/p>\n<p>34,99 \u20ac\/kg<\/p>\n","protected":false},"featured_media":25432,"template":"","meta":[],"product_brand":[],"product_cat":[15],"product_tag":[],"class_list":{"0":"post-25967","1":"product","2":"type-product","3":"status-publish","4":"has-post-thumbnail","6":"product_cat-salumi-e-carni","8":"first","9":"instock","10":"taxable","11":"shipping-taxable","12":"purchasable","13":"product-type-simple"},"_links":{"self":[{"href":"https:\/\/italiansublimefood.com\/de\/wp-json\/wp\/v2\/product\/25967","targetHints":{"allow":["GET"]}}],"collection":[{"href":"https:\/\/italiansublimefood.com\/de\/wp-json\/wp\/v2\/product"}],"about":[{"href":"https:\/\/italiansublimefood.com\/de\/wp-json\/wp\/v2\/types\/product"}],"wp:featuredmedia":[{"embeddable":true,"href":"https:\/\/italiansublimefood.com\/de\/wp-json\/wp\/v2\/media\/25432"}],"wp:attachment":[{"href":"https:\/\/italiansublimefood.com\/de\/wp-json\/wp\/v2\/media?parent=25967"}],"wp:term":[{"taxonomy":"product_brand","embeddable":true,"href":"https:\/\/italiansublimefood.com\/de\/wp-json\/wp\/v2\/product_brand?post=25967"},{"taxonomy":"product_cat","embeddable":true,"href":"https:\/\/italiansublimefood.com\/de\/wp-json\/wp\/v2\/product_cat?post=25967"},{"taxonomy":"product_tag","embeddable":true,"href":"https:\/\/italiansublimefood.com\/de\/wp-json\/wp\/v2\/product_tag?post=25967"}],"curies":[{"name":"wp","href":"https:\/\/api.w.org\/{rel}","templated":true}]}}