{"id":25964,"date":"2025-02-11T19:39:21","date_gmt":"2025-02-11T18:39:21","guid":{"rendered":"https:\/\/italiansublimefood.com\/product\/buristo-du-cose-da-berna\/"},"modified":"2025-05-05T10:04:04","modified_gmt":"2025-05-05T08:04:04","slug":"buristo-du-cose-da-berna","status":"publish","type":"product","link":"https:\/\/italiansublimefood.com\/de\/produkt\/buristo-du-cose-da-berna\/","title":{"rendered":"Buristo &#8211; Du Cose Da Berna"},"content":{"rendered":"","protected":false},"excerpt":{"rendered":"<p>Buristo wird aus dem Blut von Schweinen hergestellt und in unserem Fall auf sienesische Art mit den Schwarten zu Soppressata gekocht. Gew\u00fcrzt und in einen Naturdarm gef\u00fcllt, wird es bei kontrollierter Temperatur gekocht und abgek\u00fchlt, wodurch eine Art Pasteurisierung erreicht wird. <\/p>\n","protected":false},"featured_media":25399,"template":"","meta":[],"product_brand":[],"product_cat":[15],"product_tag":[],"class_list":{"0":"post-25964","1":"product","2":"type-product","3":"status-publish","4":"has-post-thumbnail","6":"product_cat-salumi-e-carni","8":"first","9":"instock","10":"taxable","11":"shipping-taxable","12":"purchasable","13":"product-type-variable"},"_links":{"self":[{"href":"https:\/\/italiansublimefood.com\/de\/wp-json\/wp\/v2\/product\/25964","targetHints":{"allow":["GET"]}}],"collection":[{"href":"https:\/\/italiansublimefood.com\/de\/wp-json\/wp\/v2\/product"}],"about":[{"href":"https:\/\/italiansublimefood.com\/de\/wp-json\/wp\/v2\/types\/product"}],"wp:featuredmedia":[{"embeddable":true,"href":"https:\/\/italiansublimefood.com\/de\/wp-json\/wp\/v2\/media\/25399"}],"wp:attachment":[{"href":"https:\/\/italiansublimefood.com\/de\/wp-json\/wp\/v2\/media?parent=25964"}],"wp:term":[{"taxonomy":"product_brand","embeddable":true,"href":"https:\/\/italiansublimefood.com\/de\/wp-json\/wp\/v2\/product_brand?post=25964"},{"taxonomy":"product_cat","embeddable":true,"href":"https:\/\/italiansublimefood.com\/de\/wp-json\/wp\/v2\/product_cat?post=25964"},{"taxonomy":"product_tag","embeddable":true,"href":"https:\/\/italiansublimefood.com\/de\/wp-json\/wp\/v2\/product_tag?post=25964"}],"curies":[{"name":"wp","href":"https:\/\/api.w.org\/{rel}","templated":true}]}}