{"id":25956,"date":"2025-02-11T19:20:53","date_gmt":"2025-02-11T18:20:53","guid":{"rendered":"https:\/\/italiansublimefood.com\/product\/national-gewuerzter-speck-du-cose-da-berna\/"},"modified":"2025-05-05T10:04:04","modified_gmt":"2025-05-05T08:04:04","slug":"national-gewuerzter-speck-du-cose-da-berna","status":"publish","type":"product","link":"https:\/\/italiansublimefood.com\/de\/produkt\/national-gewuerzter-speck-du-cose-da-berna\/","title":{"rendered":"National gew\u00fcrzter Speck &#8211; Du Cose Da Berna"},"content":{"rendered":"","protected":false},"excerpt":{"rendered":"<p>Die Bauern verkauften Schinken an die &#8216;Herren&#8217; und verwendeten den Speck f\u00fcr zahlreiche Rezepte und f\u00fcr das Fr\u00fchst\u00fcck: Eier mit Speck, Cacio Baccelli mit Speck, Crostini in vielen Formen, immer mit Speck als Hauptdarsteller.<\/p>\n","protected":false},"featured_media":25388,"template":"","meta":[],"product_brand":[],"product_cat":[15],"product_tag":[],"class_list":{"0":"post-25956","1":"product","2":"type-product","3":"status-publish","4":"has-post-thumbnail","6":"product_cat-salumi-e-carni","8":"first","9":"instock","10":"taxable","11":"shipping-taxable","12":"purchasable","13":"product-type-variable"},"_links":{"self":[{"href":"https:\/\/italiansublimefood.com\/de\/wp-json\/wp\/v2\/product\/25956","targetHints":{"allow":["GET"]}}],"collection":[{"href":"https:\/\/italiansublimefood.com\/de\/wp-json\/wp\/v2\/product"}],"about":[{"href":"https:\/\/italiansublimefood.com\/de\/wp-json\/wp\/v2\/types\/product"}],"wp:featuredmedia":[{"embeddable":true,"href":"https:\/\/italiansublimefood.com\/de\/wp-json\/wp\/v2\/media\/25388"}],"wp:attachment":[{"href":"https:\/\/italiansublimefood.com\/de\/wp-json\/wp\/v2\/media?parent=25956"}],"wp:term":[{"taxonomy":"product_brand","embeddable":true,"href":"https:\/\/italiansublimefood.com\/de\/wp-json\/wp\/v2\/product_brand?post=25956"},{"taxonomy":"product_cat","embeddable":true,"href":"https:\/\/italiansublimefood.com\/de\/wp-json\/wp\/v2\/product_cat?post=25956"},{"taxonomy":"product_tag","embeddable":true,"href":"https:\/\/italiansublimefood.com\/de\/wp-json\/wp\/v2\/product_tag?post=25956"}],"curies":[{"name":"wp","href":"https:\/\/api.w.org\/{rel}","templated":true}]}}