{"id":25953,"date":"2025-01-31T19:05:08","date_gmt":"2025-01-31T18:05:08","guid":{"rendered":"https:\/\/italiansublimefood.com\/product\/bio-natives-olivenoel-extra-025-l-luisa-pantaleo\/"},"modified":"2025-05-05T10:04:03","modified_gmt":"2025-05-05T08:04:03","slug":"bio-natives-olivenoel-extra-025-l-luisa-pantaleo","status":"publish","type":"product","link":"https:\/\/italiansublimefood.com\/de\/produkt\/bio-natives-olivenoel-extra-025-l-luisa-pantaleo\/","title":{"rendered":"Bio Natives Oliven\u00f6l Extra 0,25 l &#8211; Luisa Pantaleo"},"content":{"rendered":"","protected":false},"excerpt":{"rendered":"<p>&#8211; Marasca-Glasflasche mit 0,250 Liter Inhalt. Natives Oliven\u00f6l extra der h\u00f6chsten Kategorie, das direkt aus Oliven und ausschlie\u00dflich durch mechanische Verfahren gewonnen wird; 100% italienisches kaltgepresstes natives Oliven\u00f6l extra aus biologischem Anbau; wir bieten ungefiltertes \u00d6l an, das auf Wunsch gefiltert werden kann. Zutaten: Leccine-Oliven, Pecholine-Oliven, Coratine-Oliven. <\/p>\n","protected":false},"featured_media":25343,"template":"","meta":[],"product_brand":[],"product_cat":[15],"product_tag":[],"class_list":{"0":"post-25953","1":"product","2":"type-product","3":"status-publish","4":"has-post-thumbnail","6":"product_cat-salumi-e-carni","8":"first","9":"instock","10":"taxable","11":"shipping-taxable","12":"purchasable","13":"product-type-simple"},"_links":{"self":[{"href":"https:\/\/italiansublimefood.com\/de\/wp-json\/wp\/v2\/product\/25953","targetHints":{"allow":["GET"]}}],"collection":[{"href":"https:\/\/italiansublimefood.com\/de\/wp-json\/wp\/v2\/product"}],"about":[{"href":"https:\/\/italiansublimefood.com\/de\/wp-json\/wp\/v2\/types\/product"}],"wp:featuredmedia":[{"embeddable":true,"href":"https:\/\/italiansublimefood.com\/de\/wp-json\/wp\/v2\/media\/25343"}],"wp:attachment":[{"href":"https:\/\/italiansublimefood.com\/de\/wp-json\/wp\/v2\/media?parent=25953"}],"wp:term":[{"taxonomy":"product_brand","embeddable":true,"href":"https:\/\/italiansublimefood.com\/de\/wp-json\/wp\/v2\/product_brand?post=25953"},{"taxonomy":"product_cat","embeddable":true,"href":"https:\/\/italiansublimefood.com\/de\/wp-json\/wp\/v2\/product_cat?post=25953"},{"taxonomy":"product_tag","embeddable":true,"href":"https:\/\/italiansublimefood.com\/de\/wp-json\/wp\/v2\/product_tag?post=25953"}],"curies":[{"name":"wp","href":"https:\/\/api.w.org\/{rel}","templated":true}]}}