{"id":25950,"date":"2025-01-31T19:00:30","date_gmt":"2025-01-31T18:00:30","guid":{"rendered":"https:\/\/italiansublimefood.com\/product\/bio-natives-olivenoel-extra-3lt-luisa-pantaleo\/"},"modified":"2025-05-05T10:04:03","modified_gmt":"2025-05-05T08:04:03","slug":"bio-natives-olivenoel-extra-3lt-luisa-pantaleo","status":"publish","type":"product","link":"https:\/\/italiansublimefood.com\/de\/produkt\/bio-natives-olivenoel-extra-3lt-luisa-pantaleo\/","title":{"rendered":"Bio Natives Oliven\u00f6l Extra 3lt &#8211; Luisa Pantaleo"},"content":{"rendered":"","protected":false},"excerpt":{"rendered":"<p>&#8211; Natives Oliven\u00f6l extra der h\u00f6chsten Kategorie, das direkt aus Oliven und ausschlie\u00dflich durch mechanische Verfahren gewonnen wird; 100% italienisches kaltgepresstes Bio-Oliven\u00f6l extra vergine; wir bieten Ihnen ungefiltertes \u00d6l an, das auf Wunsch auch gefiltert werden kann. 5-Liter-Dose. Zutaten: Leccine-Oliven, Pecholine-Oliven, Coratine-Oliven. <\/p>\n","protected":false},"featured_media":25338,"template":"","meta":[],"product_brand":[],"product_cat":[15],"product_tag":[],"class_list":{"0":"post-25950","1":"product","2":"type-product","3":"status-publish","4":"has-post-thumbnail","6":"product_cat-salumi-e-carni","8":"first","9":"instock","10":"taxable","11":"shipping-taxable","12":"purchasable","13":"product-type-simple"},"_links":{"self":[{"href":"https:\/\/italiansublimefood.com\/de\/wp-json\/wp\/v2\/product\/25950","targetHints":{"allow":["GET"]}}],"collection":[{"href":"https:\/\/italiansublimefood.com\/de\/wp-json\/wp\/v2\/product"}],"about":[{"href":"https:\/\/italiansublimefood.com\/de\/wp-json\/wp\/v2\/types\/product"}],"wp:featuredmedia":[{"embeddable":true,"href":"https:\/\/italiansublimefood.com\/de\/wp-json\/wp\/v2\/media\/25338"}],"wp:attachment":[{"href":"https:\/\/italiansublimefood.com\/de\/wp-json\/wp\/v2\/media?parent=25950"}],"wp:term":[{"taxonomy":"product_brand","embeddable":true,"href":"https:\/\/italiansublimefood.com\/de\/wp-json\/wp\/v2\/product_brand?post=25950"},{"taxonomy":"product_cat","embeddable":true,"href":"https:\/\/italiansublimefood.com\/de\/wp-json\/wp\/v2\/product_cat?post=25950"},{"taxonomy":"product_tag","embeddable":true,"href":"https:\/\/italiansublimefood.com\/de\/wp-json\/wp\/v2\/product_tag?post=25950"}],"curies":[{"name":"wp","href":"https:\/\/api.w.org\/{rel}","templated":true}]}}