{"id":25944,"date":"2025-01-27T22:04:10","date_gmt":"2025-01-27T21:04:10","guid":{"rendered":"https:\/\/italiansublimefood.com\/product\/basilikata-bergamotte-likoer-lgdistribution\/"},"modified":"2025-05-05T10:04:03","modified_gmt":"2025-05-05T08:04:03","slug":"basilikata-bergamotte-likoer-lgdistribution","status":"publish","type":"product","link":"https:\/\/italiansublimefood.com\/de\/produkt\/basilikata-bergamotte-likoer-lgdistribution\/","title":{"rendered":"Basilikata Bergamotte Lik\u00f6r &#8211; LGDISTRIBUTION"},"content":{"rendered":"","protected":false},"excerpt":{"rendered":"<p><strong>BERGAMOTTO<\/strong><br \/>\nEin unnachahmlicher Lik\u00f6r mit einem Geschmack, der so fein und unverwechselbar ist wie die Frucht, aus der er gewonnen wird. Gek\u00fchlt zu genie\u00dfen, ein ausgezeichneter Digestif und als Basis f\u00fcr Longdrinks. <\/p>\n","protected":false},"featured_media":25283,"template":"","meta":[],"product_brand":[],"product_cat":[15],"product_tag":[],"class_list":{"0":"post-25944","1":"product","2":"type-product","3":"status-publish","4":"has-post-thumbnail","6":"product_cat-salumi-e-carni","8":"first","9":"instock","10":"taxable","11":"shipping-taxable","12":"purchasable","13":"product-type-simple"},"_links":{"self":[{"href":"https:\/\/italiansublimefood.com\/de\/wp-json\/wp\/v2\/product\/25944","targetHints":{"allow":["GET"]}}],"collection":[{"href":"https:\/\/italiansublimefood.com\/de\/wp-json\/wp\/v2\/product"}],"about":[{"href":"https:\/\/italiansublimefood.com\/de\/wp-json\/wp\/v2\/types\/product"}],"wp:featuredmedia":[{"embeddable":true,"href":"https:\/\/italiansublimefood.com\/de\/wp-json\/wp\/v2\/media\/25283"}],"wp:attachment":[{"href":"https:\/\/italiansublimefood.com\/de\/wp-json\/wp\/v2\/media?parent=25944"}],"wp:term":[{"taxonomy":"product_brand","embeddable":true,"href":"https:\/\/italiansublimefood.com\/de\/wp-json\/wp\/v2\/product_brand?post=25944"},{"taxonomy":"product_cat","embeddable":true,"href":"https:\/\/italiansublimefood.com\/de\/wp-json\/wp\/v2\/product_cat?post=25944"},{"taxonomy":"product_tag","embeddable":true,"href":"https:\/\/italiansublimefood.com\/de\/wp-json\/wp\/v2\/product_tag?post=25944"}],"curies":[{"name":"wp","href":"https:\/\/api.w.org\/{rel}","templated":true}]}}