{"id":25942,"date":"2025-01-31T17:28:37","date_gmt":"2025-01-31T16:28:37","guid":{"rendered":"https:\/\/italiansublimefood.com\/product\/pecorino-allo-zafferano-di-san-gimignano-d-o-p-0-6kg-ortofrutticola-senese-srl\/"},"modified":"2025-05-05T10:04:03","modified_gmt":"2025-05-05T08:04:03","slug":"pecorino-allo-zafferano-di-san-gimignano-d-o-p-0-6kg-ortofrutticola-senese-srl","status":"publish","type":"product","link":"https:\/\/italiansublimefood.com\/de\/produkt\/pecorino-allo-zafferano-di-san-gimignano-d-o-p-0-6kg-ortofrutticola-senese-srl\/","title":{"rendered":"PECORINO ALLO ZAFFERANO DI SAN GIMIGNANO D.O.P. 0.6kg &#8211; Ortofrutticola Senese Srl"},"content":{"rendered":"","protected":false},"excerpt":{"rendered":"<div class=\"main-info-product\">\n<p>-Hergestellt aus frischer pasteurisierter Schafsmilch, nat\u00fcrlichem Lab, ausgew\u00e4hlten Milchfermenten und Salz aus den Saline di Volterra. Der kostbare San Gimignano Safran P.D.O. in Stigmen wird dem K\u00e4sebruch zugesetzt und verleiht der Pasta einen delikaten Geschmack und das unverwechselbare Aroma<br \/>\nvon Safran. Die Pasta ist frisch und weich und hat eine charakteristische goldgelbe Farbe. <b>Serviervorschl\u00e4ge:<\/b> Hervorragend als Aperitif bei Zimmertemperatur oder in Begleitung von Akazienhonig.<br \/>\n-Gewicht: 0,7 kg  <\/p>\n<\/div>\n","protected":false},"featured_media":25318,"template":"","meta":[],"product_brand":[],"product_cat":[15],"product_tag":[],"class_list":{"0":"post-25942","1":"product","2":"type-product","3":"status-publish","4":"has-post-thumbnail","6":"product_cat-salumi-e-carni","8":"first","9":"instock","10":"taxable","11":"shipping-taxable","12":"purchasable","13":"product-type-simple"},"_links":{"self":[{"href":"https:\/\/italiansublimefood.com\/de\/wp-json\/wp\/v2\/product\/25942","targetHints":{"allow":["GET"]}}],"collection":[{"href":"https:\/\/italiansublimefood.com\/de\/wp-json\/wp\/v2\/product"}],"about":[{"href":"https:\/\/italiansublimefood.com\/de\/wp-json\/wp\/v2\/types\/product"}],"wp:featuredmedia":[{"embeddable":true,"href":"https:\/\/italiansublimefood.com\/de\/wp-json\/wp\/v2\/media\/25318"}],"wp:attachment":[{"href":"https:\/\/italiansublimefood.com\/de\/wp-json\/wp\/v2\/media?parent=25942"}],"wp:term":[{"taxonomy":"product_brand","embeddable":true,"href":"https:\/\/italiansublimefood.com\/de\/wp-json\/wp\/v2\/product_brand?post=25942"},{"taxonomy":"product_cat","embeddable":true,"href":"https:\/\/italiansublimefood.com\/de\/wp-json\/wp\/v2\/product_cat?post=25942"},{"taxonomy":"product_tag","embeddable":true,"href":"https:\/\/italiansublimefood.com\/de\/wp-json\/wp\/v2\/product_tag?post=25942"}],"curies":[{"name":"wp","href":"https:\/\/api.w.org\/{rel}","templated":true}]}}