{"id":25939,"date":"2025-01-27T22:00:08","date_gmt":"2025-01-27T21:00:08","guid":{"rendered":"https:\/\/italiansublimefood.com\/product\/basilikata-lakritz-likoer-lgdistribution\/"},"modified":"2025-05-05T10:04:03","modified_gmt":"2025-05-05T08:04:03","slug":"basilikata-lakritz-likoer-lgdistribution","status":"publish","type":"product","link":"https:\/\/italiansublimefood.com\/de\/produkt\/basilikata-lakritz-likoer-lgdistribution\/","title":{"rendered":"Basilikata Lakritz-Lik\u00f6r &#8211; LGDISTRIBUTION"},"content":{"rendered":"","protected":false},"excerpt":{"rendered":"<p><strong>LIQUIRIZIA<\/strong><br \/>\nLakritzlik\u00f6r aus reiner lukanischer S\u00fc\u00dfholzwurzel, ein exzellenter Digestiv, den man eisgek\u00fchlt genie\u00dfen kann und der bereits als bester handwerklicher Lik\u00f6r ausgezeichnet wurde. 25% vol. <\/p>\n","protected":false},"featured_media":25279,"template":"","meta":[],"product_brand":[],"product_cat":[15],"product_tag":[],"class_list":{"0":"post-25939","1":"product","2":"type-product","3":"status-publish","4":"has-post-thumbnail","6":"product_cat-salumi-e-carni","8":"first","9":"instock","10":"taxable","11":"shipping-taxable","12":"purchasable","13":"product-type-simple"},"_links":{"self":[{"href":"https:\/\/italiansublimefood.com\/de\/wp-json\/wp\/v2\/product\/25939","targetHints":{"allow":["GET"]}}],"collection":[{"href":"https:\/\/italiansublimefood.com\/de\/wp-json\/wp\/v2\/product"}],"about":[{"href":"https:\/\/italiansublimefood.com\/de\/wp-json\/wp\/v2\/types\/product"}],"wp:featuredmedia":[{"embeddable":true,"href":"https:\/\/italiansublimefood.com\/de\/wp-json\/wp\/v2\/media\/25279"}],"wp:attachment":[{"href":"https:\/\/italiansublimefood.com\/de\/wp-json\/wp\/v2\/media?parent=25939"}],"wp:term":[{"taxonomy":"product_brand","embeddable":true,"href":"https:\/\/italiansublimefood.com\/de\/wp-json\/wp\/v2\/product_brand?post=25939"},{"taxonomy":"product_cat","embeddable":true,"href":"https:\/\/italiansublimefood.com\/de\/wp-json\/wp\/v2\/product_cat?post=25939"},{"taxonomy":"product_tag","embeddable":true,"href":"https:\/\/italiansublimefood.com\/de\/wp-json\/wp\/v2\/product_tag?post=25939"}],"curies":[{"name":"wp","href":"https:\/\/api.w.org\/{rel}","templated":true}]}}