{"id":25914,"date":"2025-01-24T22:12:46","date_gmt":"2025-01-24T21:12:46","guid":{"rendered":"https:\/\/italiansublimefood.com\/product\/toskanische-salami-salumificio-rabissi-pepi-2\/"},"modified":"2025-05-05T10:04:01","modified_gmt":"2025-05-05T08:04:01","slug":"toskanische-salami-salumificio-rabissi-pepi-2","status":"publish","type":"product","link":"https:\/\/italiansublimefood.com\/de\/produkt\/toskanische-salami-salumificio-rabissi-pepi-2\/","title":{"rendered":"TOSKANISCHE SALAMI &#8211; SALUMIFICIO RABISSI PEPI"},"content":{"rendered":"","protected":false},"excerpt":{"rendered":"<div class=\"titlebar\">\n<p>&#8211; Produktdetails: SALAME TOSCANO. <strong>TYP:<\/strong> Toskanische Salami. Hergestellt aus ausgew\u00e4hltem Schweineschulterfleisch (ausschlie\u00dflich aus einheimischer Herkunft), das von \u00fcbersch\u00fcssigem Fett und Rippen befreit wurde. Ausgew\u00e4hltes R\u00fcckenschmalz (das wegen seiner Konsistenz ausgew\u00e4hlt wird) wird zusammen mit den Gew\u00fcrzen zu dem in etwa 6-7 mm gro\u00dfe W\u00fcrfel geschnittenen Teig gegeben. Die einfache W\u00fcrzung (Salz, Knoblauch und Pfeffer, sowohl gemahlen als auch Pfefferk\u00f6rner) und gleichzeitig sehr duftend garantiert ein ausgezeichnetes Endergebnis. Er wird ausschlie\u00dflich in Naturdarm vom Rind gef\u00fcllt und von Hand gebunden. Reifezeit 50-60 Tage.<br \/>\n-Preis: 34.99\u20ac\/kg<\/p>\n<\/div>\n<p>&nbsp;<\/p>\n","protected":false},"featured_media":18220,"template":"","meta":[],"product_brand":[],"product_cat":[15],"product_tag":[],"class_list":{"0":"post-25914","1":"product","2":"type-product","3":"status-publish","4":"has-post-thumbnail","6":"product_cat-salumi-e-carni","8":"first","9":"instock","10":"taxable","11":"shipping-taxable","12":"purchasable","13":"product-type-variable"},"_links":{"self":[{"href":"https:\/\/italiansublimefood.com\/de\/wp-json\/wp\/v2\/product\/25914","targetHints":{"allow":["GET"]}}],"collection":[{"href":"https:\/\/italiansublimefood.com\/de\/wp-json\/wp\/v2\/product"}],"about":[{"href":"https:\/\/italiansublimefood.com\/de\/wp-json\/wp\/v2\/types\/product"}],"wp:featuredmedia":[{"embeddable":true,"href":"https:\/\/italiansublimefood.com\/de\/wp-json\/wp\/v2\/media\/18220"}],"wp:attachment":[{"href":"https:\/\/italiansublimefood.com\/de\/wp-json\/wp\/v2\/media?parent=25914"}],"wp:term":[{"taxonomy":"product_brand","embeddable":true,"href":"https:\/\/italiansublimefood.com\/de\/wp-json\/wp\/v2\/product_brand?post=25914"},{"taxonomy":"product_cat","embeddable":true,"href":"https:\/\/italiansublimefood.com\/de\/wp-json\/wp\/v2\/product_cat?post=25914"},{"taxonomy":"product_tag","embeddable":true,"href":"https:\/\/italiansublimefood.com\/de\/wp-json\/wp\/v2\/product_tag?post=25914"}],"curies":[{"name":"wp","href":"https:\/\/api.w.org\/{rel}","templated":true}]}}