{"id":25906,"date":"2025-01-24T16:45:24","date_gmt":"2025-01-24T15:45:24","guid":{"rendered":"https:\/\/italiansublimefood.com\/product\/toskanischer-d-o-p-rohschinken-salumificio-rabissi-pepi-2\/"},"modified":"2025-05-05T10:04:01","modified_gmt":"2025-05-05T08:04:01","slug":"toskanischer-d-o-p-rohschinken-salumificio-rabissi-pepi-2","status":"publish","type":"product","link":"https:\/\/italiansublimefood.com\/de\/produkt\/toskanischer-d-o-p-rohschinken-salumificio-rabissi-pepi-2\/","title":{"rendered":"TOSKANISCHER D.O.P. ROHSCHINKEN &#8211; SALUMIFICIO RABISSI PEPI"},"content":{"rendered":"","protected":false},"excerpt":{"rendered":"<div class=\"titlebar\">\n<p>&#8211; TYP<strong>: <\/strong> D<strong>.O.P. Toskanischer Prosciutto Stagionato<\/strong>. Absolut nationale Schweinekeule, die bei der Schlachtung ausgew\u00e4hlt und gebrandmarkt wird, um die Kriterien der Vorschriften des TUSCAN PROSCIUTTO CONSORZIO DEL PROSCIUTTO TOSCANO (TUSCAN PROSCIUTTO<strong>HAM<\/strong> CONSORTIUM) zu erf\u00fcllen, das 1996 die gesch\u00fctzte Ursprungsbezeichnung (D.O.P.) erhielt. Mindestens 12 Monate gereift und nach einer sorgf\u00e4ltigen Endauswahl gebrandmarkt, ist es der ultimative Ausdruck des Aufschnitts, der unsere Tische f\u00fcllt.<br \/>\nPreis: 35,99\u20ac\/kg <\/p>\n<\/div>\n<p>&nbsp;<\/p>\n","protected":false},"featured_media":18193,"template":"","meta":[],"product_brand":[],"product_cat":[15],"product_tag":[],"class_list":{"0":"post-25906","1":"product","2":"type-product","3":"status-publish","4":"has-post-thumbnail","6":"product_cat-salumi-e-carni","8":"first","9":"instock","10":"taxable","11":"shipping-taxable","12":"purchasable","13":"product-type-variable"},"_links":{"self":[{"href":"https:\/\/italiansublimefood.com\/de\/wp-json\/wp\/v2\/product\/25906","targetHints":{"allow":["GET"]}}],"collection":[{"href":"https:\/\/italiansublimefood.com\/de\/wp-json\/wp\/v2\/product"}],"about":[{"href":"https:\/\/italiansublimefood.com\/de\/wp-json\/wp\/v2\/types\/product"}],"wp:featuredmedia":[{"embeddable":true,"href":"https:\/\/italiansublimefood.com\/de\/wp-json\/wp\/v2\/media\/18193"}],"wp:attachment":[{"href":"https:\/\/italiansublimefood.com\/de\/wp-json\/wp\/v2\/media?parent=25906"}],"wp:term":[{"taxonomy":"product_brand","embeddable":true,"href":"https:\/\/italiansublimefood.com\/de\/wp-json\/wp\/v2\/product_brand?post=25906"},{"taxonomy":"product_cat","embeddable":true,"href":"https:\/\/italiansublimefood.com\/de\/wp-json\/wp\/v2\/product_cat?post=25906"},{"taxonomy":"product_tag","embeddable":true,"href":"https:\/\/italiansublimefood.com\/de\/wp-json\/wp\/v2\/product_tag?post=25906"}],"curies":[{"name":"wp","href":"https:\/\/api.w.org\/{rel}","templated":true}]}}