{"id":25896,"date":"2025-02-23T17:44:54","date_gmt":"2025-02-23T16:44:54","guid":{"rendered":"https:\/\/italiansublimefood.com\/product\/geschenkpackung-mit-3-bugin-70-cl-gins-bugin\/"},"modified":"2025-05-05T10:04:00","modified_gmt":"2025-05-05T08:04:00","slug":"geschenkpackung-mit-3-bugin-70-cl-gins-bugin","status":"publish","type":"product","link":"https:\/\/italiansublimefood.com\/de\/produkt\/geschenkpackung-mit-3-bugin-70-cl-gins-bugin\/","title":{"rendered":"Geschenkpackung mit 3 BUGIN 70 cl Gins &#8211; Bugin"},"content":{"rendered":"","protected":false},"excerpt":{"rendered":"<p>Machen Sie Ihr Geschenk einzigartig mit der Premium-Dreifach-Box mit drei Flaschen BUGIN. Sie erhalten den klassischen BUGIN Gin (45% vol) zusammen mit den beiden Limited Editions: dem Barrique Old Tom ex Vermouth und dem Barrique ex Thyme, die beide durch sorgf\u00e4ltige Lagerung des BUGIN Gins in dem Eichenfass hergestellt werden, in dem zuvor der rote Vermouth di Torino Superiore bzw. der Thymianlik\u00f6r gelagert wurde. Die erste Limited Edition (40% vol) hat einen charakteristischen Hauch von Holz, angenehme Tannin-Noten und eine feine S\u00fc\u00dfe. Er ist ein Old Tom: er enth\u00e4lt Zucker in der Rezeptur (40 g pro Liter). Probieren Sie ihn pur und erleben Sie ein au\u00dfergew\u00f6hnliches Geschmackserlebnis. Der zweite, Ex-Thymus (45% vol), hat eine unvergleichliche Aromatik und eignet sich am besten f\u00fcr Cocktails und zum Kochen. Der Thymus-Boost verbindet sich mit den Thymian-Botanicals, die bereits im BUGIN-Destillat enthalten sind.<br \/>\nBUGIN <strong>IST DER GIN, DER ESSEN UND MIXOLOGIE VEREINIGT<br \/>\n<\/strong>Er ist das ideale Destillat zum Mischen und Marinieren von Fleischst\u00fccken sowie f\u00fcr Cocktails, mit denen man sich vermischen kann. In Cocktails erg\u00e4nzen die Aromen und D\u00fcfte von BUGIN das Erlebnis mit den Aromen von Fleischgerichten.<br \/>\nIn der Nase ist er sehr aromatisch und duftend, mit zarten blumigen Noten. Am Gaumen ist er trockener. Die Kraft der pflanzlichen Stoffe rundet das Erlebnis ab und vollendet es.<br \/>\nSein Aroma ist aromatisch und angenehm mit balsamischen Noten. Der Geschmack ist ausgewogen und kr\u00e4ftig: Thymian, Genepy und Wacholder \u00fcberwiegen. BUGIN wird im Piemont mit pflanzlichen Stoffen destilliert, die sich mit denen erg\u00e4nzen, die normalerweise in der Fleischk\u00fcche verwendet werden. Der BUGIN Gin besteht aus acht Pflanzen: Wacholder, Genepy, Artemisia, Thymian, Achillea Millefoglie, Angelica, Tanaceto und Zedoaria. Die dreifache Premium-Geschenkbox, die mit einer Schleife verziert ist, enth\u00e4lt bereits die drei 70-cl-Flaschen von BUGIN.      <\/p>\n","protected":false},"featured_media":25750,"template":"","meta":[],"product_brand":[],"product_cat":[15],"product_tag":[],"class_list":{"0":"post-25896","1":"product","2":"type-product","3":"status-publish","4":"has-post-thumbnail","6":"product_cat-salumi-e-carni","8":"first","9":"instock","10":"taxable","11":"shipping-taxable","12":"purchasable","13":"product-type-simple"},"_links":{"self":[{"href":"https:\/\/italiansublimefood.com\/de\/wp-json\/wp\/v2\/product\/25896","targetHints":{"allow":["GET"]}}],"collection":[{"href":"https:\/\/italiansublimefood.com\/de\/wp-json\/wp\/v2\/product"}],"about":[{"href":"https:\/\/italiansublimefood.com\/de\/wp-json\/wp\/v2\/types\/product"}],"wp:featuredmedia":[{"embeddable":true,"href":"https:\/\/italiansublimefood.com\/de\/wp-json\/wp\/v2\/media\/25750"}],"wp:attachment":[{"href":"https:\/\/italiansublimefood.com\/de\/wp-json\/wp\/v2\/media?parent=25896"}],"wp:term":[{"taxonomy":"product_brand","embeddable":true,"href":"https:\/\/italiansublimefood.com\/de\/wp-json\/wp\/v2\/product_brand?post=25896"},{"taxonomy":"product_cat","embeddable":true,"href":"https:\/\/italiansublimefood.com\/de\/wp-json\/wp\/v2\/product_cat?post=25896"},{"taxonomy":"product_tag","embeddable":true,"href":"https:\/\/italiansublimefood.com\/de\/wp-json\/wp\/v2\/product_tag?post=25896"}],"curies":[{"name":"wp","href":"https:\/\/api.w.org\/{rel}","templated":true}]}}