{"id":25892,"date":"2025-02-23T17:43:35","date_gmt":"2025-02-23T16:43:35","guid":{"rendered":"https:\/\/italiansublimefood.com\/product\/geschenkpackung-mit-gin-bugin-old-tom-barrique-ex-vermouth-limited-edition-70-cl-bugin\/"},"modified":"2025-05-05T10:04:00","modified_gmt":"2025-05-05T08:04:00","slug":"geschenkpackung-mit-gin-bugin-old-tom-barrique-ex-vermouth-limited-edition-70-cl-bugin","status":"publish","type":"product","link":"https:\/\/italiansublimefood.com\/de\/produkt\/geschenkpackung-mit-gin-bugin-old-tom-barrique-ex-vermouth-limited-edition-70-cl-bugin\/","title":{"rendered":"Geschenkpackung mit Gin BUGIN Old Tom Barrique ex Vermouth Limited Edition 70 cl &#8211; Bugin"},"content":{"rendered":"","protected":false},"excerpt":{"rendered":"<p>Machen Sie Ihr Geschenk einzigartig mit der Premium-Box, die eine limitierte Flasche BUGIN Barrique Old Tom (40% VOL) enth\u00e4lt. Er ist das Ergebnis einer sorgf\u00e4ltigen Lagerung des BUGIN Gins in dem Eichenfass, in dem zuvor der rote Vermouth di Torino Superiore gelagert wurde. Er hat einen charakteristischen Hauch von Holz, angenehme Tannin-Noten und eine feine S\u00fc\u00dfe. Er ist ein Old Tom: Er enth\u00e4lt Zucker in der Rezeptur (40 g pro Liter). Probieren Sie ihn pur und erleben Sie ein au\u00dfergew\u00f6hnliches Geschmackserlebnis.<br \/>\nBUGIN <strong>IS THE GIN THAT COMBINES FOOD AND MIXOLOGY<br \/>\n<\/strong>Er ist das ideale Destillat zum Nuancieren und Marinieren von Fleischst\u00fccken sowie f\u00fcr Cocktails. In Cocktails erg\u00e4nzen die Aromen und D\u00fcfte von BUGIN das Erlebnis mit den Aromen von Fleischgerichten.<br \/>\nEr ist sehr aromatisch und duftend in der Nase, mit zarten blumigen Noten. Am Gaumen ist er trockener. Die St\u00e4rke der Botanicals rundet das Erlebnis ab und vervollst\u00e4ndigt es. Sein Aroma ist aromatisch und angenehm mit balsamischen Noten. Der Geschmack ist ausgewogen und kr\u00e4ftig: Thymian, Genepy und Wacholder \u00fcberwiegen.<br \/>\nBUGIN wird im Piemont mit Pflanzenextrakten destilliert, die sich mit denen erg\u00e4nzen, die normalerweise in der Fleischk\u00fcche verwendet werden. Der BUGIN Gin enth\u00e4lt acht Botanicals: Wacholder, Genepy, Artemisia, Thymian, Schafgarbe, Angelika, Mandarine und Zedoaria. Die mit einer Schleife verzierte Premium-Geschenkbox enth\u00e4lt bereits die 70 cl (40% vol) Flasche BUGIN Old Tom Barrique ex Vermouth.       <\/p>\n","protected":false},"featured_media":25747,"template":"","meta":[],"product_brand":[],"product_cat":[15],"product_tag":[],"class_list":{"0":"post-25892","1":"product","2":"type-product","3":"status-publish","4":"has-post-thumbnail","6":"product_cat-salumi-e-carni","8":"first","9":"instock","10":"taxable","11":"shipping-taxable","12":"purchasable","13":"product-type-simple"},"_links":{"self":[{"href":"https:\/\/italiansublimefood.com\/de\/wp-json\/wp\/v2\/product\/25892","targetHints":{"allow":["GET"]}}],"collection":[{"href":"https:\/\/italiansublimefood.com\/de\/wp-json\/wp\/v2\/product"}],"about":[{"href":"https:\/\/italiansublimefood.com\/de\/wp-json\/wp\/v2\/types\/product"}],"wp:featuredmedia":[{"embeddable":true,"href":"https:\/\/italiansublimefood.com\/de\/wp-json\/wp\/v2\/media\/25747"}],"wp:attachment":[{"href":"https:\/\/italiansublimefood.com\/de\/wp-json\/wp\/v2\/media?parent=25892"}],"wp:term":[{"taxonomy":"product_brand","embeddable":true,"href":"https:\/\/italiansublimefood.com\/de\/wp-json\/wp\/v2\/product_brand?post=25892"},{"taxonomy":"product_cat","embeddable":true,"href":"https:\/\/italiansublimefood.com\/de\/wp-json\/wp\/v2\/product_cat?post=25892"},{"taxonomy":"product_tag","embeddable":true,"href":"https:\/\/italiansublimefood.com\/de\/wp-json\/wp\/v2\/product_tag?post=25892"}],"curies":[{"name":"wp","href":"https:\/\/api.w.org\/{rel}","templated":true}]}}