{"id":25891,"date":"2025-02-23T18:53:42","date_gmt":"2025-02-23T17:53:42","guid":{"rendered":"https:\/\/italiansublimefood.com\/product\/visciolata-del-cardinale-le-cantine-del-cardinale\/"},"modified":"2025-05-05T10:04:00","modified_gmt":"2025-05-05T08:04:00","slug":"visciolata-del-cardinale-le-cantine-del-cardinale","status":"publish","type":"product","link":"https:\/\/italiansublimefood.com\/de\/produkt\/visciolata-del-cardinale-le-cantine-del-cardinale\/","title":{"rendered":"VISCIOLATA DEL CARDINALE &#8211; Le Cantine del Cardinale"},"content":{"rendered":"","protected":false},"excerpt":{"rendered":"<p><strong>WineHunter Award 2024<\/strong><br \/>\nWir sind stolz, Ihnen mitteilen zu k\u00f6nnen, dass unser <strong>Visciolata Del Cardinale<\/strong> mit dem prestigetr\u00e4chtigen <em>WineHunter Award 2024<\/em> ausgezeichnet wurde, der international f\u00fcr seine Qualit\u00e4t und Exzellenz anerkannt ist. Ein Wein, der das Beste aus unserer handwerklichen Produktion repr\u00e4sentiert. Hervorragend als Dessertwein am Ende einer Mahlzeit, gepaart mit trockenem Geb\u00e4ck und dunkler Schokolade. Auch hervorragend als Aperitif in Kombination mit Prosecco (sog. Spritzsciola). Eine ideale Basis f\u00fcr Cocktails und zum Kochen von rotem Fleisch.<br \/>\n<strong>Traubensorten\/Zutaten<\/strong>: Montepulciano und Cabernet Sauvignon, Visciole und Zucker.<br \/>\n<strong>Verarbeitungsverfahren<\/strong>: Die reifen Sauerkirschen werden unter Zugabe von Zucker von Juni bis September in Edelstahlf\u00e4ssern an der Sonne gelagert. Der so gewonnene aromatische Nektar wird etwa 12 Monate lang zusammen mit dem Most aus Montepulciano und Cabernet nach einem ausgekl\u00fcgelten, seit Generationen \u00fcberlieferten Rezept verarbeitet.<br \/>\n<strong>Lagerung:<\/strong> Kann bei Kellertemperatur gelagert werden. 14% Vol \/ 140 Gr\/Liter <\/p>\n","protected":false},"featured_media":25757,"template":"","meta":[],"product_brand":[],"product_cat":[15],"product_tag":[357],"class_list":{"0":"post-25891","1":"product","2":"type-product","3":"status-publish","4":"has-post-thumbnail","6":"product_cat-salumi-e-carni","7":"product_tag-le-cantine-del-cardinale","9":"first","10":"instock","11":"taxable","12":"shipping-taxable","13":"purchasable","14":"product-type-variable"},"_links":{"self":[{"href":"https:\/\/italiansublimefood.com\/de\/wp-json\/wp\/v2\/product\/25891","targetHints":{"allow":["GET"]}}],"collection":[{"href":"https:\/\/italiansublimefood.com\/de\/wp-json\/wp\/v2\/product"}],"about":[{"href":"https:\/\/italiansublimefood.com\/de\/wp-json\/wp\/v2\/types\/product"}],"wp:featuredmedia":[{"embeddable":true,"href":"https:\/\/italiansublimefood.com\/de\/wp-json\/wp\/v2\/media\/25757"}],"wp:attachment":[{"href":"https:\/\/italiansublimefood.com\/de\/wp-json\/wp\/v2\/media?parent=25891"}],"wp:term":[{"taxonomy":"product_brand","embeddable":true,"href":"https:\/\/italiansublimefood.com\/de\/wp-json\/wp\/v2\/product_brand?post=25891"},{"taxonomy":"product_cat","embeddable":true,"href":"https:\/\/italiansublimefood.com\/de\/wp-json\/wp\/v2\/product_cat?post=25891"},{"taxonomy":"product_tag","embeddable":true,"href":"https:\/\/italiansublimefood.com\/de\/wp-json\/wp\/v2\/product_tag?post=25891"}],"curies":[{"name":"wp","href":"https:\/\/api.w.org\/{rel}","templated":true}]}}