{"id":25889,"date":"2025-02-23T17:42:44","date_gmt":"2025-02-23T16:42:44","guid":{"rendered":"https:\/\/italiansublimefood.com\/product\/geschenkpackung-mit-gin-bugin-barrique-ex-thymian-limited-edition-70-cl-bugin\/"},"modified":"2025-05-05T10:04:00","modified_gmt":"2025-05-05T08:04:00","slug":"geschenkpackung-mit-gin-bugin-barrique-ex-thymian-limited-edition-70-cl-bugin","status":"publish","type":"product","link":"https:\/\/italiansublimefood.com\/de\/produkt\/geschenkpackung-mit-gin-bugin-barrique-ex-thymian-limited-edition-70-cl-bugin\/","title":{"rendered":"Geschenkpackung mit Gin BUGIN Barrique ex Thymian Limited Edition 70 cl &#8211; Bugin"},"content":{"rendered":"","protected":false},"excerpt":{"rendered":"<p>Machen Sie Ihr Geschenk zu etwas Besonderem mit der Schachtel, die die limitierte Flasche BUGIN Barrique ex Thyme Gin (45% VOL) enth\u00e4lt. Der k\u00fchne Charakter entsteht durch die Lagerung des BUGIN Gins in dem Eichenfass, in dem der Thymianlik\u00f6r gereift ist. Diese Veredelung verst\u00e4rkt die ohnehin schon faszinierende Thymian-Note im Destillat und bringt eine delikate Komplexit\u00e4t und eine ausgepr\u00e4gte Aromatik hervor.<br \/>\nBUGIN <strong>IS THE GIN THAT COMBINES FOOD AND MIXOLOGY<br \/>\n<\/strong>Er ist das ideale Destillat zum Nuancieren und Marinieren von Fleischst\u00fccken sowie f\u00fcr Cocktails. In Cocktails erg\u00e4nzen die Aromen und D\u00fcfte von BUGIN das Erlebnis mit den Aromen von Fleischgerichten.<br \/>\nEr ist sehr aromatisch und duftend in der Nase, mit zarten blumigen Noten. Am Gaumen ist er trockener. Die Kraft der pflanzlichen Stoffe rundet das Erlebnis ab und vollendet es.<br \/>\nSein Aroma ist aromatisch und angenehm mit balsamischen Noten. Der Geschmack ist ausgewogen und kr\u00e4ftig: Thymian, Genepy und Wacholder \u00fcberwiegen. BUGIN wird im Piemont mit pflanzlichen Stoffen destilliert, die sich mit denen erg\u00e4nzen, die normalerweise in der Fleischk\u00fcche verwendet werden. Der BUGIN Gin enth\u00e4lt acht Botanicals: Wacholder, Genepy, Artemisia, Thymian, Achillea Millefoglie, Angelica, Tanaceto und Zedoaria. Gin BUGIN Barrique ex Thyme 70 cl wird in einer mit einer Schleife verzierten Schachtel geliefert. 45% vol.        <\/p>\n","protected":false},"featured_media":25742,"template":"","meta":[],"product_brand":[],"product_cat":[15],"product_tag":[],"class_list":{"0":"post-25889","1":"product","2":"type-product","3":"status-publish","4":"has-post-thumbnail","6":"product_cat-salumi-e-carni","8":"first","9":"instock","10":"taxable","11":"shipping-taxable","12":"purchasable","13":"product-type-simple"},"_links":{"self":[{"href":"https:\/\/italiansublimefood.com\/de\/wp-json\/wp\/v2\/product\/25889","targetHints":{"allow":["GET"]}}],"collection":[{"href":"https:\/\/italiansublimefood.com\/de\/wp-json\/wp\/v2\/product"}],"about":[{"href":"https:\/\/italiansublimefood.com\/de\/wp-json\/wp\/v2\/types\/product"}],"wp:featuredmedia":[{"embeddable":true,"href":"https:\/\/italiansublimefood.com\/de\/wp-json\/wp\/v2\/media\/25742"}],"wp:attachment":[{"href":"https:\/\/italiansublimefood.com\/de\/wp-json\/wp\/v2\/media?parent=25889"}],"wp:term":[{"taxonomy":"product_brand","embeddable":true,"href":"https:\/\/italiansublimefood.com\/de\/wp-json\/wp\/v2\/product_brand?post=25889"},{"taxonomy":"product_cat","embeddable":true,"href":"https:\/\/italiansublimefood.com\/de\/wp-json\/wp\/v2\/product_cat?post=25889"},{"taxonomy":"product_tag","embeddable":true,"href":"https:\/\/italiansublimefood.com\/de\/wp-json\/wp\/v2\/product_tag?post=25889"}],"curies":[{"name":"wp","href":"https:\/\/api.w.org\/{rel}","templated":true}]}}