{"id":25882,"date":"2025-02-23T17:02:04","date_gmt":"2025-02-23T16:02:04","guid":{"rendered":"https:\/\/italiansublimefood.com\/product\/bbq-negroni-sauce-bugin\/"},"modified":"2025-05-05T10:04:00","modified_gmt":"2025-05-05T08:04:00","slug":"bbq-negroni-sauce-bugin","status":"publish","type":"product","link":"https:\/\/italiansublimefood.com\/de\/produkt\/bbq-negroni-sauce-bugin\/","title":{"rendered":"BBQ Negroni Sauce &#8211; Bugin"},"content":{"rendered":"","protected":false},"excerpt":{"rendered":"<p>Zitrus- und Kr\u00e4uterakzente verschmelzen und kulminieren in dem charakteristischen Aroma von Vermouth mit einer zarten Rauchnote. Ideal zum Lackieren oder als W\u00fcrzmittel. Passt hervorragend zu jedem Schweinefleisch.<br \/>\nENTH\u00c4LT KEINEN ALKOHOL UND KEINE KONSERVIERUNGSMITTEL.<br \/>\nZUTATEN: Ketchup (doppeltes Tomatenmark aus Italien, Wasser, Apfelessig, Zucker, Salz, Knoblauch, Zwiebel), Apfelsaft, e.v.o. \u00d6l, Balsamico-Essig, Apfelessig, Honig, Bitter, Knoblauch, Pfeffer, Salz, Fl\u00fcssigrauch (Wasser, Fruchtextrakte, Kr\u00e4uterextrakte, Raucharomen, Salz), Verdickungsmittel: modifizierte Tapiokast\u00e4rke, Kr\u00e4uter, Gew\u00fcrze und Aromen. Machen Sie Ihre Paarungen und Ihre K\u00fcche stratosph\u00e4risch mit einem einzigartigen Produkt auf dem Markt, das Mixologie und Barbecue verbindet.<br \/>\nGlasflasche mit 250 ml Sauce.   <\/p>\n","protected":false},"featured_media":25712,"template":"","meta":[],"product_brand":[],"product_cat":[15],"product_tag":[358],"class_list":{"0":"post-25882","1":"product","2":"type-product","3":"status-publish","4":"has-post-thumbnail","6":"product_cat-salumi-e-carni","7":"product_tag-bugin","9":"first","10":"instock","11":"taxable","12":"shipping-taxable","13":"purchasable","14":"product-type-simple"},"_links":{"self":[{"href":"https:\/\/italiansublimefood.com\/de\/wp-json\/wp\/v2\/product\/25882","targetHints":{"allow":["GET"]}}],"collection":[{"href":"https:\/\/italiansublimefood.com\/de\/wp-json\/wp\/v2\/product"}],"about":[{"href":"https:\/\/italiansublimefood.com\/de\/wp-json\/wp\/v2\/types\/product"}],"wp:featuredmedia":[{"embeddable":true,"href":"https:\/\/italiansublimefood.com\/de\/wp-json\/wp\/v2\/media\/25712"}],"wp:attachment":[{"href":"https:\/\/italiansublimefood.com\/de\/wp-json\/wp\/v2\/media?parent=25882"}],"wp:term":[{"taxonomy":"product_brand","embeddable":true,"href":"https:\/\/italiansublimefood.com\/de\/wp-json\/wp\/v2\/product_brand?post=25882"},{"taxonomy":"product_cat","embeddable":true,"href":"https:\/\/italiansublimefood.com\/de\/wp-json\/wp\/v2\/product_cat?post=25882"},{"taxonomy":"product_tag","embeddable":true,"href":"https:\/\/italiansublimefood.com\/de\/wp-json\/wp\/v2\/product_tag?post=25882"}],"curies":[{"name":"wp","href":"https:\/\/api.w.org\/{rel}","templated":true}]}}